{"id":100165,"date":"2021-07-09T09:52:50","date_gmt":"2021-07-09T07:52:50","guid":{"rendered":"https:\/\/www.blunk-gmbh.de\/agrar\/?page_id=100165&#038;preview_id=100165"},"modified":"2025-05-08T20:32:06","modified_gmt":"2025-05-08T18:32:06","slug":"grundfutter-nord-logistik","status":"publish","type":"page","link":"https:\/\/www.blunk-gruppe.de\/agrar\/dienstleistungen\/grundfutter-nord-logistik\/","title":{"rendered":"Grundfutter-Nord"},"content":{"rendered":"<div  class='flex_column av-7zs0uh-fca3a52f4bc545599a8be12d34a0193f av_one_full  avia-builder-el-0  el_before_av_one_half  avia-builder-el-first  first flex_column_div  '     ><p>\n<style type=\"text\/css\" data-created_by=\"avia_inline_auto\" id=\"style-css-av-26hf9fd-7aaf93f0744bdf57125ba711bcaaa42b\">\n#top .av-special-heading.av-26hf9fd-7aaf93f0744bdf57125ba711bcaaa42b{\npadding-bottom:20px;\n}\nbody .av-special-heading.av-26hf9fd-7aaf93f0744bdf57125ba711bcaaa42b .av-special-heading-tag .heading-char{\nfont-size:25px;\n}\n.av-special-heading.av-26hf9fd-7aaf93f0744bdf57125ba711bcaaa42b .av-subheading{\nfont-size:15px;\n}\n<\/style>\n<div  class='av-special-heading av-26hf9fd-7aaf93f0744bdf57125ba711bcaaa42b av-special-heading-h1 blockquote modern-quote modern-right  avia-builder-el-1  el_before_av_image  avia-builder-el-first '><h1 class='av-special-heading-tag '  itemprop=\"headline\"  >Grundfutter-Nord<\/h1><div class=\"special-heading-border\"><div class=\"special-heading-inner-border\"><\/div><\/div><\/div><br \/>\n\n<style type=\"text\/css\" data-created_by=\"avia_inline_auto\" id=\"style-css-av-11y4cjlx-332e4fa73490db4b404bc00c63b04aab\">\n.avia-image-container.av-11y4cjlx-332e4fa73490db4b404bc00c63b04aab img.avia_image{\nbox-shadow:none;\n}\n.avia-image-container.av-11y4cjlx-332e4fa73490db4b404bc00c63b04aab .av-image-caption-overlay-center{\ncolor:#ffffff;\n}\n<\/style>\n<div  class='avia-image-container av-11y4cjlx-332e4fa73490db4b404bc00c63b04aab av-styling- avia-align-center  avia-builder-el-2  el_after_av_heading  el_before_av_hr '   itemprop=\"image\" itemscope=\"itemscope\" itemtype=\"https:\/\/schema.org\/ImageObject\" ><div class=\"avia-image-container-inner\"><div class=\"avia-image-overlay-wrap\"><img decoding=\"async\" fetchpriority=\"high\" class='wp-image-100167 avia-img-lazy-loading-not-100167 avia_image ' src=\"https:\/\/www.blunk-gruppe.de\/agrar\/wp-content\/uploads\/sites\/9\/2021\/07\/Grundfutter-Nord-Logo.jpg\" alt='Grundfutter-Nord Logo' title='Grundfutter-Nord Logo'  height=\"511\" width=\"945\"  itemprop=\"thumbnailUrl\" srcset=\"https:\/\/www.blunk-gruppe.de\/agrar\/wp-content\/uploads\/sites\/9\/2021\/07\/Grundfutter-Nord-Logo.jpg 945w, https:\/\/www.blunk-gruppe.de\/agrar\/wp-content\/uploads\/sites\/9\/2021\/07\/Grundfutter-Nord-Logo-300x162.jpg 300w, https:\/\/www.blunk-gruppe.de\/agrar\/wp-content\/uploads\/sites\/9\/2021\/07\/Grundfutter-Nord-Logo-768x415.jpg 768w, https:\/\/www.blunk-gruppe.de\/agrar\/wp-content\/uploads\/sites\/9\/2021\/07\/Grundfutter-Nord-Logo-705x381.jpg 705w\" sizes=\"(max-width: 945px) 100vw, 945px\" \/><\/div><\/div><\/div><br \/>\n\n<style type=\"text\/css\" data-created_by=\"avia_inline_auto\" id=\"style-css-av-23o5n55-e93ee38350749183e12f5bac36a5c23d\">\n#top .hr.hr-invisible.av-23o5n55-e93ee38350749183e12f5bac36a5c23d{\nheight:30px;\n}\n<\/style>\n<div  class='hr av-23o5n55-e93ee38350749183e12f5bac36a5c23d hr-invisible  avia-builder-el-3  el_after_av_image  el_before_av_textblock '><span class='hr-inner '><span class=\"hr-inner-style\"><\/span><\/span><\/div><br \/>\n<section  class='av_textblock_section av-kqvc92pn-60158622ccc614063bc757791aac6107 '   itemscope=\"itemscope\" itemtype=\"https:\/\/schema.org\/CreativeWork\" ><div class='avia_textblock'  itemprop=\"text\" ><h1>Urspr\u00fcnglich: Initiative von Blunk und RSH<\/h1>\n<p>Die Initiative &#8222;GrundFutter-Nord&#8220; wurde im Sommer 2018 spontan von Blunk und RSH ins Leben gerufen, um nach einer langen D\u00fcrreperiode die rinderhaltenden Betriebe im Land bei der Suche nach Grundfutter zu unterst\u00fctzen.<\/p>\n<\/div><\/section><\/p><\/div>\n\n<style type=\"text\/css\" data-created_by=\"avia_inline_auto\" id=\"style-css-av-suwvbwl-d81f3e95966f8d423d333c955bffb52b\">\n.flex_column.av-suwvbwl-d81f3e95966f8d423d333c955bffb52b{\nborder-radius:0px 0px 0px 0px;\npadding:0px 0px 0px 0px;\n}\n<\/style>\n<div  class='flex_column av-suwvbwl-d81f3e95966f8d423d333c955bffb52b av_one_half  avia-builder-el-5  el_after_av_one_full  el_before_av_one_half  first flex_column_div av-zero-column-padding  column-top-margin'     ><section  class='av_textblock_section av-qa77amd-446dc4709be4a4622c688dd2334b62b8 '   itemscope=\"itemscope\" itemtype=\"https:\/\/schema.org\/CreativeWork\" ><div class='avia_textblock'  itemprop=\"text\" ><h2>Heute: Unterst\u00fctzung beim Transport<\/h2>\n<p>Inzwischen hat sich die Grundfutter-Situation in Schleswig-Holstein entspannt.<br \/>\nHeute steht f\u00fcr die Viehhalter im Land vor allem der effiziente Transport von Grundfutter und Stroh im Vordergrund.<\/p>\n<\/div><\/section><\/div>\n\n<style type=\"text\/css\" data-created_by=\"avia_inline_auto\" id=\"style-css-av-ujxsu4l-684e4f8049d52694cd117476935f90c8\">\n.flex_column.av-ujxsu4l-684e4f8049d52694cd117476935f90c8{\nborder-radius:0px 0px 0px 0px;\npadding:0px 0px 0px 0px;\n}\n<\/style>\n<div  class='flex_column av-ujxsu4l-684e4f8049d52694cd117476935f90c8 av_one_half  avia-builder-el-7  el_after_av_one_half  el_before_av_hr  flex_column_div av-zero-column-padding  column-top-margin'     ><section  class='av_textblock_section av-kqvd06xj-896140d3810ffa8c94e47054962d7c27 '   itemscope=\"itemscope\" itemtype=\"https:\/\/schema.org\/CreativeWork\" ><div class='avia_textblock'  itemprop=\"text\" ><h2>Sprechen Sie uns einfach an!<\/h2>\n<p>Gern unterst\u00fctzen wir Sie beim Transport Ihrer Futtermittel mit unserer Logistik!<\/p>\n<p><strong>Philipp Staritz<\/strong><br \/>\nBlunk Agrar<br \/>\nTelefon (04323) 90 70 55<br \/>\n<a href=\"mailto:p.staritz@blunk-gruppe.de\">p.staritz@blunk-gruppe<\/a><\/p>\n<h3><strong>\u00a0<\/strong><\/h3>\n<\/div><\/section><\/div>\n\n<style type=\"text\/css\" data-created_by=\"avia_inline_auto\" id=\"style-css-av-kne4n9h-78ca55f6953c7e9dde68d2e695366080\">\n#top .hr.hr-invisible.av-kne4n9h-78ca55f6953c7e9dde68d2e695366080{\nheight:5px;\n}\n<\/style>\n<div  class='hr av-kne4n9h-78ca55f6953c7e9dde68d2e695366080 hr-invisible  avia-builder-el-9  el_after_av_one_half  el_before_av_one_half '><span class='hr-inner '><span class=\"hr-inner-style\"><\/span><\/span><\/div>\n\n<style type=\"text\/css\" data-created_by=\"avia_inline_auto\" id=\"style-css-av-yy6ca6d-c6cdb631ab655d05d4b848d938b9265a\">\n.flex_column.av-yy6ca6d-c6cdb631ab655d05d4b848d938b9265a{\nborder-radius:0px 0px 0px 0px;\npadding:0px 0px 0px 0px;\n}\n<\/style>\n<div  class='flex_column av-yy6ca6d-c6cdb631ab655d05d4b848d938b9265a av_one_half  avia-builder-el-10  el_after_av_hr  el_before_av_one_half  first flex_column_div av-zero-column-padding  '     ><style type=\"text\/css\" data-created_by=\"avia_inline_auto\" id=\"style-css-av-kqvd3t70-83949dcf985b084c0b1e369fe7818763\">\n.avia-image-container.av-kqvd3t70-83949dcf985b084c0b1e369fe7818763 img.avia_image{\nbox-shadow:none;\n}\n.avia-image-container.av-kqvd3t70-83949dcf985b084c0b1e369fe7818763 .av-image-caption-overlay-center{\ncolor:#ffffff;\n}\n<\/style>\n<div  class='avia-image-container av-kqvd3t70-83949dcf985b084c0b1e369fe7818763 av-styling- avia-align-center  avia-builder-el-11  avia-builder-el-no-sibling '   itemprop=\"image\" itemscope=\"itemscope\" itemtype=\"https:\/\/schema.org\/ImageObject\" ><div class=\"avia-image-container-inner\"><div class=\"avia-image-overlay-wrap\"><img decoding=\"async\" fetchpriority=\"high\" class='wp-image-100169 avia-img-lazy-loading-not-100169 avia_image ' src=\"https:\/\/www.blunk-gruppe.de\/agrar\/wp-content\/uploads\/sites\/9\/2021\/07\/gf-n-fruechte-collage.jpg\" alt='Futtermittelb\u00f6rse - Feldfr\u00fcchte' title='Futtermittelb\u00f6rse  - Feldfr\u00fcchte'  height=\"270\" width=\"710\"  itemprop=\"thumbnailUrl\" srcset=\"https:\/\/www.blunk-gruppe.de\/agrar\/wp-content\/uploads\/sites\/9\/2021\/07\/gf-n-fruechte-collage.jpg 710w, https:\/\/www.blunk-gruppe.de\/agrar\/wp-content\/uploads\/sites\/9\/2021\/07\/gf-n-fruechte-collage-300x114.jpg 300w, https:\/\/www.blunk-gruppe.de\/agrar\/wp-content\/uploads\/sites\/9\/2021\/07\/gf-n-fruechte-collage-705x268.jpg 705w\" sizes=\"(max-width: 710px) 100vw, 710px\" \/><\/div><\/div><\/div><\/div>\n\n<style type=\"text\/css\" data-created_by=\"avia_inline_auto\" id=\"style-css-av-9oly9s5-92811e01c13777376256cfb3d1dd0108\">\n.flex_column.av-9oly9s5-92811e01c13777376256cfb3d1dd0108{\nborder-radius:0px 0px 0px 0px;\npadding:0px 0px 0px 0px;\n}\n<\/style>\n<div  class='flex_column av-9oly9s5-92811e01c13777376256cfb3d1dd0108 av_one_half  avia-builder-el-12  el_after_av_one_half  el_before_av_hr  flex_column_div av-zero-column-padding  '     ><style type=\"text\/css\" data-created_by=\"avia_inline_auto\" id=\"style-css-av-7ol3i9x-107596f8624aa57059dd1e407adfedb8\">\n.avia-image-container.av-7ol3i9x-107596f8624aa57059dd1e407adfedb8 img.avia_image{\nbox-shadow:none;\n}\n.avia-image-container.av-7ol3i9x-107596f8624aa57059dd1e407adfedb8 .av-image-caption-overlay-center{\ncolor:#ffffff;\n}\n<\/style>\n<div  class='avia-image-container av-7ol3i9x-107596f8624aa57059dd1e407adfedb8 av-styling- avia-align-center  avia-builder-el-13  avia-builder-el-no-sibling '   itemprop=\"image\" itemscope=\"itemscope\" itemtype=\"https:\/\/schema.org\/ImageObject\" ><div class=\"avia-image-container-inner\"><div class=\"avia-image-overlay-wrap\"><img decoding=\"async\" fetchpriority=\"high\" class='wp-image-9742 avia-img-lazy-loading-not-9742 avia_image ' src=\"https:\/\/www.blunk-gruppe.de\/agrar\/wp-content\/uploads\/sites\/9\/2020\/07\/blunk-tankwagen-transport-guelle.jpg\" alt='Blunk: G\u00fclle Transport' title='blunk-tankwagen-transport-guelle'  height=\"270\" width=\"710\"  itemprop=\"thumbnailUrl\" srcset=\"https:\/\/www.blunk-gruppe.de\/agrar\/wp-content\/uploads\/sites\/9\/2020\/07\/blunk-tankwagen-transport-guelle.jpg 710w, https:\/\/www.blunk-gruppe.de\/agrar\/wp-content\/uploads\/sites\/9\/2020\/07\/blunk-tankwagen-transport-guelle-300x114.jpg 300w, https:\/\/www.blunk-gruppe.de\/agrar\/wp-content\/uploads\/sites\/9\/2020\/07\/blunk-tankwagen-transport-guelle-705x268.jpg 705w\" sizes=\"(max-width: 710px) 100vw, 710px\" \/><\/div><\/div><\/div><\/div>\n<div  class='hr av-914iqrp-23274146a040f5919fb4fb97f9006ee5 hr-default  avia-builder-el-14  el_after_av_one_half  el_before_av_textblock '><span class='hr-inner '><span class=\"hr-inner-style\"><\/span><\/span><\/div>\n<section  class='av_textblock_section av-21s22yx-d62270e0e4b42e15f216627e8d4775b4 '   itemscope=\"itemscope\" itemtype=\"https:\/\/schema.org\/CreativeWork\" ><div class='avia_textblock'  itemprop=\"text\" ><h2>Die Idee 2018 zu Grundfutter-Nord f\u00fcr Viehhalter in S-H<\/h2>\n<\/div><\/section>\n\n<style type=\"text\/css\" data-created_by=\"avia_inline_auto\" id=\"style-css-av-207n9eh-54e26206548fd3a2e99d5f2733687573\">\n.flex_column.av-207n9eh-54e26206548fd3a2e99d5f2733687573{\nborder-radius:0px 0px 0px 0px;\npadding:0px 0px 0px 0px;\n}\n<\/style>\n<div  class='flex_column av-207n9eh-54e26206548fd3a2e99d5f2733687573 av_one_half  avia-builder-el-16  el_after_av_textblock  el_before_av_one_half  first flex_column_div av-zero-column-padding  column-top-margin'     ><section  class='av_textblock_section av-1yr5gzt-9707be5759f28757fbf82ae8d4b20158 '   itemscope=\"itemscope\" itemtype=\"https:\/\/schema.org\/CreativeWork\" ><div class='avia_textblock'  itemprop=\"text\" ><h3>Engp\u00e4sse bei Stroh und Grundfutter<\/h3>\n<p>Seit Anfang Mai 2018 hatte es im n\u00f6rdlichsten Bundesland nicht mehr richtig geregnet. Allerorts sah man inzwischen die Auswirkungen: kahle Felder, vertrocknete Fr\u00fcchte, kleine \u00c4hren auf kurzen Halmen, k\u00fcmmerliche Pflanzen.<\/p>\n<p>Die lokal hier und da schon mal niedergehenden Schauer brachten dabei l\u00e4ngst nicht genug Wasser, um der Trockenheit entgegenzuwirken. Selbst der Maissah d\u00fcrftig aus, sodass ebenfalls mit Minderertr\u00e4gen zu rechnen war.<\/p>\n<\/div><\/section><\/div>\n\n<style type=\"text\/css\" data-created_by=\"avia_inline_auto\" id=\"style-css-av-1xf5xmx-8a874e703d65886da3dbb35e7106a771\">\n.flex_column.av-1xf5xmx-8a874e703d65886da3dbb35e7106a771{\nborder-radius:0px 0px 0px 0px;\npadding:0px 0px 0px 0px;\n}\n<\/style>\n<div  class='flex_column av-1xf5xmx-8a874e703d65886da3dbb35e7106a771 av_one_half  avia-builder-el-18  el_after_av_one_half  el_before_av_one_third  flex_column_div av-zero-column-padding  column-top-margin'     ><section  class='av_textblock_section av-1urg2pl-7bd3c5ff340f435901ae962e99dabf82 '   itemscope=\"itemscope\" itemtype=\"https:\/\/schema.org\/CreativeWork\" ><div class='avia_textblock'  itemprop=\"text\" ><h3>Landwirtschaftliche Betriebe f\u00fcrchteten um ihre Rinder<\/h3>\n<p>F\u00fcr das Vieh fand sich schon im Fr\u00fchsommer in einigen Nord-Regionen nicht mehr genug Futter, so dass die Landwirte die Wintervorr\u00e4te anbrechen mussten.<\/p>\n<p>Wie sollte es gelingen, ausreichend Grundfutter zusammenzubekommen, um das Milchvieh \u00fcber den Winter zu bringen? H\u00e4tten Stroh, Heu, Gras- und Maissilage teuer hinzugekauft werden m\u00fcssen? Wer sollte die zus\u00e4tzlichen Kosten tragen?<\/p>\n<p>F\u00fcr einige landwirtschaftliche (Familien-)Betriebe im Land wurde die anhaltende D\u00fcrre sogar schon zur bedrohlichen Existenzfrage.<\/p>\n<\/div><\/section><\/div>\n<div  class='flex_column av-i6zuqv9-f03bef4b866fdd43ce8a65f17ec1d511 av_one_third  avia-builder-el-20  el_after_av_one_half  el_before_av_one_third  first flex_column_div  column-top-margin'     ><section  class='av_textblock_section av-bcano05-613b533e51cbb92fb53206bd36773e4d '   itemscope=\"itemscope\" itemtype=\"https:\/\/schema.org\/CreativeWork\" ><div class='avia_textblock'  itemprop=\"text\" ><h3>Nicht einfach nur zusehen<\/h3>\n<p>F\u00fcr uns, die Teams der Rinderzucht Schleswig-Holstein und\u00a0 Dienstleister Agrar &amp; Umwelt Blunk, war die Not der Kollegen 2018 schwer mitanzusehen.<\/p>\n<p>\u201eK\u00f6nnen wir nicht irgendetwas tun, um die Situation unserer Kunden und Mitglieder zu verbessern?\u201c fragten wir uns Ende Juli jenes trockenen Sommers.<\/p>\n<\/div><\/section><\/div>\n\n<style type=\"text\/css\" data-created_by=\"avia_inline_auto\" id=\"style-css-av-1q0b8l5-0e8d8b5bfc5ad84412eabb663bca71b6\">\n.flex_column.av-1q0b8l5-0e8d8b5bfc5ad84412eabb663bca71b6{\nborder-radius:0px 0px 0px 0px;\npadding:0px 0px 0px 0px;\n}\n<\/style>\n<div  class='flex_column av-1q0b8l5-0e8d8b5bfc5ad84412eabb663bca71b6 av_one_third  avia-builder-el-22  el_after_av_one_third  el_before_av_one_third  flex_column_div av-zero-column-padding  column-top-margin'     ><section  class='av_textblock_section av-1i5xrsp-18febed4b329a08c475b126a69d68220 '   itemscope=\"itemscope\" itemtype=\"https:\/\/schema.org\/CreativeWork\" ><div class='avia_textblock'  itemprop=\"text\" ><h3>Was k\u00f6nnen wir anbieten?<\/h3>\n<p>\u201eDoch\u201c, waren wir uns einig, \u201ewir k\u00f6nnten bei all unseren Mitgliedern und vielen Kunden aktiv anfragen, ob diese noch Vorr\u00e4te an Grundfutter haben, die sie abgeben k\u00f6nnen.<\/p>\n<p>Wenn sich Angebot und Nachfrage zumindest leichter finden w\u00fcrden, dann k\u00f6nnte das vielleicht schon ein wenig helfen.\u201c<\/p>\n<\/div><\/section><\/div>\n\n<style type=\"text\/css\" data-created_by=\"avia_inline_auto\" id=\"style-css-av-6s4z1dx-230f4b2d7198bd99ebc2bcdf00a58787\">\n.flex_column.av-6s4z1dx-230f4b2d7198bd99ebc2bcdf00a58787{\nborder-radius:0px 0px 0px 0px;\npadding:0px 0px 0px 0px;\n}\n<\/style>\n<div  class='flex_column av-6s4z1dx-230f4b2d7198bd99ebc2bcdf00a58787 av_one_third  avia-builder-el-24  el_after_av_one_third  el_before_av_hr  flex_column_div av-zero-column-padding  column-top-margin'     ><section  class='av_textblock_section av-kqvc4wuh-67f18f06ee0eedcd4c2487e270cec489 '   itemscope=\"itemscope\" itemtype=\"https:\/\/schema.org\/CreativeWork\" ><div class='avia_textblock'  itemprop=\"text\" ><h3>Nicht lang schnacken \u2013 machen!<\/h3>\n<p>Das war der Moment, in dem die Idee zur Onlineseite von Grundfutter-Nord entstand.<\/p>\n<p>Ganz pragmatisch machten wir uns an die Umsetzung einer eigenen Grundfutter-Nord Seite.<br \/>\nNoch bis 2020 unterst\u00fctzte diese erfolgreich Anbieter und Suchende von Grundfutter und half, Stroh und Futter direkt dahin zu vermitteln, wo es gebraucht wurde.<\/p>\n<\/div><\/section><\/div>\n\n<style type=\"text\/css\" data-created_by=\"avia_inline_auto\" id=\"style-css-av-2o0svk5-64713684c81521ef6844aaedd2abf731\">\n#top .hr.hr-invisible.av-2o0svk5-64713684c81521ef6844aaedd2abf731{\nheight:5px;\n}\n<\/style>\n<div  class='hr av-2o0svk5-64713684c81521ef6844aaedd2abf731 hr-invisible  avia-builder-el-26  el_after_av_one_third  el_before_av_one_third '><span class='hr-inner '><span class=\"hr-inner-style\"><\/span><\/span><\/div>\n<div  class='flex_column av-jmj1fut-24642dd4f28c02c0b9592ba27ebe837f av_one_third  avia-builder-el-27  el_after_av_hr  el_before_av_one_third  first flex_column_div  '     ><p>\n<style type=\"text\/css\" data-created_by=\"avia_inline_auto\" id=\"style-css-av-mb51sp-4f4eecad9cdde23550bcb7f9df9e565f\">\n#top .hr.hr-invisible.av-mb51sp-4f4eecad9cdde23550bcb7f9df9e565f{\nheight:20px;\n}\n<\/style>\n<div  class='hr av-mb51sp-4f4eecad9cdde23550bcb7f9df9e565f hr-invisible  avia-builder-el-28  el_before_av_image  avia-builder-el-first '><span class='hr-inner '><span class=\"hr-inner-style\"><\/span><\/span><\/div><br \/>\n\n<style type=\"text\/css\" data-created_by=\"avia_inline_auto\" id=\"style-css-av-25eudfd-79c22e4c9caae5a14319a2a397f08627\">\n.avia-image-container.av-25eudfd-79c22e4c9caae5a14319a2a397f08627 img.avia_image{\nbox-shadow:none;\n}\n.avia-image-container.av-25eudfd-79c22e4c9caae5a14319a2a397f08627 .av-image-caption-overlay-center{\ncolor:#ffffff;\n}\n<\/style>\n<div  class='avia-image-container av-25eudfd-79c22e4c9caae5a14319a2a397f08627 av-styling- avia-align-center  avia-builder-el-29  el_after_av_hr  avia-builder-el-last '   itemprop=\"image\" itemscope=\"itemscope\" itemtype=\"https:\/\/schema.org\/ImageObject\" ><div class=\"avia-image-container-inner\"><div class=\"avia-image-overlay-wrap\"><img decoding=\"async\" fetchpriority=\"high\" class='wp-image-100168 avia-img-lazy-loading-not-100168 avia_image ' src=\"https:\/\/www.blunk-gruppe.de\/agrar\/wp-content\/uploads\/sites\/9\/2021\/07\/Logo-RSH.jpg\" alt='Logo RSH' title='Logo RSH'  height=\"82\" width=\"369\"  itemprop=\"thumbnailUrl\" srcset=\"https:\/\/www.blunk-gruppe.de\/agrar\/wp-content\/uploads\/sites\/9\/2021\/07\/Logo-RSH.jpg 369w, https:\/\/www.blunk-gruppe.de\/agrar\/wp-content\/uploads\/sites\/9\/2021\/07\/Logo-RSH-300x67.jpg 300w\" sizes=\"(max-width: 369px) 100vw, 369px\" \/><\/div><\/div><\/div><\/p><\/div>\n<div  class='flex_column av-f4i5q9x-577303e2465ff0b31e2c362913a3a69e av_one_third  avia-builder-el-30  el_after_av_one_third  el_before_av_hr  flex_column_div  '     ><style type=\"text\/css\" data-created_by=\"avia_inline_auto\" id=\"style-css-av-9nc3w79-697e058da4113c0aec61da7cc9d6db04\">\n.avia-image-container.av-9nc3w79-697e058da4113c0aec61da7cc9d6db04 img.avia_image{\nbox-shadow:none;\n}\n.avia-image-container.av-9nc3w79-697e058da4113c0aec61da7cc9d6db04 .av-image-caption-overlay-center{\ncolor:#ffffff;\n}\n<\/style>\n<div  class='avia-image-container av-9nc3w79-697e058da4113c0aec61da7cc9d6db04 av-styling- avia-align-center  avia-builder-el-31  avia-builder-el-no-sibling '   itemprop=\"image\" itemscope=\"itemscope\" itemtype=\"https:\/\/schema.org\/ImageObject\" ><div class=\"avia-image-container-inner\"><div class=\"avia-image-overlay-wrap\"><img decoding=\"async\" fetchpriority=\"high\" class='wp-image-100067 avia-img-lazy-loading-not-100067 avia_image ' src=\"https:\/\/www.blunk-gruppe.de\/agrar\/wp-content\/uploads\/sites\/9\/2021\/03\/Blunk_Dienstleister-Agrar-Umwelt.png\" alt='' title='Blunk_Dienstleister-Agrar-Umwelt'  height=\"163\" width=\"354\"  itemprop=\"thumbnailUrl\" srcset=\"https:\/\/www.blunk-gruppe.de\/agrar\/wp-content\/uploads\/sites\/9\/2021\/03\/Blunk_Dienstleister-Agrar-Umwelt.png 354w, https:\/\/www.blunk-gruppe.de\/agrar\/wp-content\/uploads\/sites\/9\/2021\/03\/Blunk_Dienstleister-Agrar-Umwelt-300x138.png 300w\" sizes=\"(max-width: 354px) 100vw, 354px\" \/><\/div><\/div><\/div><\/div>\n<div  class='hr av-5gbqvid-1276ba56b61c9337bb158db95807051a hr-default  avia-builder-el-32  el_after_av_one_third  el_before_av_heading '><span class='hr-inner '><span class=\"hr-inner-style\"><\/span><\/span><\/div>\n\n<style type=\"text\/css\" data-created_by=\"avia_inline_auto\" id=\"style-css-av-bj5xft-bbcbdc23c9e52cf86c98c51ba1aeec32\">\n#top .av-special-heading.av-bj5xft-bbcbdc23c9e52cf86c98c51ba1aeec32{\npadding-bottom:10px;\n}\nbody .av-special-heading.av-bj5xft-bbcbdc23c9e52cf86c98c51ba1aeec32 .av-special-heading-tag .heading-char{\nfont-size:25px;\n}\n.av-special-heading.av-bj5xft-bbcbdc23c9e52cf86c98c51ba1aeec32 .av-subheading{\nfont-size:15px;\n}\n<\/style>\n<div  class='av-special-heading av-bj5xft-bbcbdc23c9e52cf86c98c51ba1aeec32 av-special-heading-h2  avia-builder-el-33  el_after_av_hr  el_before_av_textblock '><h2 class='av-special-heading-tag '  itemprop=\"headline\"  >Senden Sie uns Ihr Logistik-Anliegen &#8211; wir k\u00fcmmern uns!<\/h2><div class=\"special-heading-border\"><div class=\"special-heading-inner-border\"><\/div><\/div><\/div>\n<section  class='av_textblock_section av-mafpf33a-3bb42672c6ced7e2b959cb3fb7fe98e5 '   itemscope=\"itemscope\" itemtype=\"https:\/\/schema.org\/CreativeWork\" ><div class='avia_textblock'  itemprop=\"text\" >\n<div class=\"wpcf7 no-js\" id=\"wpcf7-f99999-o1\" lang=\"de-DE\" dir=\"ltr\" data-wpcf7-id=\"99999\">\n<div class=\"screen-reader-response\"><p role=\"status\" aria-live=\"polite\" aria-atomic=\"true\"><\/p> <ul><\/ul><\/div>\n<form action=\"\/agrar\/wp-json\/wp\/v2\/pages\/100165#wpcf7-f99999-o1\" method=\"post\" class=\"wpcf7-form init\" aria-label=\"Kontaktformular\" novalidate=\"novalidate\" data-status=\"init\">\n<div style=\"display: none;\">\n<input type=\"hidden\" name=\"_wpcf7\" value=\"99999\" \/>\n<input type=\"hidden\" name=\"_wpcf7_version\" value=\"6.0.6\" \/>\n<input type=\"hidden\" name=\"_wpcf7_locale\" value=\"de_DE\" \/>\n<input type=\"hidden\" name=\"_wpcf7_unit_tag\" value=\"wpcf7-f99999-o1\" \/>\n<input type=\"hidden\" name=\"_wpcf7_container_post\" value=\"0\" \/>\n<input type=\"hidden\" name=\"_wpcf7_posted_data_hash\" value=\"\" \/>\n<\/div>\n<p>Bitte f\u00fcllen Sie mindestens die mit * gekennzeichneten Eingabefelder aus.\n<\/p>\n<div class=\"wps-form\">\n\t<div class=\"wps-form-row\">\n\t\t<div class=\"wps-form-column\">\n\t\t\t<p><label for=\"familyname\">Name* <span class=\"wpcf7-form-control-wrap\" data-name=\"familyname\"><input size=\"40\" maxlength=\"400\" class=\"wpcf7-form-control wpcf7-text wpcf7-validates-as-required\" id=\"familyname\" aria-required=\"true\" aria-invalid=\"false\" value=\"\" type=\"text\" name=\"familyname\" \/><\/span><\/label>\n\t\t\t<\/p>\n\t\t<\/div>\n\t\t<div class=\"wps-form-column\">\n\t\t\t<p><label for=\"email\">E-Mail* <span class=\"wpcf7-form-control-wrap\" data-name=\"email\"><input size=\"40\" maxlength=\"400\" class=\"wpcf7-form-control wpcf7-email wpcf7-validates-as-required wpcf7-text wpcf7-validates-as-email\" id=\"email\" aria-required=\"true\" aria-invalid=\"false\" value=\"\" type=\"email\" name=\"email\" \/><\/span><\/label>\n\t\t\t<\/p>\n\t\t<\/div>\n\t\t<div class=\"wps-form-column\">\n\t\t\t<p><label for=\"telefon\">Telefon <span class=\"wpcf7-form-control-wrap\" data-name=\"telefon\"><input size=\"40\" maxlength=\"400\" class=\"wpcf7-form-control wpcf7-text\" id=\"telefon\" aria-invalid=\"false\" value=\"\" type=\"text\" name=\"telefon\" \/><\/span><\/label>\n\t\t\t<\/p>\n\t\t<\/div>\n\t<\/div>\n\t<div class=\"wps-form-row\">\n\t\t<div class=\"wps-form-column\">\n\t\t\t<p><label for=\"subject\">Betreff* <span class=\"wpcf7-form-control-wrap\" data-name=\"subject\"><input size=\"40\" maxlength=\"400\" class=\"wpcf7-form-control wpcf7-text wpcf7-validates-as-required\" id=\"subject\" aria-required=\"true\" aria-invalid=\"false\" value=\"\" type=\"text\" name=\"subject\" \/><\/span><\/label>\n\t\t\t<\/p>\n\t\t<\/div>\n\t<\/div>\n\t<div class=\"wps-form-row\">\n\t\t<div class=\"wps-form-column\">\n\t\t\t<p><label for=\"message\">Nachricht* <span class=\"wpcf7-form-control-wrap\" data-name=\"message\"><textarea cols=\"40\" rows=\"10\" maxlength=\"2000\" class=\"wpcf7-form-control wpcf7-textarea wpcf7-validates-as-required\" id=\"message\" aria-required=\"true\" aria-invalid=\"false\" name=\"message\"><\/textarea><\/span><\/label>\n\t\t\t<\/p>\n\t\t<\/div>\n\t<\/div>\n\t<p><span class=\"wpcf7-form-control-wrap\" data-name=\"acceptance\"><span class=\"wpcf7-form-control wpcf7-acceptance\"><span class=\"wpcf7-list-item\"><label><input type=\"checkbox\" name=\"acceptance\" value=\"1\" aria-invalid=\"false\" \/><span class=\"wpcf7-list-item-label\"><a href=\"https:\/\/www.blunk-gruppe.de\/allgemeine-geschaeftsbedingungen\/\" target=\"_blank\">AGB<\/a> u. <a href=\"https:\/\/www.blunk-gruppe.de\/datenschutz\/\" target=\"_blank\">Datenschutzbestimmungen<\/a> akzeptieren.<\/span><\/label><\/span><\/span><\/span>\n\t<\/p>\n\t<p><span id=\"wpcf7-69f3d350f0aff-wrapper\" class=\"wpcf7-form-control-wrap phonenumber-wrap\" ><label for=\"wpcf7-69f3d350f0aff-field\" class=\"hp-message\">Bitte lasse dieses Feld leer.<\/label><input id=\"wpcf7-69f3d350f0aff-field\"  class=\"wpcf7-form-control wpcf7-text\" type=\"text\" name=\"phonenumber\" value=\"\" size=\"40\" tabindex=\"-1\" autocomplete=\"new-password\" \/><\/span>\n\t<\/p>\n\t<p><input class=\"wpcf7-form-control wpcf7-submit has-spinner\" type=\"submit\" value=\"Senden\" \/>\n\t<\/p>\n<\/div><div class=\"wpcf7-response-output\" aria-hidden=\"true\"><\/div>\n<\/form>\n<\/div>\n\n<\/div><\/section>","protected":false},"excerpt":{"rendered":"","protected":false},"author":6,"featured_media":0,"parent":8294,"menu_order":0,"comment_status":"closed","ping_status":"closed","template":"","meta":{"_acf_changed":false,"footnotes":""},"class_list":["post-100165","page","type-page","status-publish","hentry"],"acf":[],"_links":{"self":[{"href":"https:\/\/www.blunk-gruppe.de\/agrar\/wp-json\/wp\/v2\/pages\/100165","targetHints":{"allow":["GET"]}}],"collection":[{"href":"https:\/\/www.blunk-gruppe.de\/agrar\/wp-json\/wp\/v2\/pages"}],"about":[{"href":"https:\/\/www.blunk-gruppe.de\/agrar\/wp-json\/wp\/v2\/types\/page"}],"author":[{"embeddable":true,"href":"https:\/\/www.blunk-gruppe.de\/agrar\/wp-json\/wp\/v2\/users\/6"}],"replies":[{"embeddable":true,"href":"https:\/\/www.blunk-gruppe.de\/agrar\/wp-json\/wp\/v2\/comments?post=100165"}],"version-history":[{"count":10,"href":"https:\/\/www.blunk-gruppe.de\/agrar\/wp-json\/wp\/v2\/pages\/100165\/revisions"}],"predecessor-version":[{"id":101954,"href":"https:\/\/www.blunk-gruppe.de\/agrar\/wp-json\/wp\/v2\/pages\/100165\/revisions\/101954"}],"up":[{"embeddable":true,"href":"https:\/\/www.blunk-gruppe.de\/agrar\/wp-json\/wp\/v2\/pages\/8294"}],"wp:attachment":[{"href":"https:\/\/www.blunk-gruppe.de\/agrar\/wp-json\/wp\/v2\/media?parent=100165"}],"curies":[{"name":"wp","href":"https:\/\/api.w.org\/{rel}","templated":true}]}}