{"id":100412,"date":"2022-02-23T23:36:06","date_gmt":"2022-02-23T22:36:06","guid":{"rendered":"https:\/\/www.blunk-gmbh.de\/agrar\/?page_id=100412&#038;preview_id=100412"},"modified":"2025-04-01T14:40:03","modified_gmt":"2025-04-01T12:40:03","slug":"pflanzenschutz-konventionell","status":"publish","type":"page","link":"https:\/\/www.blunk-gruppe.de\/agrar\/dienstleistungen\/pflanzenschutz\/pflanzenschutz-konventionell\/","title":{"rendered":"Pflanzenschutz konventionell"},"content":{"rendered":"<div  class='flex_column av-1t9uzyf-c9a44a665167f9332de0aabf7f118e46 av_one_full  avia-builder-el-0  el_before_av_hr  avia-builder-el-first  first flex_column_div  '     ><p>\n<style type=\"text\/css\" data-created_by=\"avia_inline_auto\" id=\"style-css-av-61m0w7-2acfb43997f97d124ec4d721d2a7b3c5\">\n#top .av-special-heading.av-61m0w7-2acfb43997f97d124ec4d721d2a7b3c5{\npadding-bottom:20px;\n}\nbody .av-special-heading.av-61m0w7-2acfb43997f97d124ec4d721d2a7b3c5 .av-special-heading-tag .heading-char{\nfont-size:25px;\n}\n.av-special-heading.av-61m0w7-2acfb43997f97d124ec4d721d2a7b3c5 .av-subheading{\nfont-size:15px;\n}\n<\/style>\n<div  class='av-special-heading av-61m0w7-2acfb43997f97d124ec4d721d2a7b3c5 av-special-heading-h1 blockquote modern-quote modern-centered  avia-builder-el-1  el_before_av_image  avia-builder-el-first '><h1 class='av-special-heading-tag '  itemprop=\"headline\"  >Pflanzenschutz: Ertr\u00e4ge sichern, Umwelt schonen<\/h1><div class=\"special-heading-border\"><div class=\"special-heading-inner-border\"><\/div><\/div><\/div><br \/>\n\n<style type=\"text\/css\" data-created_by=\"avia_inline_auto\" id=\"style-css-av-11ujvhj-d5cc43f8f171e420250ebb6c7bb1c64d\">\n.avia-image-container.av-11ujvhj-d5cc43f8f171e420250ebb6c7bb1c64d img.avia_image{\nbox-shadow:none;\n}\n.avia-image-container.av-11ujvhj-d5cc43f8f171e420250ebb6c7bb1c64d .av-image-caption-overlay-center{\ncolor:#ffffff;\n}\n<\/style>\n<div  class='avia-image-container av-11ujvhj-d5cc43f8f171e420250ebb6c7bb1c64d av-styling- avia-align-center  avia-builder-el-2  el_after_av_heading  el_before_av_textblock '   itemprop=\"image\" itemscope=\"itemscope\" itemtype=\"https:\/\/schema.org\/ImageObject\" ><div class=\"avia-image-container-inner\"><div class=\"avia-image-overlay-wrap\"><img decoding=\"async\" fetchpriority=\"high\" class='wp-image-100906 avia-img-lazy-loading-not-100906 avia_image ' src=\"https:\/\/www.blunk-gruppe.de\/agrar\/wp-content\/uploads\/sites\/9\/2023\/11\/pflanzenschutz-mit-blunk-konventionell-mit-rogator.jpg\" alt='' title='pflanzenschutz-mit-blunk-konventionell-mit-rogator'  height=\"270\" width=\"710\"  itemprop=\"thumbnailUrl\" srcset=\"https:\/\/www.blunk-gruppe.de\/agrar\/wp-content\/uploads\/sites\/9\/2023\/11\/pflanzenschutz-mit-blunk-konventionell-mit-rogator.jpg 710w, https:\/\/www.blunk-gruppe.de\/agrar\/wp-content\/uploads\/sites\/9\/2023\/11\/pflanzenschutz-mit-blunk-konventionell-mit-rogator-300x114.jpg 300w, https:\/\/www.blunk-gruppe.de\/agrar\/wp-content\/uploads\/sites\/9\/2023\/11\/pflanzenschutz-mit-blunk-konventionell-mit-rogator-705x268.jpg 705w\" sizes=\"(max-width: 710px) 100vw, 710px\" \/><\/div><\/div><\/div><br \/>\n<section  class='av_textblock_section av-1nt7iuf-6277d10ff04e1688dcf6d96be2c36f74 '   itemscope=\"itemscope\" itemtype=\"https:\/\/schema.org\/CreativeWork\" ><div class='avia_textblock'  itemprop=\"text\" ><p>Mit einem geschulten und erfahrenen Team sowie dem Einsatz moderner Technik halten wir die Best\u00e4nde unserer Kunden sauber und gesund.<\/p>\n<p>Das garantiert schonende Befahren von hohen Raps- und Mais-Best\u00e4nden, ein m\u00f6glichst sparsamer Verbrauch von Pflanzenschutzmitteln sowie die l\u00fcckenlose Dokumentation unserer \u00fcberlappungsfreien Ausbringung z\u00e4hlen f\u00fcr unsere Kunden zu den \u00fcberzeugendsten Argumenten f\u00fcr die Zusammenarbeit.<\/p>\n<\/div><\/section><\/p><\/div>\n<div  class='hr av-5vb1lj-9e086ed010c6f620df610089fa1afc96 hr-default  avia-builder-el-4  el_after_av_one_full  el_before_av_one_half '><span class='hr-inner '><span class=\"hr-inner-style\"><\/span><\/span><\/div>\n\n<style type=\"text\/css\" data-created_by=\"avia_inline_auto\" id=\"style-css-av-1iityg7-cbf3c04fb7bd2293cf250a92408d90ae\">\n.flex_column.av-1iityg7-cbf3c04fb7bd2293cf250a92408d90ae{\nborder-radius:0px 0px 0px 0px;\npadding:0px 0px 0px 0px;\n}\n<\/style>\n<div  class='flex_column av-1iityg7-cbf3c04fb7bd2293cf250a92408d90ae av_one_half  avia-builder-el-5  el_after_av_hr  el_before_av_one_half  first flex_column_div av-zero-column-padding  '     ><p>\n<style type=\"text\/css\" data-created_by=\"avia_inline_auto\" id=\"style-css-av-1qgnb47-26e4342de21a25d4ab1c325adfef29f2\">\n.avia-image-container.av-1qgnb47-26e4342de21a25d4ab1c325adfef29f2 img.avia_image{\nbox-shadow:none;\n}\n.avia-image-container.av-1qgnb47-26e4342de21a25d4ab1c325adfef29f2 .av-image-caption-overlay-center{\ncolor:#ffffff;\n}\n<\/style>\n<div  class='avia-image-container av-1qgnb47-26e4342de21a25d4ab1c325adfef29f2 av-styling- avia-align-center  avia-builder-el-6  el_before_av_textblock  avia-builder-el-first '   itemprop=\"image\" itemscope=\"itemscope\" itemtype=\"https:\/\/schema.org\/ImageObject\" ><div class=\"avia-image-container-inner\"><div class=\"avia-image-overlay-wrap\"><img decoding=\"async\" fetchpriority=\"high\" class='wp-image-9728 avia-img-lazy-loading-not-9728 avia_image ' src=\"https:\/\/www.blunk-gruppe.de\/agrar\/wp-content\/uploads\/sites\/9\/2020\/07\/blunk-agrar-pflanzenschutz.jpg\" alt='Blunk Agrar: Pflanzenschutz' title='Blunk Agrar: Pflanzenschutz'  height=\"270\" width=\"710\"  itemprop=\"thumbnailUrl\" srcset=\"https:\/\/www.blunk-gruppe.de\/agrar\/wp-content\/uploads\/sites\/9\/2020\/07\/blunk-agrar-pflanzenschutz.jpg 710w, https:\/\/www.blunk-gruppe.de\/agrar\/wp-content\/uploads\/sites\/9\/2020\/07\/blunk-agrar-pflanzenschutz-300x114.jpg 300w, https:\/\/www.blunk-gruppe.de\/agrar\/wp-content\/uploads\/sites\/9\/2020\/07\/blunk-agrar-pflanzenschutz-705x268.jpg 705w\" sizes=\"(max-width: 710px) 100vw, 710px\" \/><\/div><\/div><\/div><br \/>\n<section  class='av_textblock_section av-191bafb-79393387fec0b7fef44e74a7188d4a01 '   itemscope=\"itemscope\" itemtype=\"https:\/\/schema.org\/CreativeWork\" ><div class='avia_textblock'  itemprop=\"text\" ><h2>Pflanzenschutzmittel m\u00f6glichst sparsam und umweltschonend ausbringen<\/h2>\n<p>\u201eSoviel wie n\u00f6tig und so wenig wie m\u00f6glich\u201c lautet unsere Maxime beim Einsatz von Pflanzenschutzmitteln. Diese Vorgehensweise schont den Geldbeutel und senkt zudem die Belastung f\u00fcr die Umwelt auf ein Minimum!<\/p>\n<h3>Einsatz modernster Technik<\/h3>\n<p>Durch den konsequenten Einsatz modernster Technik k\u00f6nnen wir die Dosierung der n\u00f6tigen Pflanzenschutzmittel sehr pr\u00e4zise und sparsam auf die jeweiligen Gegebenheiten abstimmen, u.a. durch<\/p>\n<ul>\n<li>Distance Control, D-GPS Steuerung,<\/li>\n<li>flegebereifung, Hundegang \/ Parallelfahrsystem,<\/li>\n<li>stufenlosen hydrostatischen Antrieb,<\/li>\n<li>satellitengest\u00fctzte Teilbreitenschaltung,<\/li>\n<li>einen pneumatischen Vario Select Tandemd\u00fcsentr\u00e4ger<\/li>\n<\/ul>\n<\/div><\/section><\/p><\/div>\n<div  class='flex_column av-16ow0uf-a3f6c8f72cba136546851390d4aec1ae av_one_half  avia-builder-el-8  el_after_av_one_half  el_before_av_one_half  flex_column_div  '     ><p>\n<style type=\"text\/css\" data-created_by=\"avia_inline_auto\" id=\"style-css-av-bk32u4c-79e431d9241bb547bd4a203a1c531488\">\n.avia-image-container.av-bk32u4c-79e431d9241bb547bd4a203a1c531488 img.avia_image{\nbox-shadow:none;\n}\n.avia-image-container.av-bk32u4c-79e431d9241bb547bd4a203a1c531488 .av-image-caption-overlay-center{\ncolor:#ffffff;\n}\n<\/style>\n<div  class='avia-image-container av-bk32u4c-79e431d9241bb547bd4a203a1c531488 av-styling- avia-align-left  avia-builder-el-9  el_before_av_textblock  avia-builder-el-first '   itemprop=\"image\" itemscope=\"itemscope\" itemtype=\"https:\/\/schema.org\/ImageObject\" ><div class=\"avia-image-container-inner\"><div class=\"avia-image-overlay-wrap\"><img decoding=\"async\" fetchpriority=\"high\" class='wp-image-100906 avia-img-lazy-loading-not-100906 avia_image ' src=\"https:\/\/www.blunk-gruppe.de\/agrar\/wp-content\/uploads\/sites\/9\/2023\/11\/pflanzenschutz-mit-blunk-konventionell-mit-rogator.jpg\" alt='' title='pflanzenschutz-mit-blunk-konventionell-mit-rogator'  height=\"270\" width=\"710\"  itemprop=\"thumbnailUrl\" srcset=\"https:\/\/www.blunk-gruppe.de\/agrar\/wp-content\/uploads\/sites\/9\/2023\/11\/pflanzenschutz-mit-blunk-konventionell-mit-rogator.jpg 710w, https:\/\/www.blunk-gruppe.de\/agrar\/wp-content\/uploads\/sites\/9\/2023\/11\/pflanzenschutz-mit-blunk-konventionell-mit-rogator-300x114.jpg 300w, https:\/\/www.blunk-gruppe.de\/agrar\/wp-content\/uploads\/sites\/9\/2023\/11\/pflanzenschutz-mit-blunk-konventionell-mit-rogator-705x268.jpg 705w\" sizes=\"(max-width: 710px) 100vw, 710px\" \/><\/div><\/div><\/div><br \/>\n<section  class='av_textblock_section av-ycomhj-060fe8c05a0747d37836b5ed65b50174 '   itemscope=\"itemscope\" itemtype=\"https:\/\/schema.org\/CreativeWork\" ><div class='avia_textblock'  itemprop=\"text\" ><h2>Der feine Unterschied: Bodenfreiheit und Tankvolumen<\/h2>\n<p>Alle eingesetzten Selbstfahrer verf\u00fcgen \u00fcber eine garantiert hohe Bodenfreiheit. Sie eignen sich damit ideal f\u00fcr die Rapsbl\u00fctenbehandlung und f\u00fcr sp\u00e4te Ma\u00dfnahmen im Mais.<\/p>\n<h3>Durchgehende, \u00fcberlappungsfreie Bearbeitung<\/h3>\n<p>Mit einem Tankvolumen von 6000 Litern k\u00f6nnen wir die durchgehende Bearbeitung von mindestens 30 ha garantieren. \u00dcberlappungen in der Bearbeitung k\u00f6nnen wir durch die satellitengest\u00fctzte Teilbreitenschaltung ausschlie\u00dfen.<\/p>\n<\/div><\/section><br \/>\n<section  class='av_textblock_section av-r737w7-226c0d3fb279ff0ab1822991b04ccebe '   itemscope=\"itemscope\" itemtype=\"https:\/\/schema.org\/CreativeWork\" ><div class='avia_textblock'  itemprop=\"text\" ><h2>Mehrn\u00e4hrstoff-D\u00fcnger ausbringen<\/h2>\n<p>Selbstverst\u00e4ndlich bringen wir auf Wunsch f\u00fcr unsere Kunden auch fl\u00fcssige Mehrn\u00e4hrstoff-D\u00fcngemittel (NTS-L\u00f6sungen) aus.<\/p>\n<\/div><\/section><\/p><\/div><div  class='flex_column av-cwt1u9o-60f364e9927a697d82c178b45044ebfa av_one_half  avia-builder-el-12  el_after_av_one_half  el_before_av_one_half  first flex_column_div  column-top-margin'     ><p>\n<style type=\"text\/css\" data-created_by=\"avia_inline_auto\" id=\"style-css-av-1534jqf-ba1466d6630fdce0434cf6064f73967f\">\n.avia-image-container.av-1534jqf-ba1466d6630fdce0434cf6064f73967f img.avia_image{\nbox-shadow:none;\n}\n.avia-image-container.av-1534jqf-ba1466d6630fdce0434cf6064f73967f .av-image-caption-overlay-center{\ncolor:#ffffff;\n}\n<\/style>\n<div  class='avia-image-container av-1534jqf-ba1466d6630fdce0434cf6064f73967f av-styling- avia-align-left  avia-builder-el-13  el_before_av_textblock  avia-builder-el-first '   itemprop=\"image\" itemscope=\"itemscope\" itemtype=\"https:\/\/schema.org\/ImageObject\" ><div class=\"avia-image-container-inner\"><div class=\"avia-image-overlay-wrap\"><img decoding=\"async\" fetchpriority=\"high\" class='wp-image-100955 avia-img-lazy-loading-not-100955 avia_image ' src=\"https:\/\/www.blunk-gruppe.de\/agrar\/wp-content\/uploads\/sites\/9\/2024\/04\/pflanzenschutz-mit-blunk-spritze-fendt-rogator-665-im-bestand.jpg\" alt='' title='pflanzenschutz-mit-blunk-spritze-fendt-rogator-665-im-bestand'  height=\"470\" width=\"710\"  itemprop=\"thumbnailUrl\" srcset=\"https:\/\/www.blunk-gruppe.de\/agrar\/wp-content\/uploads\/sites\/9\/2024\/04\/pflanzenschutz-mit-blunk-spritze-fendt-rogator-665-im-bestand.jpg 710w, https:\/\/www.blunk-gruppe.de\/agrar\/wp-content\/uploads\/sites\/9\/2024\/04\/pflanzenschutz-mit-blunk-spritze-fendt-rogator-665-im-bestand-300x199.jpg 300w, https:\/\/www.blunk-gruppe.de\/agrar\/wp-content\/uploads\/sites\/9\/2024\/04\/pflanzenschutz-mit-blunk-spritze-fendt-rogator-665-im-bestand-705x467.jpg 705w\" sizes=\"(max-width: 710px) 100vw, 710px\" \/><\/div><\/div><\/div><br \/>\n<section  class='av_textblock_section av-l3r9do-a213f1b3e1c1dec3fb25393fcdb1d65c '   itemscope=\"itemscope\" itemtype=\"https:\/\/schema.org\/CreativeWork\" ><div class='avia_textblock'  itemprop=\"text\" ><h2>Pflanzenschutz mit Hochleistungsspritzen &#8211; Top auf einen Blick<\/h2>\n<ul>\n<li>Befahren von hohen Best\u00e4nden<\/li>\n<li>individuelles Applizieren, auch m\u00f6glich mit Fl\u00fcssigd\u00fcngern<\/li>\n<li>geschulte und erfahrene Mitarbeiter<\/li>\n<li>Lieferung und R\u00fccknahme der Pflanzenschutzmittel, deshalb keine Restbest\u00e4nde<\/li>\n<li>fachgerechte Beratung<\/li>\n<li>auf Wunsch Erarbeitung eines geeigneten Ma\u00dfnahmenplans<\/li>\n<li>l\u00fcckenlose EDV-gest\u00fctzte Dokumentation aller Schutzma\u00dfnahmen<\/li>\n<\/ul>\n<\/div><\/section><\/p><\/div><div  class='flex_column av-ocy3cn-b1d3b6d57321a6598685ef139f66d77e av_one_half  avia-builder-el-15  el_after_av_one_half  el_before_av_hr  flex_column_div  column-top-margin'     ><p>\n<style type=\"text\/css\" data-created_by=\"avia_inline_auto\" id=\"style-css-av-8233r-fce861bda05bf869528ded042469173f\">\n.avia-image-container.av-8233r-fce861bda05bf869528ded042469173f img.avia_image{\nbox-shadow:none;\n}\n.avia-image-container.av-8233r-fce861bda05bf869528ded042469173f .av-image-caption-overlay-center{\ncolor:#ffffff;\n}\n<\/style>\n<div  class='avia-image-container av-8233r-fce861bda05bf869528ded042469173f av-styling- av-img-linked avia-align-left  avia-builder-el-16  el_before_av_textblock  avia-builder-el-first '   itemprop=\"image\" itemscope=\"itemscope\" itemtype=\"https:\/\/schema.org\/ImageObject\" ><div class=\"avia-image-container-inner\"><div class=\"avia-image-overlay-wrap\"><a href=\"https:\/\/www.blunk-gruppe.de\/agrar\/telemetrie\/\" class='avia_image '  target=\"_blank\"  rel=\"noopener noreferrer\" aria-label='Blunk Dokumentation -titel'><img decoding=\"async\" fetchpriority=\"high\" class='wp-image-4251 avia-img-lazy-loading-not-4251 avia_image ' src=\"https:\/\/www.blunk-gruppe.de\/agrar\/wp-content\/uploads\/sites\/9\/2015\/02\/blunk-dokumentation-titel2.jpg\" alt='' title='Blunk Dokumentation -titel'  height=\"470\" width=\"710\"  itemprop=\"thumbnailUrl\" srcset=\"https:\/\/www.blunk-gruppe.de\/agrar\/wp-content\/uploads\/sites\/9\/2015\/02\/blunk-dokumentation-titel2.jpg 710w, https:\/\/www.blunk-gruppe.de\/agrar\/wp-content\/uploads\/sites\/9\/2015\/02\/blunk-dokumentation-titel2-300x199.jpg 300w, https:\/\/www.blunk-gruppe.de\/agrar\/wp-content\/uploads\/sites\/9\/2015\/02\/blunk-dokumentation-titel2-705x467.jpg 705w, https:\/\/www.blunk-gruppe.de\/agrar\/wp-content\/uploads\/sites\/9\/2015\/02\/blunk-dokumentation-titel2-450x298.jpg 450w\" sizes=\"(max-width: 710px) 100vw, 710px\" \/><\/a><\/div><\/div><\/div><br \/>\n<section  class='av_textblock_section av-kyt1g0da-aecc76e5205371f24c6aa0682ad13c91 '   itemscope=\"itemscope\" itemtype=\"https:\/\/schema.org\/CreativeWork\" ><div class='avia_textblock'  itemprop=\"text\" ><h2>Telemetrische Dokumentation als kostenloser Service<\/h2>\n<ul>\n<li>Dokumentation aller ausgef\u00fchrten Arbeitsschritte<\/li>\n<li>Nachweis zur Einhaltung aller Cross Compliance Auflagen (Humusbilanz)<\/li>\n<\/ul>\n<p><a title=\"Dokumentation \/ Telemetrie\" href=\"https:\/\/www.blunk-gruppe.de\/agrar\/telemetrie\/\">Details<span class=\"more-link-arrow\"> \u2192<\/span><\/a><\/p>\n<\/div><\/section><\/p><\/div><\/p>\n<div  class='hr av-32s03r-acaaf35ba8b105c268e15ab1dfc9663e hr-default  avia-builder-el-18  el_after_av_one_half  el_before_av_heading '><span class='hr-inner '><span class=\"hr-inner-style\"><\/span><\/span><\/div>\n\n<style type=\"text\/css\" data-created_by=\"avia_inline_auto\" id=\"style-css-av-2l42l3-033e2c1f62f0008aafb7d2d8bc63bb0a\">\n#top .av-special-heading.av-2l42l3-033e2c1f62f0008aafb7d2d8bc63bb0a{\npadding-bottom:10px;\n}\nbody .av-special-heading.av-2l42l3-033e2c1f62f0008aafb7d2d8bc63bb0a .av-special-heading-tag .heading-char{\nfont-size:25px;\n}\n.av-special-heading.av-2l42l3-033e2c1f62f0008aafb7d2d8bc63bb0a .av-subheading{\nfont-size:15px;\n}\n<\/style>\n<div  class='av-special-heading av-2l42l3-033e2c1f62f0008aafb7d2d8bc63bb0a av-special-heading-h2  avia-builder-el-19  el_after_av_hr  el_before_av_hr '><h2 class='av-special-heading-tag '  itemprop=\"headline\"  >Ihre Nachricht an unsere Experten f\u00fcr Pflanzenschutz <\/h2><div class=\"special-heading-border\"><div class=\"special-heading-inner-border\"><\/div><\/div><\/div>\n\n<style type=\"text\/css\" data-created_by=\"avia_inline_auto\" id=\"style-css-av-kl713k4o-24156ef2d0961cd6c7b2cbd296a9ce31\">\n#top .hr.hr-invisible.av-kl713k4o-24156ef2d0961cd6c7b2cbd296a9ce31{\nheight:20px;\n}\n<\/style>\n<div  class='hr av-kl713k4o-24156ef2d0961cd6c7b2cbd296a9ce31 hr-invisible  avia-builder-el-20  el_after_av_heading  el_before_av_textblock '><span class='hr-inner '><span class=\"hr-inner-style\"><\/span><\/span><\/div>\n<section  class='av_textblock_section av-kl713cke-06bd54fb1a487d010e5353404fe3d94d '   itemscope=\"itemscope\" itemtype=\"https:\/\/schema.org\/CreativeWork\" ><div class='avia_textblock'  itemprop=\"text\" >\n<div class=\"wpcf7 no-js\" id=\"wpcf7-f99999-o1\" lang=\"de-DE\" dir=\"ltr\" data-wpcf7-id=\"99999\">\n<div class=\"screen-reader-response\"><p role=\"status\" aria-live=\"polite\" aria-atomic=\"true\"><\/p> <ul><\/ul><\/div>\n<form action=\"\/agrar\/wp-json\/wp\/v2\/pages\/100412#wpcf7-f99999-o1\" method=\"post\" class=\"wpcf7-form init\" aria-label=\"Kontaktformular\" novalidate=\"novalidate\" data-status=\"init\">\n<div style=\"display: none;\">\n<input type=\"hidden\" name=\"_wpcf7\" value=\"99999\" \/>\n<input type=\"hidden\" name=\"_wpcf7_version\" value=\"6.0.6\" \/>\n<input type=\"hidden\" name=\"_wpcf7_locale\" value=\"de_DE\" \/>\n<input type=\"hidden\" name=\"_wpcf7_unit_tag\" value=\"wpcf7-f99999-o1\" \/>\n<input type=\"hidden\" name=\"_wpcf7_container_post\" value=\"0\" \/>\n<input type=\"hidden\" name=\"_wpcf7_posted_data_hash\" value=\"\" \/>\n<\/div>\n<p>Bitte f\u00fcllen Sie mindestens die mit * gekennzeichneten Eingabefelder aus.\n<\/p>\n<div class=\"wps-form\">\n\t<div class=\"wps-form-row\">\n\t\t<div class=\"wps-form-column\">\n\t\t\t<p><label for=\"familyname\">Name* <span class=\"wpcf7-form-control-wrap\" data-name=\"familyname\"><input size=\"40\" maxlength=\"400\" class=\"wpcf7-form-control wpcf7-text wpcf7-validates-as-required\" id=\"familyname\" aria-required=\"true\" aria-invalid=\"false\" value=\"\" type=\"text\" name=\"familyname\" \/><\/span><\/label>\n\t\t\t<\/p>\n\t\t<\/div>\n\t\t<div class=\"wps-form-column\">\n\t\t\t<p><label for=\"email\">E-Mail* <span class=\"wpcf7-form-control-wrap\" data-name=\"email\"><input size=\"40\" maxlength=\"400\" class=\"wpcf7-form-control wpcf7-email wpcf7-validates-as-required wpcf7-text wpcf7-validates-as-email\" id=\"email\" aria-required=\"true\" aria-invalid=\"false\" value=\"\" type=\"email\" name=\"email\" \/><\/span><\/label>\n\t\t\t<\/p>\n\t\t<\/div>\n\t\t<div class=\"wps-form-column\">\n\t\t\t<p><label for=\"telefon\">Telefon <span class=\"wpcf7-form-control-wrap\" data-name=\"telefon\"><input size=\"40\" maxlength=\"400\" class=\"wpcf7-form-control wpcf7-text\" id=\"telefon\" aria-invalid=\"false\" value=\"\" type=\"text\" name=\"telefon\" \/><\/span><\/label>\n\t\t\t<\/p>\n\t\t<\/div>\n\t<\/div>\n\t<div class=\"wps-form-row\">\n\t\t<div class=\"wps-form-column\">\n\t\t\t<p><label for=\"subject\">Betreff* <span class=\"wpcf7-form-control-wrap\" data-name=\"subject\"><input size=\"40\" maxlength=\"400\" class=\"wpcf7-form-control wpcf7-text wpcf7-validates-as-required\" id=\"subject\" aria-required=\"true\" aria-invalid=\"false\" value=\"\" type=\"text\" name=\"subject\" \/><\/span><\/label>\n\t\t\t<\/p>\n\t\t<\/div>\n\t<\/div>\n\t<div class=\"wps-form-row\">\n\t\t<div class=\"wps-form-column\">\n\t\t\t<p><label for=\"message\">Nachricht* <span class=\"wpcf7-form-control-wrap\" data-name=\"message\"><textarea cols=\"40\" rows=\"10\" maxlength=\"2000\" class=\"wpcf7-form-control wpcf7-textarea wpcf7-validates-as-required\" id=\"message\" aria-required=\"true\" aria-invalid=\"false\" name=\"message\"><\/textarea><\/span><\/label>\n\t\t\t<\/p>\n\t\t<\/div>\n\t<\/div>\n\t<p><span class=\"wpcf7-form-control-wrap\" data-name=\"acceptance\"><span class=\"wpcf7-form-control wpcf7-acceptance\"><span class=\"wpcf7-list-item\"><label><input type=\"checkbox\" name=\"acceptance\" value=\"1\" aria-invalid=\"false\" \/><span class=\"wpcf7-list-item-label\"><a href=\"https:\/\/www.blunk-gruppe.de\/allgemeine-geschaeftsbedingungen\/\" target=\"_blank\">AGB<\/a> u. <a href=\"https:\/\/www.blunk-gruppe.de\/datenschutz\/\" target=\"_blank\">Datenschutzbestimmungen<\/a> akzeptieren.<\/span><\/label><\/span><\/span><\/span>\n\t<\/p>\n\t<p><span id=\"wpcf7-69fa016ca3231-wrapper\" class=\"wpcf7-form-control-wrap phonenumber-wrap\" ><label for=\"wpcf7-69fa016ca3231-field\" class=\"hp-message\">Bitte lasse dieses Feld leer.<\/label><input id=\"wpcf7-69fa016ca3231-field\"  class=\"wpcf7-form-control wpcf7-text\" type=\"text\" name=\"phonenumber\" value=\"\" size=\"40\" tabindex=\"-1\" autocomplete=\"new-password\" \/><\/span>\n\t<\/p>\n\t<p><input class=\"wpcf7-form-control wpcf7-submit has-spinner\" type=\"submit\" value=\"Senden\" \/>\n\t<\/p>\n<\/div><div class=\"wpcf7-response-output\" aria-hidden=\"true\"><\/div>\n<\/form>\n<\/div>\n\n<\/div><\/section>","protected":false},"excerpt":{"rendered":"","protected":false},"author":6,"featured_media":0,"parent":4263,"menu_order":0,"comment_status":"closed","ping_status":"closed","template":"","meta":{"_acf_changed":false,"footnotes":""},"class_list":["post-100412","page","type-page","status-publish","hentry"],"acf":[],"_links":{"self":[{"href":"https:\/\/www.blunk-gruppe.de\/agrar\/wp-json\/wp\/v2\/pages\/100412","targetHints":{"allow":["GET"]}}],"collection":[{"href":"https:\/\/www.blunk-gruppe.de\/agrar\/wp-json\/wp\/v2\/pages"}],"about":[{"href":"https:\/\/www.blunk-gruppe.de\/agrar\/wp-json\/wp\/v2\/types\/page"}],"author":[{"embeddable":true,"href":"https:\/\/www.blunk-gruppe.de\/agrar\/wp-json\/wp\/v2\/users\/6"}],"replies":[{"embeddable":true,"href":"https:\/\/www.blunk-gruppe.de\/agrar\/wp-json\/wp\/v2\/comments?post=100412"}],"version-history":[{"count":10,"href":"https:\/\/www.blunk-gruppe.de\/agrar\/wp-json\/wp\/v2\/pages\/100412\/revisions"}],"predecessor-version":[{"id":101107,"href":"https:\/\/www.blunk-gruppe.de\/agrar\/wp-json\/wp\/v2\/pages\/100412\/revisions\/101107"}],"up":[{"embeddable":true,"href":"https:\/\/www.blunk-gruppe.de\/agrar\/wp-json\/wp\/v2\/pages\/4263"}],"wp:attachment":[{"href":"https:\/\/www.blunk-gruppe.de\/agrar\/wp-json\/wp\/v2\/media?parent=100412"}],"curies":[{"name":"wp","href":"https:\/\/api.w.org\/{rel}","templated":true}]}}