{"id":3920,"date":"2015-02-19T06:00:37","date_gmt":"2015-02-19T05:00:37","guid":{"rendered":"https:\/\/www.blunk-gmbh.de\/landwirtschaft-bioenergie\/?page_id=3920"},"modified":"2026-01-17T14:37:45","modified_gmt":"2026-01-17T13:37:45","slug":"guelle-ruehren","status":"publish","type":"page","link":"https:\/\/www.blunk-gruppe.de\/agrar\/dienstleistungen\/guelle-und-gaersubstrat\/guelle-ruehren\/","title":{"rendered":"r\u00fchren"},"content":{"rendered":"<div  class='flex_column av-15zzo28-6f2552feb35bc0b67d94e4f291ec6365 av_one_full  avia-builder-el-0  el_before_av_hr  avia-builder-el-first  first flex_column_div  '     ><p>\n<style type=\"text\/css\" data-created_by=\"avia_inline_auto\" id=\"style-css-av-158wvgw-cb2fe1c79db8a65ca07d2c15f5d20802\">\n#top .av-special-heading.av-158wvgw-cb2fe1c79db8a65ca07d2c15f5d20802{\npadding-bottom:20px;\n}\nbody .av-special-heading.av-158wvgw-cb2fe1c79db8a65ca07d2c15f5d20802 .av-special-heading-tag .heading-char{\nfont-size:25px;\n}\n.av-special-heading.av-158wvgw-cb2fe1c79db8a65ca07d2c15f5d20802 .av-subheading{\nfont-size:15px;\n}\n<\/style>\n<div  class='av-special-heading av-158wvgw-cb2fe1c79db8a65ca07d2c15f5d20802 av-special-heading-h1 blockquote modern-quote modern-centered  avia-builder-el-1  el_before_av_image  avia-builder-el-first '><h1 class='av-special-heading-tag '  itemprop=\"headline\"  >G\u00fclle \/ G\u00e4rsubstrat r\u00fchren <span class='special_amp'>&amp;<\/span> homogenisieren<\/h1><div class=\"special-heading-border\"><div class=\"special-heading-inner-border\"><\/div><\/div><\/div><br \/>\n\n<style type=\"text\/css\" data-created_by=\"avia_inline_auto\" id=\"style-css-av-13c0dmo-05fb237088cef7514666a6723fb08431\">\n.avia-image-container.av-13c0dmo-05fb237088cef7514666a6723fb08431 img.avia_image{\nbox-shadow:none;\n}\n.avia-image-container.av-13c0dmo-05fb237088cef7514666a6723fb08431 .av-image-caption-overlay-center{\ncolor:#ffffff;\n}\n<\/style>\n<div  class='avia-image-container av-13c0dmo-05fb237088cef7514666a6723fb08431 av-styling- avia-align-center  avia-builder-el-2  el_after_av_heading  el_before_av_textblock '   itemprop=\"image\" itemscope=\"itemscope\" itemtype=\"https:\/\/schema.org\/ImageObject\" ><div class=\"avia-image-container-inner\"><div class=\"avia-image-overlay-wrap\"><img decoding=\"async\" fetchpriority=\"high\" class='wp-image-3997 avia-img-lazy-loading-not-3997 avia_image ' src=\"https:\/\/www.blunk-gruppe.de\/agrar\/wp-content\/uploads\/sites\/9\/2015\/02\/blunk-guelle-ruehren-titel.jpg\" alt='' title='Blunk G\u00fclle r\u00fchren -titel'  height=\"270\" width=\"710\"  itemprop=\"thumbnailUrl\" srcset=\"https:\/\/www.blunk-gruppe.de\/agrar\/wp-content\/uploads\/sites\/9\/2015\/02\/blunk-guelle-ruehren-titel.jpg 710w, https:\/\/www.blunk-gruppe.de\/agrar\/wp-content\/uploads\/sites\/9\/2015\/02\/blunk-guelle-ruehren-titel-300x114.jpg 300w, https:\/\/www.blunk-gruppe.de\/agrar\/wp-content\/uploads\/sites\/9\/2015\/02\/blunk-guelle-ruehren-titel-705x268.jpg 705w, https:\/\/www.blunk-gruppe.de\/agrar\/wp-content\/uploads\/sites\/9\/2015\/02\/blunk-guelle-ruehren-titel-450x171.jpg 450w\" sizes=\"(max-width: 710px) 100vw, 710px\" \/><\/div><\/div><\/div><br \/>\n<section  class='av_textblock_section av-111lk2o-c33a64d2455b1482c2aa1c6fc61ab23c '   itemscope=\"itemscope\" itemtype=\"https:\/\/schema.org\/CreativeWork\" ><div class='avia_textblock'  itemprop=\"text\" ><p class=\"western\">Ob Schwimmschicht, Schwimmdecke oder Sinkschicht, ob in Riesen-G\u00fcllebeh\u00e4ltern, Folienlagunen oder Kl\u00e4rteichen: Wir r\u00fchren mit unserem mobilen Blunk-Spezialr\u00fchrer im Nu alles (G\u00fclle, G\u00e4rsubstrat, Kl\u00e4rschlamm) zu einer fl\u00fcssigen, homogenen Masse auf.<\/p>\n<\/div><\/section><\/p><\/div>\n<div  class='hr av-zjwh0w-e120562adacfbb4525ef96fe21ce1e52 hr-default  avia-builder-el-4  el_after_av_one_full  el_before_av_one_half '><span class='hr-inner '><span class=\"hr-inner-style\"><\/span><\/span><\/div>\n<div  class='flex_column av-yes29s-c12e05d3f5836af4f5809d113662113e av_one_half  avia-builder-el-5  el_after_av_hr  el_before_av_one_half  first flex_column_div  '     ><p>\n<style type=\"text\/css\" data-created_by=\"avia_inline_auto\" id=\"style-css-av-wc0vk0-72788ecfc9b5fedaf09d305f33c84d21\">\n.avia-image-container.av-wc0vk0-72788ecfc9b5fedaf09d305f33c84d21 img.avia_image{\nbox-shadow:none;\n}\n.avia-image-container.av-wc0vk0-72788ecfc9b5fedaf09d305f33c84d21 .av-image-caption-overlay-center{\ncolor:#ffffff;\n}\n<\/style>\n<div  class='avia-image-container av-wc0vk0-72788ecfc9b5fedaf09d305f33c84d21 av-styling- avia-align-left  avia-builder-el-6  el_before_av_hr  avia-builder-el-first '   itemprop=\"image\" itemscope=\"itemscope\" itemtype=\"https:\/\/schema.org\/ImageObject\" ><div class=\"avia-image-container-inner\"><div class=\"avia-image-overlay-wrap\"><img decoding=\"async\" fetchpriority=\"high\" class='wp-image-4145 avia-img-lazy-loading-not-4145 avia_image ' src=\"https:\/\/www.blunk-gruppe.de\/agrar\/wp-content\/uploads\/sites\/9\/2015\/02\/blunk-guelle-ruehren-2-300x199.jpg\" alt='' title='Blunk G\u00fclle r\u00fchren -2'  height=\"199\" width=\"300\"  itemprop=\"thumbnailUrl\" srcset=\"https:\/\/www.blunk-gruppe.de\/agrar\/wp-content\/uploads\/sites\/9\/2015\/02\/blunk-guelle-ruehren-2-300x199.jpg 300w, https:\/\/www.blunk-gruppe.de\/agrar\/wp-content\/uploads\/sites\/9\/2015\/02\/blunk-guelle-ruehren-2-705x467.jpg 705w, https:\/\/www.blunk-gruppe.de\/agrar\/wp-content\/uploads\/sites\/9\/2015\/02\/blunk-guelle-ruehren-2-450x298.jpg 450w, https:\/\/www.blunk-gruppe.de\/agrar\/wp-content\/uploads\/sites\/9\/2015\/02\/blunk-guelle-ruehren-2.jpg 710w\" sizes=\"(max-width: 300px) 100vw, 300px\" \/><\/div><\/div><\/div><br \/>\n\n<style type=\"text\/css\" data-created_by=\"avia_inline_auto\" id=\"style-css-av-6a2l4w-691feb5fb3f9e18b740908af736c485e\">\n#top .hr.hr-invisible.av-6a2l4w-691feb5fb3f9e18b740908af736c485e{\nheight:15px;\n}\n<\/style>\n<div  class='hr av-6a2l4w-691feb5fb3f9e18b740908af736c485e hr-invisible  avia-builder-el-7  el_after_av_image  el_before_av_textblock '><span class='hr-inner '><span class=\"hr-inner-style\"><\/span><\/span><\/div><br \/>\n<section  class='av_textblock_section av-qfy25s-f93981eb44d16857d8c3b8118b4f92e0 '   itemscope=\"itemscope\" itemtype=\"https:\/\/schema.org\/CreativeWork\" ><div class='avia_textblock'  itemprop=\"text\" ><h2 class=\"western\">Extra-langer 38-Meter-Ausleger f\u00fcr Riesenbeh\u00e4lter<\/h2>\n<p>Unser extra f\u00fcr das Aufr\u00fchren von G\u00fclle und Substrat entwickelter Spezialr\u00fchrer bew\u00e4hrt sich vor allem bei gro\u00dfen Beh\u00e4ltern. Der 38-Meter-Auslegearm reicht aber nicht nur weit in gro\u00dfe Beh\u00e4lter hinein &#8211; auch schwer zug\u00e4ngliche Beh\u00e4lter k\u00f6nnen angesteuert werden. Dazu nutzt unser erfahrener Maschinenf\u00fchrer eine Fernsteuerung, die den Arm bewegt und die Bewegungen des R\u00fchrers im Beh\u00e4lter steuert.<\/p>\n<h3>Die Fakten auf einen Blick<\/h3>\n<ul>\n<li>Mobiler Spezialr\u00fchrer f\u00fcr G\u00fclle und Substrat<\/li>\n<li>mit sehr guter, sicherer Standfestigkeit<\/li>\n<li>auch bei schwer zug\u00e4nglichen Beh\u00e4ltern<\/li>\n<li>Beh\u00e4lterh\u00f6he: bis zu 15 m<\/li>\n<li>Beh\u00e4lterdurchmesser: bis zu 45 m<\/li>\n<li>Auslegearm des R\u00fchrers: 38 m<\/li>\n<li>Steuerung des Arms und der R\u00fchrbewegung per Fernbedienung<\/li>\n<\/ul>\n<\/div><\/section><\/p><\/div>\n<style type=\"text\/css\" data-created_by=\"avia_inline_auto\" id=\"style-css-av-uxtlts-b49ef3b572a08e74391f8354e4441dd9\">\n.flex_column.av-uxtlts-b49ef3b572a08e74391f8354e4441dd9{\nborder-radius:0px 0px 0px 0px;\npadding:0px 0px 0px 0px;\n}\n<\/style>\n<div  class='flex_column av-uxtlts-b49ef3b572a08e74391f8354e4441dd9 av_one_half  avia-builder-el-9  el_after_av_one_half  el_before_av_hr  flex_column_div av-zero-column-padding  '     ><p>\n<style type=\"text\/css\" data-created_by=\"avia_inline_auto\" id=\"style-css-av-t9qyw0-ac21e16f6ca2ab3ff96cf483697ba825\">\n.avia-image-container.av-t9qyw0-ac21e16f6ca2ab3ff96cf483697ba825 img.avia_image{\nbox-shadow:none;\n}\n.avia-image-container.av-t9qyw0-ac21e16f6ca2ab3ff96cf483697ba825 .av-image-caption-overlay-center{\ncolor:#ffffff;\n}\n<\/style>\n<div  class='avia-image-container av-t9qyw0-ac21e16f6ca2ab3ff96cf483697ba825 av-styling- avia-align-left  avia-builder-el-10  el_before_av_hr  avia-builder-el-first '   itemprop=\"image\" itemscope=\"itemscope\" itemtype=\"https:\/\/schema.org\/ImageObject\" ><div class=\"avia-image-container-inner\"><div class=\"avia-image-overlay-wrap\"><img decoding=\"async\" fetchpriority=\"high\" class='wp-image-4144 avia-img-lazy-loading-not-4144 avia_image ' src=\"https:\/\/www.blunk-gruppe.de\/agrar\/wp-content\/uploads\/sites\/9\/2015\/02\/blunk-guelle-ruehren-1-300x199.jpg\" alt='' title='Blunk G\u00fclle r\u00fchren -1'  height=\"199\" width=\"300\"  itemprop=\"thumbnailUrl\" srcset=\"https:\/\/www.blunk-gruppe.de\/agrar\/wp-content\/uploads\/sites\/9\/2015\/02\/blunk-guelle-ruehren-1-300x199.jpg 300w, https:\/\/www.blunk-gruppe.de\/agrar\/wp-content\/uploads\/sites\/9\/2015\/02\/blunk-guelle-ruehren-1-705x467.jpg 705w, https:\/\/www.blunk-gruppe.de\/agrar\/wp-content\/uploads\/sites\/9\/2015\/02\/blunk-guelle-ruehren-1-450x298.jpg 450w, https:\/\/www.blunk-gruppe.de\/agrar\/wp-content\/uploads\/sites\/9\/2015\/02\/blunk-guelle-ruehren-1.jpg 710w\" sizes=\"(max-width: 300px) 100vw, 300px\" \/><\/div><\/div><\/div><br \/>\n\n<style type=\"text\/css\" data-created_by=\"avia_inline_auto\" id=\"style-css-av-ld3nbyxt-4dafcbd7e5d6c55123dc43bf6c87d856\">\n#top .hr.hr-invisible.av-ld3nbyxt-4dafcbd7e5d6c55123dc43bf6c87d856{\nheight:15px;\n}\n<\/style>\n<div  class='hr av-ld3nbyxt-4dafcbd7e5d6c55123dc43bf6c87d856 hr-invisible  avia-builder-el-11  el_after_av_image  el_before_av_textblock '><span class='hr-inner '><span class=\"hr-inner-style\"><\/span><\/span><\/div><br \/>\n<section  class='av_textblock_section av-looia8-2ddbd707aa0f900664623cc59e5bba85 '   itemscope=\"itemscope\" itemtype=\"https:\/\/schema.org\/CreativeWork\" ><div class='avia_textblock'  itemprop=\"text\" ><h2 class=\"western\">R\u00fchren nach dem Mixer-Prinzip<\/h2>\n<p>Unser G\u00fclle-R\u00fchrer funktioniert nach dem Prinzip eines \u00fcbergro\u00dfen Mixers. Der R\u00fchrkopf in Form einer Riesen-Schiffsschraube r\u00fchrt feste Schwimmschichten gr\u00fcndlich auf. Durch die L\u00e4nge des R\u00fchrarms k\u00f6nnen wir mit unserem Spezialr\u00fchrer auch in gr\u00f6\u00dferer Tiefe arbeiten. Auch hier werden die verfestigten Schichten durch das Aufr\u00fchren zu einer gleichm\u00e4\u00dfig homogenen Masse.<\/p>\n<h3>Die Fakten auf einen Blick<\/h3>\n<ul>\n<li>schnelles, intensives R\u00fchren<\/li>\n<li>R\u00fchren mit kraftvollem Vor- und R\u00fccklauf<\/li>\n<li>Hochleistungs-R\u00fchrschraube mit 67 cm Durchmesser<\/li>\n<li>durch Schutzring auch f\u00fcr Folienlagunen und Kl\u00e4rteiche geeignet (ohne Besch\u00e4digung der Folie)<\/li>\n<\/ul>\n<\/div><\/section><\/p><\/div><\/p>\n<div  class='hr av-kf47cw-f885525056f60127d221a38c657ed765 hr-default  avia-builder-el-13  el_after_av_one_half  el_before_av_one_half '><span class='hr-inner '><span class=\"hr-inner-style\"><\/span><\/span><\/div>\n<div  class='flex_column av-1vg2fk-b1b2fc1a655e8c791afedaca80e7a480 av_one_half  avia-builder-el-14  el_after_av_hr  el_before_av_one_half  first flex_column_div  '     ><p>\n<style type=\"text\/css\" data-created_by=\"avia_inline_auto\" id=\"style-css-av-ld3namtc-93cc7b640f7c406a2b77911d46321b47\">\n.avia-image-container.av-ld3namtc-93cc7b640f7c406a2b77911d46321b47 img.avia_image{\nbox-shadow:none;\n}\n.avia-image-container.av-ld3namtc-93cc7b640f7c406a2b77911d46321b47 .av-image-caption-overlay-center{\ncolor:#ffffff;\n}\n<\/style>\n<div  class='avia-image-container av-ld3namtc-93cc7b640f7c406a2b77911d46321b47 av-styling- avia-align-left  avia-builder-el-15  el_before_av_hr  avia-builder-el-first '   itemprop=\"image\" itemscope=\"itemscope\" itemtype=\"https:\/\/schema.org\/ImageObject\" ><div class=\"avia-image-container-inner\"><div class=\"avia-image-overlay-wrap\"><img decoding=\"async\" fetchpriority=\"high\" class='wp-image-100677 avia-img-lazy-loading-not-100677 avia_image ' src=\"https:\/\/www.blunk-gruppe.de\/agrar\/wp-content\/uploads\/sites\/9\/2023\/01\/auch-in-lagungen-guelle-und-verkrustungen-aufruehren-mit-blunk.jpg\" alt='' title='auch-in-lagungen-guelle-und-verkrustungen-aufruehren-mit-blunk'  height=\"470\" width=\"710\"  itemprop=\"thumbnailUrl\" srcset=\"https:\/\/www.blunk-gruppe.de\/agrar\/wp-content\/uploads\/sites\/9\/2023\/01\/auch-in-lagungen-guelle-und-verkrustungen-aufruehren-mit-blunk.jpg 710w, https:\/\/www.blunk-gruppe.de\/agrar\/wp-content\/uploads\/sites\/9\/2023\/01\/auch-in-lagungen-guelle-und-verkrustungen-aufruehren-mit-blunk-300x199.jpg 300w, https:\/\/www.blunk-gruppe.de\/agrar\/wp-content\/uploads\/sites\/9\/2023\/01\/auch-in-lagungen-guelle-und-verkrustungen-aufruehren-mit-blunk-705x467.jpg 705w\" sizes=\"(max-width: 710px) 100vw, 710px\" \/><\/div><\/div><\/div><br \/>\n\n<style type=\"text\/css\" data-created_by=\"avia_inline_auto\" id=\"style-css-av-4kbak0-b713543817497af426e479dcf9f9fb73\">\n#top .hr.hr-invisible.av-4kbak0-b713543817497af426e479dcf9f9fb73{\nheight:15px;\n}\n<\/style>\n<div  class='hr av-4kbak0-b713543817497af426e479dcf9f9fb73 hr-invisible  avia-builder-el-16  el_after_av_image  el_before_av_textblock '><span class='hr-inner '><span class=\"hr-inner-style\"><\/span><\/span><\/div><br \/>\n<section  class='av_textblock_section av-hrw4v4-fc673396e39e32542190a8202aa54146 '   itemscope=\"itemscope\" itemtype=\"https:\/\/schema.org\/CreativeWork\" ><div class='avia_textblock'  itemprop=\"text\" ><h2>Einsatzorte des mobilen G\u00fcller\u00fchrers<\/h2>\n<p>Auf die oben beschriebene Weise verfl\u00fcssigen wir deutschlandweit u.a. im landwirtschaftlichen Bereich G\u00fclle oder.\u00a0 im Bereich von Biogasanlagen, verschiedenste Substrate zu der gew\u00fcnschten Flie\u00df- oder Pumpqualit\u00e4t.<br \/>\nIm kommunalen Bereich wird unser Spezialr\u00fchrer besonders f\u00fcr das Aufr\u00fchren von Kl\u00e4rteichen angefordert.<\/p>\n<p>Dank des 38 m langen Auslegearms erreichen wir selbst schwer zug\u00e4ngliche Beh\u00e4lter.<\/p>\n<\/div><\/section><\/p><\/div>\n<style type=\"text\/css\" data-created_by=\"avia_inline_auto\" id=\"style-css-av-gcmxe8-125cef24586c80ccdc1c72fc757e1de7\">\n.flex_column.av-gcmxe8-125cef24586c80ccdc1c72fc757e1de7{\nborder-radius:0px 0px 0px 0px;\npadding:0px 0px 0px 0px;\n}\n<\/style>\n<div  class='flex_column av-gcmxe8-125cef24586c80ccdc1c72fc757e1de7 av_one_half  avia-builder-el-18  el_after_av_one_half  el_before_av_hr  flex_column_div av-zero-column-padding  '     ><p>\n<style type=\"text\/css\" data-created_by=\"avia_inline_auto\" id=\"style-css-av-ld3nau14-29131ab8fd3293e1694922c8fb57191f\">\n.avia-image-container.av-ld3nau14-29131ab8fd3293e1694922c8fb57191f img.avia_image{\nbox-shadow:none;\n}\n.avia-image-container.av-ld3nau14-29131ab8fd3293e1694922c8fb57191f .av-image-caption-overlay-center{\ncolor:#ffffff;\n}\n<\/style>\n<div  class='avia-image-container av-ld3nau14-29131ab8fd3293e1694922c8fb57191f av-styling- avia-align-left  avia-builder-el-19  el_before_av_hr  avia-builder-el-first '   itemprop=\"image\" itemscope=\"itemscope\" itemtype=\"https:\/\/schema.org\/ImageObject\" ><div class=\"avia-image-container-inner\"><div class=\"avia-image-overlay-wrap\"><img decoding=\"async\" fetchpriority=\"high\" class='wp-image-100678 avia-img-lazy-loading-not-100678 avia_image ' src=\"https:\/\/www.blunk-gruppe.de\/agrar\/wp-content\/uploads\/sites\/9\/2023\/01\/guelle-ruehren-und-abpumpen-mit-blunk.jpg\" alt='' title='guelle-ruehren-und-abpumpen-mit-blunk'  height=\"470\" width=\"710\"  itemprop=\"thumbnailUrl\" srcset=\"https:\/\/www.blunk-gruppe.de\/agrar\/wp-content\/uploads\/sites\/9\/2023\/01\/guelle-ruehren-und-abpumpen-mit-blunk.jpg 710w, https:\/\/www.blunk-gruppe.de\/agrar\/wp-content\/uploads\/sites\/9\/2023\/01\/guelle-ruehren-und-abpumpen-mit-blunk-300x199.jpg 300w, https:\/\/www.blunk-gruppe.de\/agrar\/wp-content\/uploads\/sites\/9\/2023\/01\/guelle-ruehren-und-abpumpen-mit-blunk-705x467.jpg 705w\" sizes=\"(max-width: 710px) 100vw, 710px\" \/><\/div><\/div><\/div><br \/>\n\n<style type=\"text\/css\" data-created_by=\"avia_inline_auto\" id=\"style-css-av-2rq6uo-e7e682a60fb1a939e3fb7fd3029994a4\">\n#top .hr.hr-invisible.av-2rq6uo-e7e682a60fb1a939e3fb7fd3029994a4{\nheight:15px;\n}\n<\/style>\n<div  class='hr av-2rq6uo-e7e682a60fb1a939e3fb7fd3029994a4 hr-invisible  avia-builder-el-20  el_after_av_image  el_before_av_textblock '><span class='hr-inner '><span class=\"hr-inner-style\"><\/span><\/span><\/div><br \/>\n<section  class='av_textblock_section av-dyuku8-149d5fb312938da22105e25ec92738b0 '   itemscope=\"itemscope\" itemtype=\"https:\/\/schema.org\/CreativeWork\" ><div class='avia_textblock'  itemprop=\"text\" ><h2>Wenn es eng wird: Blunk springt ein<\/h2>\n<p>Nicht selten werden wir mit unserer leistungskr\u00e4ftigen R\u00fchrmaschine zu Hilfe gerufen, wenn R\u00fchrwerke in Beh\u00e4ltern streiken oder pl\u00f6tzlich kaputt gehen.<\/p>\n<p>So k\u00f6nnen wir zum Beispiel ein Absetzen der Substrate in Biogasanlagen vermeiden helfen, bis der Schaden behoben ist und das beh\u00e4ltereigene R\u00fchrwerk wieder zuverl\u00e4ssig l\u00e4uft.<\/p>\n<\/div><\/section><\/p><\/div><\/p>\n<div  class='hr av-cgtx4g-7a3e48a96f216144ebeda901eb07ce24 hr-default  avia-builder-el-22  el_after_av_one_half  el_before_av_heading '><span class='hr-inner '><span class=\"hr-inner-style\"><\/span><\/span><\/div>\n\n<style type=\"text\/css\" data-created_by=\"avia_inline_auto\" id=\"style-css-av-2pmbdc-fbc9388be525e89e0157c45f8d2dd99b\">\n#top .av-special-heading.av-2pmbdc-fbc9388be525e89e0157c45f8d2dd99b{\npadding-bottom:10px;\n}\nbody .av-special-heading.av-2pmbdc-fbc9388be525e89e0157c45f8d2dd99b .av-special-heading-tag .heading-char{\nfont-size:25px;\n}\n.av-special-heading.av-2pmbdc-fbc9388be525e89e0157c45f8d2dd99b .av-subheading{\nfont-size:15px;\n}\n<\/style>\n<div  class='av-special-heading av-2pmbdc-fbc9388be525e89e0157c45f8d2dd99b av-special-heading-h2  avia-builder-el-23  el_after_av_hr  el_before_av_hr '><h2 class='av-special-heading-tag '  itemprop=\"headline\"  >Ihre Nachricht an uns<\/h2><div class=\"special-heading-border\"><div class=\"special-heading-inner-border\"><\/div><\/div><\/div>\n\n<style type=\"text\/css\" data-created_by=\"avia_inline_auto\" id=\"style-css-av-kl71kocu-e3ced77958687a5dd4ee9edd43d09538\">\n#top .hr.hr-invisible.av-kl71kocu-e3ced77958687a5dd4ee9edd43d09538{\nheight:20px;\n}\n<\/style>\n<div  class='hr av-kl71kocu-e3ced77958687a5dd4ee9edd43d09538 hr-invisible  avia-builder-el-24  el_after_av_heading  el_before_av_textblock '><span class='hr-inner '><span class=\"hr-inner-style\"><\/span><\/span><\/div>\n<section  class='av_textblock_section av-kl71kymc-8f7dc7a2f9ba33808f9d345a5336da3f '   itemscope=\"itemscope\" itemtype=\"https:\/\/schema.org\/CreativeWork\" ><div class='avia_textblock'  itemprop=\"text\" >\n<div class=\"wpcf7 no-js\" id=\"wpcf7-f99999-o1\" lang=\"de-DE\" dir=\"ltr\" data-wpcf7-id=\"99999\">\n<div class=\"screen-reader-response\"><p role=\"status\" aria-live=\"polite\" aria-atomic=\"true\"><\/p> <ul><\/ul><\/div>\n<form action=\"\/agrar\/wp-json\/wp\/v2\/pages\/3920#wpcf7-f99999-o1\" method=\"post\" class=\"wpcf7-form init\" aria-label=\"Kontaktformular\" novalidate=\"novalidate\" data-status=\"init\">\n<div style=\"display: none;\">\n<input type=\"hidden\" name=\"_wpcf7\" value=\"99999\" \/>\n<input type=\"hidden\" name=\"_wpcf7_version\" value=\"6.0.6\" \/>\n<input type=\"hidden\" name=\"_wpcf7_locale\" value=\"de_DE\" \/>\n<input type=\"hidden\" name=\"_wpcf7_unit_tag\" value=\"wpcf7-f99999-o1\" \/>\n<input type=\"hidden\" name=\"_wpcf7_container_post\" value=\"0\" \/>\n<input type=\"hidden\" name=\"_wpcf7_posted_data_hash\" value=\"\" \/>\n<\/div>\n<p>Bitte f\u00fcllen Sie mindestens die mit * gekennzeichneten Eingabefelder aus.\n<\/p>\n<div class=\"wps-form\">\n\t<div class=\"wps-form-row\">\n\t\t<div class=\"wps-form-column\">\n\t\t\t<p><label for=\"familyname\">Name* <span class=\"wpcf7-form-control-wrap\" data-name=\"familyname\"><input size=\"40\" maxlength=\"400\" class=\"wpcf7-form-control wpcf7-text wpcf7-validates-as-required\" id=\"familyname\" aria-required=\"true\" aria-invalid=\"false\" value=\"\" type=\"text\" name=\"familyname\" \/><\/span><\/label>\n\t\t\t<\/p>\n\t\t<\/div>\n\t\t<div class=\"wps-form-column\">\n\t\t\t<p><label for=\"email\">E-Mail* <span class=\"wpcf7-form-control-wrap\" data-name=\"email\"><input size=\"40\" maxlength=\"400\" class=\"wpcf7-form-control wpcf7-email wpcf7-validates-as-required wpcf7-text wpcf7-validates-as-email\" id=\"email\" aria-required=\"true\" aria-invalid=\"false\" value=\"\" type=\"email\" name=\"email\" \/><\/span><\/label>\n\t\t\t<\/p>\n\t\t<\/div>\n\t\t<div class=\"wps-form-column\">\n\t\t\t<p><label for=\"telefon\">Telefon <span class=\"wpcf7-form-control-wrap\" data-name=\"telefon\"><input size=\"40\" maxlength=\"400\" class=\"wpcf7-form-control wpcf7-text\" id=\"telefon\" aria-invalid=\"false\" value=\"\" type=\"text\" name=\"telefon\" \/><\/span><\/label>\n\t\t\t<\/p>\n\t\t<\/div>\n\t<\/div>\n\t<div class=\"wps-form-row\">\n\t\t<div class=\"wps-form-column\">\n\t\t\t<p><label for=\"subject\">Betreff* <span class=\"wpcf7-form-control-wrap\" data-name=\"subject\"><input size=\"40\" maxlength=\"400\" class=\"wpcf7-form-control wpcf7-text wpcf7-validates-as-required\" id=\"subject\" aria-required=\"true\" aria-invalid=\"false\" value=\"\" type=\"text\" name=\"subject\" \/><\/span><\/label>\n\t\t\t<\/p>\n\t\t<\/div>\n\t<\/div>\n\t<div class=\"wps-form-row\">\n\t\t<div class=\"wps-form-column\">\n\t\t\t<p><label for=\"message\">Nachricht* <span class=\"wpcf7-form-control-wrap\" data-name=\"message\"><textarea cols=\"40\" rows=\"10\" maxlength=\"2000\" class=\"wpcf7-form-control wpcf7-textarea wpcf7-validates-as-required\" id=\"message\" aria-required=\"true\" aria-invalid=\"false\" name=\"message\"><\/textarea><\/span><\/label>\n\t\t\t<\/p>\n\t\t<\/div>\n\t<\/div>\n\t<p><span class=\"wpcf7-form-control-wrap\" data-name=\"acceptance\"><span class=\"wpcf7-form-control wpcf7-acceptance\"><span class=\"wpcf7-list-item\"><label><input type=\"checkbox\" name=\"acceptance\" value=\"1\" aria-invalid=\"false\" \/><span class=\"wpcf7-list-item-label\"><a href=\"https:\/\/www.blunk-gruppe.de\/allgemeine-geschaeftsbedingungen\/\" target=\"_blank\">AGB<\/a> u. <a href=\"https:\/\/www.blunk-gruppe.de\/datenschutz\/\" target=\"_blank\">Datenschutzbestimmungen<\/a> akzeptieren.<\/span><\/label><\/span><\/span><\/span>\n\t<\/p>\n\t<p><span id=\"wpcf7-69f4296fd5f05-wrapper\" class=\"wpcf7-form-control-wrap phonenumber-wrap\" ><label for=\"wpcf7-69f4296fd5f05-field\" class=\"hp-message\">Bitte lasse dieses Feld leer.<\/label><input id=\"wpcf7-69f4296fd5f05-field\"  class=\"wpcf7-form-control wpcf7-text\" type=\"text\" name=\"phonenumber\" value=\"\" size=\"40\" tabindex=\"-1\" autocomplete=\"new-password\" \/><\/span>\n\t<\/p>\n\t<p><input class=\"wpcf7-form-control wpcf7-submit has-spinner\" type=\"submit\" value=\"Senden\" \/>\n\t<\/p>\n<\/div><div class=\"wpcf7-response-output\" aria-hidden=\"true\"><\/div>\n<\/form>\n<\/div>\n\n<\/div><\/section>","protected":false},"excerpt":{"rendered":"","protected":false},"author":6,"featured_media":0,"parent":3224,"menu_order":0,"comment_status":"closed","ping_status":"closed","template":"","meta":{"_acf_changed":false,"footnotes":""},"class_list":["post-3920","page","type-page","status-publish","hentry"],"acf":[],"_links":{"self":[{"href":"https:\/\/www.blunk-gruppe.de\/agrar\/wp-json\/wp\/v2\/pages\/3920","targetHints":{"allow":["GET"]}}],"collection":[{"href":"https:\/\/www.blunk-gruppe.de\/agrar\/wp-json\/wp\/v2\/pages"}],"about":[{"href":"https:\/\/www.blunk-gruppe.de\/agrar\/wp-json\/wp\/v2\/types\/page"}],"author":[{"embeddable":true,"href":"https:\/\/www.blunk-gruppe.de\/agrar\/wp-json\/wp\/v2\/users\/6"}],"replies":[{"embeddable":true,"href":"https:\/\/www.blunk-gruppe.de\/agrar\/wp-json\/wp\/v2\/comments?post=3920"}],"version-history":[{"count":7,"href":"https:\/\/www.blunk-gruppe.de\/agrar\/wp-json\/wp\/v2\/pages\/3920\/revisions"}],"predecessor-version":[{"id":101808,"href":"https:\/\/www.blunk-gruppe.de\/agrar\/wp-json\/wp\/v2\/pages\/3920\/revisions\/101808"}],"up":[{"embeddable":true,"href":"https:\/\/www.blunk-gruppe.de\/agrar\/wp-json\/wp\/v2\/pages\/3224"}],"wp:attachment":[{"href":"https:\/\/www.blunk-gruppe.de\/agrar\/wp-json\/wp\/v2\/media?parent=3920"}],"curies":[{"name":"wp","href":"https:\/\/api.w.org\/{rel}","templated":true}]}}