{"id":3934,"date":"2015-02-19T06:00:01","date_gmt":"2015-02-19T05:00:01","guid":{"rendered":"https:\/\/www.blunk-gmbh.de\/landwirtschaft-bioenergie\/?page_id=3934"},"modified":"2023-12-07T19:37:56","modified_gmt":"2023-12-07T18:37:56","slug":"strip-till","status":"publish","type":"page","link":"https:\/\/www.blunk-gruppe.de\/agrar\/dienstleistungen\/guelle-und-gaersubstrat\/guelle-gaersubstrat-ausbringen\/strip-till\/","title":{"rendered":"Umwelt und Geldbeutel schonen mit Strip Till"},"content":{"rendered":"<div  class='flex_column av-1mh1jr2-3bca9b8844d9a6fa104b20127aed7a16 av_one_full  avia-builder-el-0  el_before_av_hr  avia-builder-el-first  first flex_column_div  '     ><p>\n<style type=\"text\/css\" data-created_by=\"avia_inline_auto\" id=\"style-css-av-4b7sfy-2781a16e951fee79f11a7bbfe90b1ccb\">\n#top .av-special-heading.av-4b7sfy-2781a16e951fee79f11a7bbfe90b1ccb{\npadding-bottom:20px;\n}\nbody .av-special-heading.av-4b7sfy-2781a16e951fee79f11a7bbfe90b1ccb .av-special-heading-tag .heading-char{\nfont-size:25px;\n}\n.av-special-heading.av-4b7sfy-2781a16e951fee79f11a7bbfe90b1ccb .av-subheading{\nfont-size:15px;\n}\n<\/style>\n<div  class='av-special-heading av-4b7sfy-2781a16e951fee79f11a7bbfe90b1ccb av-special-heading-h1 meta-heading blockquote modern-quote modern-centered  avia-builder-el-1  el_before_av_image  avia-builder-el-first '><h1 class='av-special-heading-tag '  itemprop=\"headline\"  >Umwelt und Geldbeutel schonen mit Strip Till<\/h1><div class=\"special-heading-border\"><div class=\"special-heading-inner-border\"><\/div><\/div><\/div><br \/>\n\n<style type=\"text\/css\" data-created_by=\"avia_inline_auto\" id=\"style-css-av-1jummn2-4875fa0aabb31e56cd7eb2e7de2a549f\">\n.avia-image-container.av-1jummn2-4875fa0aabb31e56cd7eb2e7de2a549f img.avia_image{\nbox-shadow:none;\n}\n.avia-image-container.av-1jummn2-4875fa0aabb31e56cd7eb2e7de2a549f .av-image-caption-overlay-center{\ncolor:#ffffff;\n}\n<\/style>\n<div  class='avia-image-container av-1jummn2-4875fa0aabb31e56cd7eb2e7de2a549f av-styling- avia-align-center  avia-builder-el-2  el_after_av_heading  el_before_av_textblock '   itemprop=\"image\" itemscope=\"itemscope\" itemtype=\"https:\/\/schema.org\/ImageObject\" ><div class=\"avia-image-container-inner\"><div class=\"avia-image-overlay-wrap\"><img decoding=\"async\" fetchpriority=\"high\" class='wp-image-100913 avia-img-lazy-loading-not-100913 avia_image ' src=\"https:\/\/www.blunk-gruppe.de\/agrar\/wp-content\/uploads\/sites\/9\/2023\/12\/blunk-guelle-einarbeitung-mit-striptill-foto-helge-witt.jpg\" alt='LU Blunk bei G\u00fclle Einarbeitung mit StripTtill -- Foto Helge Witt' title='LU Blunk bei G\u00fclle Einarbeitung mit StripTtill -- Foto Helge Witt'  height=\"470\" width=\"710\"  itemprop=\"thumbnailUrl\" srcset=\"https:\/\/www.blunk-gruppe.de\/agrar\/wp-content\/uploads\/sites\/9\/2023\/12\/blunk-guelle-einarbeitung-mit-striptill-foto-helge-witt.jpg 710w, https:\/\/www.blunk-gruppe.de\/agrar\/wp-content\/uploads\/sites\/9\/2023\/12\/blunk-guelle-einarbeitung-mit-striptill-foto-helge-witt-300x199.jpg 300w, https:\/\/www.blunk-gruppe.de\/agrar\/wp-content\/uploads\/sites\/9\/2023\/12\/blunk-guelle-einarbeitung-mit-striptill-foto-helge-witt-705x467.jpg 705w\" sizes=\"(max-width: 710px) 100vw, 710px\" \/><\/div><\/div><\/div><br \/>\n<section  class='av_textblock_section av-1hen6v2-29476df4b1f2f0ac3e1b2b0d91978b16 '   itemscope=\"itemscope\" itemtype=\"https:\/\/schema.org\/CreativeWork\" ><div class='avia_textblock'  itemprop=\"text\" ><p>Boden bearbeiten, D\u00fcnger ausbringen und einarbeiten in einem Arbeitsgang &#8211; Blunk setzt mit Strip Till eine innovative Technik f\u00fcr den effizienten Ackerbau ein.<\/p>\n<\/div><\/section><\/p><\/div><div  class='hr av-58fzpq-2b0058bdcc21c6f0586462047b3f2f2d hr-default  avia-builder-el-4  el_after_av_one_full  el_before_av_one_full '><span class='hr-inner '><span class=\"hr-inner-style\"><\/span><\/span><\/div><\/p>\n<div  class='flex_column av-1e8dofy-f10375395b1ff2cb4e4f282519e9731d av_one_full  avia-builder-el-5  el_after_av_hr  el_before_av_one_full  first flex_column_div  '     ><section  class='av_textblock_section av-1d5wnby-ac823103503b08243b39302a561d5b15 '   itemscope=\"itemscope\" itemtype=\"https:\/\/schema.org\/CreativeWork\" ><div class='avia_textblock'  itemprop=\"text\" ><h1>Die Vorteile des Streifenanbaus \u00fcberzeugen<\/h1>\n<p>Unsere moderne Streifenbearbeitung mit dem Strip Till-Verfahren* bietet sowohl \u00f6konomische als auch \u00f6kologische Vorteile. Als norddeutscher Agrar-Dienstleister setzen wir dieses Verfahren sowohl f\u00fcr den Maisanbau als auch den Zuckerr\u00fcbenanbau ein.<\/p>\n<p>Dabei haben wir uns f\u00fcr das Strip Till-Verfahren f\u00fcr ein Aggregat der amerikanischen Firma Orthmann mit sechs Metern Arbeitsbreite entschieden.<\/p>\n<p>Gerade in Kombination mit unserem leistungsf\u00e4higen Selbstfahrer Holmer Terra Variant bildet das blunkeigene Strip Till-Ger\u00e4t ein nachweislich hocheffizientes Gespann f\u00fcr den Streifenanbau.<\/p>\n<\/div><\/section><\/div>\n<div  class='flex_column av-1arfnfi-dde05613d39b3085cc59d19a4e8be777 av_one_full  avia-builder-el-7  el_after_av_one_full  el_before_av_hr  first flex_column_div  column-top-margin'     ><style type=\"text\/css\" data-created_by=\"avia_inline_auto\" id=\"style-css-av-1a8vzxq-445431289b197dd11c7ea9d4ee97a319\">\n.avia-image-container.av-1a8vzxq-445431289b197dd11c7ea9d4ee97a319 img.avia_image{\nbox-shadow:none;\n}\n.avia-image-container.av-1a8vzxq-445431289b197dd11c7ea9d4ee97a319 .av-image-caption-overlay-center{\ncolor:#ffffff;\n}\n<\/style>\n<div  class='avia-image-container av-1a8vzxq-445431289b197dd11c7ea9d4ee97a319 av-styling- avia-align-left  avia-builder-el-8  avia-builder-el-no-sibling '   itemprop=\"image\" itemscope=\"itemscope\" itemtype=\"https:\/\/schema.org\/ImageObject\" ><div class=\"avia-image-container-inner\"><div class=\"avia-image-overlay-wrap\"><img decoding=\"async\" fetchpriority=\"high\" class='wp-image-9756 avia-img-lazy-loading-not-9756 avia_image ' src=\"https:\/\/www.blunk-gruppe.de\/agrar\/wp-content\/uploads\/sites\/9\/2020\/07\/blunk-selbstfahrer-holmer-strip-till_02.jpg\" alt='Aus dem Blunk Maschinenpark: Selbstfahrer Holmer mit Strip Till 02' title='Aus dem Blunk Maschinenpark: Selbstfahrer Holmer mit Strip Till 02'  height=\"270\" width=\"710\"  itemprop=\"thumbnailUrl\" srcset=\"https:\/\/www.blunk-gruppe.de\/agrar\/wp-content\/uploads\/sites\/9\/2020\/07\/blunk-selbstfahrer-holmer-strip-till_02.jpg 710w, https:\/\/www.blunk-gruppe.de\/agrar\/wp-content\/uploads\/sites\/9\/2020\/07\/blunk-selbstfahrer-holmer-strip-till_02-300x114.jpg 300w, https:\/\/www.blunk-gruppe.de\/agrar\/wp-content\/uploads\/sites\/9\/2020\/07\/blunk-selbstfahrer-holmer-strip-till_02-705x268.jpg 705w\" sizes=\"(max-width: 710px) 100vw, 710px\" \/><\/div><\/div><\/div><\/div>\n\n<style type=\"text\/css\" data-created_by=\"avia_inline_auto\" id=\"style-css-av-159i3da-56da090002f93a8b876f44d992da320e\">\n#top .hr.hr-invisible.av-159i3da-56da090002f93a8b876f44d992da320e{\nheight:30px;\n}\n<\/style>\n<div  class='hr av-159i3da-56da090002f93a8b876f44d992da320e hr-invisible  avia-builder-el-9  el_after_av_one_full  el_before_av_one_half '><span class='hr-inner '><span class=\"hr-inner-style\"><\/span><\/span><\/div>\n<div  class='flex_column av-133e8im-d85eb7e2463adeb47bc7b0f97cb732f3 av_one_half  avia-builder-el-10  el_after_av_hr  el_before_av_one_half  first flex_column_div  '     ><section  class='av_textblock_section av-3s527y-50d08b4852ff1ef47e4a8f712307ab96 '   itemscope=\"itemscope\" itemtype=\"https:\/\/schema.org\/CreativeWork\" ><div class='avia_textblock'  itemprop=\"text\" ><h2>Bessere N-Ausnutzung und Reduzierung von mineralischem P-D\u00fcnger<\/h2>\n<p>Mit dem Strip Till-Ger\u00e4t arbeiten wir f\u00fcr unsere Kunden organischen oder mineralischen D\u00fcnger direkt in den Boden ein.<\/p>\n<p>Beim Einsatz von organischen D\u00fcngern erh\u00f6ht das Einarbeiten die N-Ausnutzung auf ein Niveau von bis zu 95 %. Durch die genaue Ablage der G\u00fclle kann P in mineralischer Form reduziert werden.<\/p>\n<h2>Geringerer Kraftstoffverbrauch<\/h2>\n<p>Ein weiterer Vorteil ist die Effizienz beim Kraftstoffverbrauch: Nicht nur die Streifenbearbeitung des Bodens an sich kostet im Vergleich zu konventioneller Bewirtschaftung mit mehreren Arbeitsg\u00e4ngen deutlich weniger Kraftstoff \u2013 bei unter dem Strich sehr hoher Schlagkraft.<\/p>\n<p>Auch der von uns als Lohnunternehmen seit langem praktizierte Stra\u00dfentransport des Wirtschaftsd\u00fcngers (G\u00fclle und G\u00e4rsubstrate) mittels leistungsf\u00e4higen LKW-Zubringern schont das Budget und die Umwelt ma\u00dfgeblich.<\/p>\n<\/div><\/section><\/div>\n\n<style type=\"text\/css\" data-created_by=\"avia_inline_auto\" id=\"style-css-av-zl9cam-da278e0f5717c75b99e3f0f499d058b7\">\n.flex_column.av-zl9cam-da278e0f5717c75b99e3f0f499d058b7{\nborder-radius:0px 0px 0px 0px;\npadding:0px 0px 0px 0px;\n}\n<\/style>\n<div  class='flex_column av-zl9cam-da278e0f5717c75b99e3f0f499d058b7 av_one_half  avia-builder-el-12  el_after_av_one_half  el_before_av_one_full  flex_column_div av-zero-column-padding  '     ><section  class='av_textblock_section av-yjmbfi-5c3b889bb3f084fb07d9a1a4634c2d7a '   itemscope=\"itemscope\" itemtype=\"https:\/\/schema.org\/CreativeWork\" ><div class='avia_textblock'  itemprop=\"text\" ><h2>Verbesserte Auflaufbedinungen<\/h2>\n<p>Im Vergleich zur Direktsaat sind die Auflaufbedingungen f\u00fcr Mais durch die Bodenbearbeitung deutlich besser. Der Boden erw\u00e4rmt sich im Fr\u00fchjahr schneller.<\/p>\n<p>Unser Strip Till-Experte Malte Schr\u00f6der spricht aus Erfahrung:<\/p>\n<p>\u201eF\u00fcr leichte, trockene und sch\u00fcttf\u00e4hige B\u00f6den ist der Einsatz von Strip Till perfekt und nach\u00a0 Zwischenfruchtanbau ebenfalls gut geeignet.\u201c<\/p>\n<h2>Erosionsschutz und Wasserhaltef\u00e4higkeit<\/h2>\n<p>Grunds\u00e4tzlich erh\u00f6ht eine Streifenbearbeitung im Vergleich zu konventionellen Bodenbearbeitungsverfahren den Erosionsschutz und die Wasserhaltef\u00e4higkeit des Bodens.<\/p>\n<p>Dennoch liegt <strong>das Ertragsniveau bei Anwendung von Strip Till<\/strong> nach unserer Erfahrung mindestens auf einer Stufe mit dem des Mulchsaatverfahrens.<\/p>\n<\/div><\/section><\/div>\n<div  class='flex_column av-wynrzi-db1bff30751cc303453ea8b4edd4fd8e av_one_full  avia-builder-el-14  el_after_av_one_half  el_before_av_one_half  first flex_column_div  column-top-margin'     ><style type=\"text\/css\" data-created_by=\"avia_inline_auto\" id=\"style-css-av-3wwqry-7cae6b570f74b9a5b08c992a199adbbb\">\n.avia-image-container.av-3wwqry-7cae6b570f74b9a5b08c992a199adbbb img.avia_image{\nbox-shadow:none;\n}\n.avia-image-container.av-3wwqry-7cae6b570f74b9a5b08c992a199adbbb .av-image-caption-overlay-center{\ncolor:#ffffff;\n}\n<\/style>\n<div  class='avia-image-container av-3wwqry-7cae6b570f74b9a5b08c992a199adbbb av-styling- avia-align-left  avia-builder-el-15  avia-builder-el-no-sibling '   itemprop=\"image\" itemscope=\"itemscope\" itemtype=\"https:\/\/schema.org\/ImageObject\" ><div class=\"avia-image-container-inner\"><div class=\"avia-image-overlay-wrap\"><img decoding=\"async\" fetchpriority=\"high\" class='wp-image-9759 avia-img-lazy-loading-not-9759 avia_image ' src=\"https:\/\/www.blunk-gruppe.de\/agrar\/wp-content\/uploads\/sites\/9\/2020\/07\/blunk-selbstfahrer-holmer-strip-till_03.jpg\" alt='Aus dem Blunk Maschinenpark: Selbstfahrer Holmer mit Strip Till 03' title='Aus dem Blunk Maschinenpark: Selbstfahrer Holmer mit Strip Till 03'  height=\"470\" width=\"710\"  itemprop=\"thumbnailUrl\" srcset=\"https:\/\/www.blunk-gruppe.de\/agrar\/wp-content\/uploads\/sites\/9\/2020\/07\/blunk-selbstfahrer-holmer-strip-till_03.jpg 710w, https:\/\/www.blunk-gruppe.de\/agrar\/wp-content\/uploads\/sites\/9\/2020\/07\/blunk-selbstfahrer-holmer-strip-till_03-300x199.jpg 300w, https:\/\/www.blunk-gruppe.de\/agrar\/wp-content\/uploads\/sites\/9\/2020\/07\/blunk-selbstfahrer-holmer-strip-till_03-705x467.jpg 705w\" sizes=\"(max-width: 710px) 100vw, 710px\" \/><\/div><\/div><\/div><\/div>\n<div  class='flex_column av-oepqri-e38421875b79761790a068452b551dbd av_one_half  avia-builder-el-16  el_after_av_one_full  el_before_av_one_half  first flex_column_div  column-top-margin'     ><section  class='av_textblock_section av-mc74ou-a266d93dc15af29b3dd341525cba2cbd '   itemscope=\"itemscope\" itemtype=\"https:\/\/schema.org\/CreativeWork\" ><div class='avia_textblock'  itemprop=\"text\" ><h2>Strip Till-Ersparnis im \u00dcberblick<\/h2>\n<p>Im Vergleich zu Mulchsaat- und Pflugverfahren spart Strip Till mehrere Arbeitsg\u00e4nge ein und erh\u00f6ht zus\u00e4tzlich den D\u00fcngewert von G\u00fclle und G\u00e4rresten. Das an sich bringt bereits eine Kostenersparnis von umgerechnet 1 &#8211; 4 Euro pro m\u00b3 ausgebrachtem D\u00fcnger und obendrauf noch einen erheblichen Zeitgewinn.<\/p>\n<h2>Mit Selbstfahrer den Boden schonen<\/h2>\n<p>Der Einsatz unseres blunkeigenen Strip Till-Ger\u00e4tes tr\u00e4gt \u2013 in Kombination mit dem leistungsf\u00e4higen Selbstfahrer Holmer Terra Variant &#8211; zur bodenschonenden Bewirtschaftung bei. Die Breitbereifung des Holmer Selbstfahrers schont bei der \u00dcberfahrt trotz 21 m\u00b3 Fassungsverm\u00f6gen (!) den Boden. Sogar ein spurversetztes Fahren im Hundegang ist m\u00f6glich.<\/p>\n<h4><\/h4>\n<h4><\/h4>\n<\/div><\/section><\/div>\n<div  class='flex_column av-oepqri-1-0f0f81fde328c56cbf98d10a7f0069e8 av_one_half  avia-builder-el-18  el_after_av_one_half  el_before_av_textblock  flex_column_div  column-top-margin'     ><section  class='av_textblock_section av-24chxq-0cf6ca949226be2a67d911620e33e397 '   itemscope=\"itemscope\" itemtype=\"https:\/\/schema.org\/CreativeWork\" ><div class='avia_textblock'  itemprop=\"text\" ><h2>Innovativ f\u00fcr mehr Akzeptanz<\/h2>\n<p>Das direkte Einarbeiten von Wirtschaftsd\u00fcngern mit der Strip Till-Technik reduziert die Ammoniak-Emissionen bei der Ausbringung von G\u00fclle auf ein Minimum. Das verringert die Umweltbelastung durch Eutrophierung (N\u00e4hrstoffanreicherung) und die Geruchsbel\u00e4stigung f\u00fcr die Anwohner und f\u00fchrt so zu gr\u00f6\u00dferer Akzeptanz in der Bev\u00f6lkerung.<\/p>\n<h4><\/h4>\n<\/div><\/section><br \/>\n\n<style type=\"text\/css\" data-created_by=\"avia_inline_auto\" id=\"style-css-av-ugh8zi-f7b91aab146148c4e00b6b730f40dbea\">\n.avia-image-container.av-ugh8zi-f7b91aab146148c4e00b6b730f40dbea img.avia_image{\nbox-shadow:none;\n}\n.avia-image-container.av-ugh8zi-f7b91aab146148c4e00b6b730f40dbea .av-image-caption-overlay-center{\ncolor:#ffffff;\n}\n<\/style>\n<div  class='avia-image-container av-ugh8zi-f7b91aab146148c4e00b6b730f40dbea av-styling- avia-align-left  avia-builder-el-20  el_after_av_textblock  el_before_av_textblock '   itemprop=\"image\" itemscope=\"itemscope\" itemtype=\"https:\/\/schema.org\/ImageObject\" ><div class=\"avia-image-container-inner\"><div class=\"avia-image-overlay-wrap\"><img decoding=\"async\" fetchpriority=\"high\" class='wp-image-100685 avia-img-lazy-loading-not-100685 avia_image ' src=\"https:\/\/www.blunk-gruppe.de\/agrar\/wp-content\/uploads\/sites\/9\/2023\/01\/blunk-top-aufgang-von-raps-durch-drillen-und-duengen-in-einem-mit-strip-till.jpg\" alt='' title='blunk-top-aufgang-von-raps-durch-drillen-und-duengen-in-einem-mit-strip-till'  height=\"470\" width=\"710\"  itemprop=\"thumbnailUrl\" srcset=\"https:\/\/www.blunk-gruppe.de\/agrar\/wp-content\/uploads\/sites\/9\/2023\/01\/blunk-top-aufgang-von-raps-durch-drillen-und-duengen-in-einem-mit-strip-till.jpg 710w, https:\/\/www.blunk-gruppe.de\/agrar\/wp-content\/uploads\/sites\/9\/2023\/01\/blunk-top-aufgang-von-raps-durch-drillen-und-duengen-in-einem-mit-strip-till-300x199.jpg 300w, https:\/\/www.blunk-gruppe.de\/agrar\/wp-content\/uploads\/sites\/9\/2023\/01\/blunk-top-aufgang-von-raps-durch-drillen-und-duengen-in-einem-mit-strip-till-705x467.jpg 705w\" sizes=\"(max-width: 710px) 100vw, 710px\" \/><\/div><\/div><\/div><br \/>\n<section  class='av_textblock_section av-j15ake-700353494a4e510c2c31b9fec85ed7e3 '   itemscope=\"itemscope\" itemtype=\"https:\/\/schema.org\/CreativeWork\" ><div class='avia_textblock'  itemprop=\"text\" ><p style=\"text-align: center;\"><em>Raps drillen und D\u00fcngen in einem &#8211; mit bodenschonendem Einachs-G\u00fcllefass<\/em><\/p>\n<h4><\/h4>\n<\/div><\/section><\/p><\/div>\n<section  class='av_textblock_section av-ld3oz0oq-288e5dd41a65623a1c5d1acdcc1440d2 '   itemscope=\"itemscope\" itemtype=\"https:\/\/schema.org\/CreativeWork\" ><div class='avia_textblock'  itemprop=\"text\" ><h2>Telemetrische Dokumentation inklusive<\/h2>\n<p>Selbstverst\u00e4ndlich erhalten Blunk-Kunden auch f\u00fcr die Ausbringung mit Strip Till eine kostenfreie Dokumentation der beauftragten Arbeiten f\u00fcr ihre Ackerschlagkartei und den CC-Nachweis. Dies ist im Service des Lohnunternehmens Blunk inbegriffen.<\/p>\n<h4><\/h4>\n<\/div><\/section>\n<div  class='hr av-p0p2f2-67916750505190464ac28aa676a4cc52 hr-default  avia-builder-el-23  el_after_av_textblock  el_before_av_one_full '><span class='hr-inner '><span class=\"hr-inner-style\"><\/span><\/span><\/div>\n<div  class='flex_column av-fouvi6-f2f84b22c4aa0e7bfe23b54e6639fe76 av_one_full  avia-builder-el-24  el_after_av_hr  el_before_av_hr  first flex_column_div  '     ><section  class='av_textblock_section av-ecfovi-55b442297e6d07c9cf87a91a245dced4 '   itemscope=\"itemscope\" itemtype=\"https:\/\/schema.org\/CreativeWork\" ><div class='avia_textblock'  itemprop=\"text\" ><h1>*So funktioniert Strip Till<\/h1>\n<p>Das Strip Till-Ger\u00e4t schlitzt bei der \u00dcberfahrt den Boden bis zu einer Tiefe von 30 cm ein. Anschlie\u00dfend wird der Schlitz ger\u00e4umt und der D\u00fcnger abgelegt. Die Tiefe der D\u00fcngerablage ist einstellbar. Sie betr\u00e4gt f\u00fcr Mais zwischen 13 und 15 cm. Nach der D\u00fcngerablage wird der Schlitz wieder zugeh\u00e4ufelt und r\u00fcckverdichtet. Reihenabst\u00e4nde von 45, 50 und 75 cm sind m\u00f6glich.<\/p>\n<p>Anschlie\u00dfend kann das Saatgut eingelegt werden. Beim Beispiel Mais w\u00fcrde das Maislegen zwei bis f\u00fcnf Tage nach der Strip Till-Bearbeitung erfolgen, spurgenau mittels RTK-GPS und rund 7 cm \u00fcber dem D\u00fcnger.<\/p>\n<p>Optional k\u00f6nnen zusammen mit organischen D\u00fcngern auch N-Stabilisatoren ausgebracht werden, um die Verf\u00fcgbarkeit des Stickstoffs f\u00fcr die Pflanzen zu regulieren.<\/p>\n<\/div><\/section><\/div>\n<div  class='hr av-bwywe6-7e61044238c1095c308871d17ac46d91 hr-default  avia-builder-el-26  el_after_av_one_full  el_before_av_heading '><span class='hr-inner '><span class=\"hr-inner-style\"><\/span><\/span><\/div>\n\n<style type=\"text\/css\" data-created_by=\"avia_inline_auto\" id=\"style-css-av-3234se-9df645ab939d5c14d083e178e727fd91\">\n#top .av-special-heading.av-3234se-9df645ab939d5c14d083e178e727fd91{\npadding-bottom:10px;\n}\nbody .av-special-heading.av-3234se-9df645ab939d5c14d083e178e727fd91 .av-special-heading-tag .heading-char{\nfont-size:25px;\n}\n.av-special-heading.av-3234se-9df645ab939d5c14d083e178e727fd91 .av-subheading{\nfont-size:15px;\n}\n<\/style>\n<div  class='av-special-heading av-3234se-9df645ab939d5c14d083e178e727fd91 av-special-heading-h2  avia-builder-el-27  el_after_av_hr  el_before_av_hr '><h2 class='av-special-heading-tag '  itemprop=\"headline\"  >Ihre Nachricht an uns<\/h2><div class=\"special-heading-border\"><div class=\"special-heading-inner-border\"><\/div><\/div><\/div>\n\n<style type=\"text\/css\" data-created_by=\"avia_inline_auto\" id=\"style-css-av-kl71mkik-3e61356a0de006e6e846b24d99e54ca4\">\n#top .hr.hr-invisible.av-kl71mkik-3e61356a0de006e6e846b24d99e54ca4{\nheight:20px;\n}\n<\/style>\n<div  class='hr av-kl71mkik-3e61356a0de006e6e846b24d99e54ca4 hr-invisible  avia-builder-el-28  el_after_av_heading  el_before_av_textblock '><span class='hr-inner '><span class=\"hr-inner-style\"><\/span><\/span><\/div>\n<section  class='av_textblock_section av-kl71mrdc-a9d1969b3e4b61b205ce992f90688108 '   itemscope=\"itemscope\" itemtype=\"https:\/\/schema.org\/CreativeWork\" ><div class='avia_textblock'  itemprop=\"text\" >\n<div class=\"wpcf7 no-js\" id=\"wpcf7-f99999-o1\" lang=\"de-DE\" dir=\"ltr\" data-wpcf7-id=\"99999\">\n<div class=\"screen-reader-response\"><p role=\"status\" aria-live=\"polite\" aria-atomic=\"true\"><\/p> <ul><\/ul><\/div>\n<form action=\"\/agrar\/wp-json\/wp\/v2\/pages\/3934#wpcf7-f99999-o1\" method=\"post\" class=\"wpcf7-form init\" aria-label=\"Kontaktformular\" novalidate=\"novalidate\" data-status=\"init\">\n<div style=\"display: none;\">\n<input type=\"hidden\" name=\"_wpcf7\" value=\"99999\" \/>\n<input type=\"hidden\" name=\"_wpcf7_version\" value=\"6.0.6\" \/>\n<input type=\"hidden\" name=\"_wpcf7_locale\" value=\"de_DE\" \/>\n<input type=\"hidden\" name=\"_wpcf7_unit_tag\" value=\"wpcf7-f99999-o1\" \/>\n<input type=\"hidden\" name=\"_wpcf7_container_post\" value=\"0\" \/>\n<input type=\"hidden\" name=\"_wpcf7_posted_data_hash\" value=\"\" \/>\n<\/div>\n<p>Bitte f\u00fcllen Sie mindestens die mit * gekennzeichneten Eingabefelder aus.\n<\/p>\n<div class=\"wps-form\">\n\t<div class=\"wps-form-row\">\n\t\t<div class=\"wps-form-column\">\n\t\t\t<p><label for=\"familyname\">Name* <span class=\"wpcf7-form-control-wrap\" data-name=\"familyname\"><input size=\"40\" maxlength=\"400\" class=\"wpcf7-form-control wpcf7-text wpcf7-validates-as-required\" id=\"familyname\" aria-required=\"true\" aria-invalid=\"false\" value=\"\" type=\"text\" name=\"familyname\" \/><\/span><\/label>\n\t\t\t<\/p>\n\t\t<\/div>\n\t\t<div class=\"wps-form-column\">\n\t\t\t<p><label for=\"email\">E-Mail* <span class=\"wpcf7-form-control-wrap\" data-name=\"email\"><input size=\"40\" maxlength=\"400\" class=\"wpcf7-form-control wpcf7-email wpcf7-validates-as-required wpcf7-text wpcf7-validates-as-email\" id=\"email\" aria-required=\"true\" aria-invalid=\"false\" value=\"\" type=\"email\" name=\"email\" \/><\/span><\/label>\n\t\t\t<\/p>\n\t\t<\/div>\n\t\t<div class=\"wps-form-column\">\n\t\t\t<p><label for=\"telefon\">Telefon <span class=\"wpcf7-form-control-wrap\" data-name=\"telefon\"><input size=\"40\" maxlength=\"400\" class=\"wpcf7-form-control wpcf7-text\" id=\"telefon\" aria-invalid=\"false\" value=\"\" type=\"text\" name=\"telefon\" \/><\/span><\/label>\n\t\t\t<\/p>\n\t\t<\/div>\n\t<\/div>\n\t<div class=\"wps-form-row\">\n\t\t<div class=\"wps-form-column\">\n\t\t\t<p><label for=\"subject\">Betreff* <span class=\"wpcf7-form-control-wrap\" data-name=\"subject\"><input size=\"40\" maxlength=\"400\" class=\"wpcf7-form-control wpcf7-text wpcf7-validates-as-required\" id=\"subject\" aria-required=\"true\" aria-invalid=\"false\" value=\"\" type=\"text\" name=\"subject\" \/><\/span><\/label>\n\t\t\t<\/p>\n\t\t<\/div>\n\t<\/div>\n\t<div class=\"wps-form-row\">\n\t\t<div class=\"wps-form-column\">\n\t\t\t<p><label for=\"message\">Nachricht* <span class=\"wpcf7-form-control-wrap\" data-name=\"message\"><textarea cols=\"40\" rows=\"10\" maxlength=\"2000\" class=\"wpcf7-form-control wpcf7-textarea wpcf7-validates-as-required\" id=\"message\" aria-required=\"true\" aria-invalid=\"false\" name=\"message\"><\/textarea><\/span><\/label>\n\t\t\t<\/p>\n\t\t<\/div>\n\t<\/div>\n\t<p><span class=\"wpcf7-form-control-wrap\" data-name=\"acceptance\"><span class=\"wpcf7-form-control wpcf7-acceptance\"><span class=\"wpcf7-list-item\"><label><input type=\"checkbox\" name=\"acceptance\" value=\"1\" aria-invalid=\"false\" \/><span class=\"wpcf7-list-item-label\"><a href=\"https:\/\/www.blunk-gruppe.de\/allgemeine-geschaeftsbedingungen\/\" target=\"_blank\">AGB<\/a> u. <a href=\"https:\/\/www.blunk-gruppe.de\/datenschutz\/\" target=\"_blank\">Datenschutzbestimmungen<\/a> akzeptieren.<\/span><\/label><\/span><\/span><\/span>\n\t<\/p>\n\t<p><span id=\"wpcf7-69e041abd0f0c-wrapper\" class=\"wpcf7-form-control-wrap phonenumber-wrap\" ><label for=\"wpcf7-69e041abd0f0c-field\" class=\"hp-message\">Bitte lasse dieses Feld leer.<\/label><input id=\"wpcf7-69e041abd0f0c-field\"  class=\"wpcf7-form-control wpcf7-text\" type=\"text\" name=\"phonenumber\" value=\"\" size=\"40\" tabindex=\"-1\" autocomplete=\"new-password\" \/><\/span>\n\t<\/p>\n\t<p><input class=\"wpcf7-form-control wpcf7-submit has-spinner\" type=\"submit\" value=\"Senden\" \/>\n\t<\/p>\n<\/div><div class=\"wpcf7-response-output\" aria-hidden=\"true\"><\/div>\n<\/form>\n<\/div>\n\n<\/div><\/section>","protected":false},"excerpt":{"rendered":"","protected":false},"author":6,"featured_media":0,"parent":3915,"menu_order":0,"comment_status":"closed","ping_status":"closed","template":"","meta":{"_acf_changed":false,"footnotes":""},"class_list":["post-3934","page","type-page","status-publish","hentry"],"acf":[],"_links":{"self":[{"href":"https:\/\/www.blunk-gruppe.de\/agrar\/wp-json\/wp\/v2\/pages\/3934","targetHints":{"allow":["GET"]}}],"collection":[{"href":"https:\/\/www.blunk-gruppe.de\/agrar\/wp-json\/wp\/v2\/pages"}],"about":[{"href":"https:\/\/www.blunk-gruppe.de\/agrar\/wp-json\/wp\/v2\/types\/page"}],"author":[{"embeddable":true,"href":"https:\/\/www.blunk-gruppe.de\/agrar\/wp-json\/wp\/v2\/users\/6"}],"replies":[{"embeddable":true,"href":"https:\/\/www.blunk-gruppe.de\/agrar\/wp-json\/wp\/v2\/comments?post=3934"}],"version-history":[{"count":9,"href":"https:\/\/www.blunk-gruppe.de\/agrar\/wp-json\/wp\/v2\/pages\/3934\/revisions"}],"predecessor-version":[{"id":100912,"href":"https:\/\/www.blunk-gruppe.de\/agrar\/wp-json\/wp\/v2\/pages\/3934\/revisions\/100912"}],"up":[{"embeddable":true,"href":"https:\/\/www.blunk-gruppe.de\/agrar\/wp-json\/wp\/v2\/pages\/3915"}],"wp:attachment":[{"href":"https:\/\/www.blunk-gruppe.de\/agrar\/wp-json\/wp\/v2\/media?parent=3934"}],"curies":[{"name":"wp","href":"https:\/\/api.w.org\/{rel}","templated":true}]}}