{"id":4233,"date":"2015-06-09T14:36:05","date_gmt":"2015-06-09T12:36:05","guid":{"rendered":"https:\/\/www.blunk-gmbh.de\/landwirtschaft-bioenergie\/?page_id=4233"},"modified":"2024-09-11T22:09:49","modified_gmt":"2024-09-11T20:09:49","slug":"getreide","status":"publish","type":"page","link":"https:\/\/www.blunk-gruppe.de\/agrar\/dienstleistungen\/getreide\/","title":{"rendered":"Getreide"},"content":{"rendered":"<div  class='flex_column av-1mn5od5-2c51da8c10500e3ea8c5a1790d2b2a5d av_one_full  avia-builder-el-0  el_before_av_hr  avia-builder-el-first  first flex_column_div  '     ><p>\n<style type=\"text\/css\" data-created_by=\"avia_inline_auto\" id=\"style-css-av-6a25y1-be059a9385c781780865135cde782bce\">\n#top .av-special-heading.av-6a25y1-be059a9385c781780865135cde782bce{\npadding-bottom:20px;\n}\nbody .av-special-heading.av-6a25y1-be059a9385c781780865135cde782bce .av-special-heading-tag .heading-char{\nfont-size:25px;\n}\n.av-special-heading.av-6a25y1-be059a9385c781780865135cde782bce .av-subheading{\nfont-size:15px;\n}\n<\/style>\n<div  class='av-special-heading av-6a25y1-be059a9385c781780865135cde782bce av-special-heading-h1 blockquote modern-quote modern-centered  avia-builder-el-1  el_before_av_image  avia-builder-el-first '><h1 class='av-special-heading-tag '  itemprop=\"headline\"  >Getreideernte: z\u00fcgig und professionell<\/h1><div class=\"special-heading-border\"><div class=\"special-heading-inner-border\"><\/div><\/div><\/div><br \/>\n\n<style type=\"text\/css\" data-created_by=\"avia_inline_auto\" id=\"style-css-av-1jz8yix-9c788e64ccaf621be322a2a9c0b9ad01\">\n.avia-image-container.av-1jz8yix-9c788e64ccaf621be322a2a9c0b9ad01 img.avia_image{\nbox-shadow:none;\n}\n.avia-image-container.av-1jz8yix-9c788e64ccaf621be322a2a9c0b9ad01 .av-image-caption-overlay-center{\ncolor:#ffffff;\n}\n<\/style>\n<div  class='avia-image-container av-1jz8yix-9c788e64ccaf621be322a2a9c0b9ad01 av-styling- avia-align-center  avia-builder-el-2  el_after_av_heading  el_before_av_textblock '   itemprop=\"image\" itemscope=\"itemscope\" itemtype=\"https:\/\/schema.org\/ImageObject\" ><div class=\"avia-image-container-inner\"><div class=\"avia-image-overlay-wrap\"><img decoding=\"async\" fetchpriority=\"high\" class='wp-image-9700 avia-img-lazy-loading-not-9700 avia_image ' src=\"https:\/\/www.blunk-gruppe.de\/agrar\/wp-content\/uploads\/sites\/9\/2020\/07\/blunk-getreide-ernte-komplett.jpg\" alt='Blunk Getreide Ernte komplett' title='Blunk Getreide Ernte komplett'  height=\"270\" width=\"710\"  itemprop=\"thumbnailUrl\" srcset=\"https:\/\/www.blunk-gruppe.de\/agrar\/wp-content\/uploads\/sites\/9\/2020\/07\/blunk-getreide-ernte-komplett.jpg 710w, https:\/\/www.blunk-gruppe.de\/agrar\/wp-content\/uploads\/sites\/9\/2020\/07\/blunk-getreide-ernte-komplett-300x114.jpg 300w, https:\/\/www.blunk-gruppe.de\/agrar\/wp-content\/uploads\/sites\/9\/2020\/07\/blunk-getreide-ernte-komplett-705x268.jpg 705w\" sizes=\"(max-width: 710px) 100vw, 710px\" \/><\/div><\/div><\/div><br \/>\n<section  class='av_textblock_section av-1ha6nrt-cb90b3d950ae38a066fa08acd263148a '   itemscope=\"itemscope\" itemtype=\"https:\/\/schema.org\/CreativeWork\" ><div class='avia_textblock'  itemprop=\"text\" ><p>In der Getreideernte k\u00f6nnen sich unsere Kunden auf die professionell organisierten, schlagkr\u00e4ftigen Ernteketten von Blunk verlassen. Ob f\u00fcr einzelne Arbeitsg\u00e4nge oder f\u00fcr die komplette Ernte, immer stimmen wir den Einsatz unserer Maschinenf\u00fchrer und unserer Technik vorab individuell und gemeinsam mit unseren Auftraggebern auf die jeweiligen Gegebenheiten vor Ort und optimale Effizienz ab.<\/p>\n<\/div><\/section><\/p><\/div>\n<div  class='hr av-1gsv5s9-4e604f95646e1c3abce6571c66f11b8b hr-default  avia-builder-el-4  el_after_av_one_full  el_before_av_one_half '><span class='hr-inner '><span class=\"hr-inner-style\"><\/span><\/span><\/div>\n<div  class='flex_column av-1f4py95-186470bb5f45e589ee660331ccf3bbae av_one_half  avia-builder-el-5  el_after_av_hr  el_before_av_one_half  first flex_column_div  '     ><p>\n<style type=\"text\/css\" data-created_by=\"avia_inline_auto\" id=\"style-css-av-21up55-c3cdbae46712a2d9ebd5279bc28648df\">\n.avia-image-container.av-21up55-c3cdbae46712a2d9ebd5279bc28648df img.avia_image{\nbox-shadow:none;\n}\n.avia-image-container.av-21up55-c3cdbae46712a2d9ebd5279bc28648df .av-image-caption-overlay-center{\ncolor:#ffffff;\n}\n<\/style>\n<div  class='avia-image-container av-21up55-c3cdbae46712a2d9ebd5279bc28648df av-styling- avia-align-left  avia-builder-el-6  el_before_av_textblock  avia-builder-el-first '   itemprop=\"image\" itemscope=\"itemscope\" itemtype=\"https:\/\/schema.org\/ImageObject\" ><div class=\"avia-image-container-inner\"><div class=\"avia-image-overlay-wrap\"><img decoding=\"async\" fetchpriority=\"high\" class='wp-image-100999 avia-img-lazy-loading-not-100999 avia_image ' src=\"https:\/\/www.blunk-gruppe.de\/agrar\/wp-content\/uploads\/sites\/9\/2024\/09\/blunk-effiziente-getreideernte-mit-john-deere-maehdreschern-300x190.jpg\" alt='' title='blunk-effiziente-getreideernte-mit-john-deere-maehdreschern'  height=\"190\" width=\"300\"  itemprop=\"thumbnailUrl\" srcset=\"https:\/\/www.blunk-gruppe.de\/agrar\/wp-content\/uploads\/sites\/9\/2024\/09\/blunk-effiziente-getreideernte-mit-john-deere-maehdreschern-300x190.jpg 300w, https:\/\/www.blunk-gruppe.de\/agrar\/wp-content\/uploads\/sites\/9\/2024\/09\/blunk-effiziente-getreideernte-mit-john-deere-maehdreschern.jpg 600w\" sizes=\"(max-width: 300px) 100vw, 300px\" \/><\/div><\/div><\/div><br \/>\n<section  class='av_textblock_section av-169om15-4483b2875078a60b30b47f14c1d4a427 '   itemscope=\"itemscope\" itemtype=\"https:\/\/schema.org\/CreativeWork\" ><div class='avia_textblock'  itemprop=\"text\" ><h2>Ernte auch in engen Zeitfenstern<\/h2>\n<ul>\n<li>Hochleistungsdrescher<br \/>\nSchneidwerke bis 10,70 m Arbeitsbreite<\/li>\n<\/ul>\n<ul>\n<li>Rotor- und Sch\u00fcttlermaschinen<br \/>\n&#8211; geringer Bruchkornanteil<\/li>\n<\/ul>\n<ul>\n<li>Strohh\u00e4cksler mit Schwenkverteilung<\/li>\n<li>auf Wunsch zus\u00e4tzlich Getreideabfuhr<\/li>\n<\/ul>\n<\/div><\/section><\/p><\/div>\n\n<style type=\"text\/css\" data-created_by=\"avia_inline_auto\" id=\"style-css-av-1akotdl-a9b36e1b001602f18de814e733459547\">\n.flex_column.av-1akotdl-a9b36e1b001602f18de814e733459547{\nborder-radius:0px 0px 0px 0px;\npadding:0px 0px 0px 0px;\n}\n<\/style>\n<div  class='flex_column av-1akotdl-a9b36e1b001602f18de814e733459547 av_one_half  avia-builder-el-8  el_after_av_one_half  el_before_av_one_half  flex_column_div av-zero-column-padding  '     ><p>\n<style type=\"text\/css\" data-created_by=\"avia_inline_auto\" id=\"style-css-av-19cro2x-8caa78cde94cafac585ef8fb004ce6ec\">\n.avia-image-container.av-19cro2x-8caa78cde94cafac585ef8fb004ce6ec img.avia_image{\nbox-shadow:none;\n}\n.avia-image-container.av-19cro2x-8caa78cde94cafac585ef8fb004ce6ec .av-image-caption-overlay-center{\ncolor:#ffffff;\n}\n<\/style>\n<div  class='avia-image-container av-19cro2x-8caa78cde94cafac585ef8fb004ce6ec av-styling- avia-align-left  avia-builder-el-9  el_before_av_textblock  avia-builder-el-first '   itemprop=\"image\" itemscope=\"itemscope\" itemtype=\"https:\/\/schema.org\/ImageObject\" ><div class=\"avia-image-container-inner\"><div class=\"avia-image-overlay-wrap\"><img decoding=\"async\" fetchpriority=\"high\" class='wp-image-9698 avia-img-lazy-loading-not-9698 avia_image ' src=\"https:\/\/www.blunk-gruppe.de\/agrar\/wp-content\/uploads\/sites\/9\/2020\/07\/blunk-ernte-stroh-pressen-in-ballen.jpg\" alt='Blunk Ernte Stroh pressen in Ballen' title='Blunk Ernte Stroh pressen in Ballen'  height=\"190\" width=\"300\"  itemprop=\"thumbnailUrl\"  \/><\/div><\/div><\/div><br \/>\n<section  class='av_textblock_section av-13fphjd-7ffae752b3ba2a8dd61e56f39adc24c9 '   itemscope=\"itemscope\" itemtype=\"https:\/\/schema.org\/CreativeWork\" ><div class='avia_textblock'  itemprop=\"text\" ><h2>Stroh pressen in Ballen nach Ma\u00df<\/h2>\n<p><strong>Quaderballen<br \/>\n<\/strong>Schnittl\u00e4nge nach Bedarf, fine cut oder geh\u00e4ckselt;<br \/>\nPressen mit elektr. Pressdichten\u00fcberwachung, Feuchtemessung, pr\u00e4ziser L\u00e4ngenabschaltung;<br \/>\nverschiedene Gr\u00f6\u00dfen, z.B. (in cm)<br \/>\n80 x 80 x L \/ 70 x 120 x L \/ 90 x 120 x L \/ 120 x 130 x L<\/p>\n<p><strong>Rundballen<br \/>\n<\/strong>\u00f8 120 cm bis 180 cm, geschnitten<\/p>\n<p><strong>H\u00e4ckselballen<br \/>\n<\/strong>Pressen mit Vorbauh\u00e4cksler<br \/>\nmit 20 % mehr Balleninhalt je m\u00b3<br \/>\nGr\u00f6\u00dfe: 90 x 120 x L<\/p>\n<\/div><\/section><\/p><\/div>\n<div  class='flex_column av-1894uc9-7d786db7edd3ca59b9f2abe284568a8f av_one_half  avia-builder-el-11  el_after_av_one_half  el_before_av_one_half  first flex_column_div  column-top-margin'     ><p>\n<style type=\"text\/css\" data-created_by=\"avia_inline_auto\" id=\"style-css-av-xdj6wp-0b27ae490ae581e78db7f52f60906469\">\n.avia-image-container.av-xdj6wp-0b27ae490ae581e78db7f52f60906469 img.avia_image{\nbox-shadow:none;\n}\n.avia-image-container.av-xdj6wp-0b27ae490ae581e78db7f52f60906469 .av-image-caption-overlay-center{\ncolor:#ffffff;\n}\n<\/style>\n<div  class='avia-image-container av-xdj6wp-0b27ae490ae581e78db7f52f60906469 av-styling- avia-align-left  avia-builder-el-12  el_before_av_textblock  avia-builder-el-first '   itemprop=\"image\" itemscope=\"itemscope\" itemtype=\"https:\/\/schema.org\/ImageObject\" ><div class=\"avia-image-container-inner\"><div class=\"avia-image-overlay-wrap\"><img decoding=\"async\" fetchpriority=\"high\" class='wp-image-101000 avia-img-lazy-loading-not-101000 avia_image ' src=\"https:\/\/www.blunk-gruppe.de\/agrar\/wp-content\/uploads\/sites\/9\/2024\/09\/blunk-getreide-mahlen-vor-ort-mit-mobiler-getreidemuehle-300x190.jpg\" alt='' title='blunk-getreide-mahlen-vor-ort-mit-mobiler-getreidemuehle'  height=\"190\" width=\"300\"  itemprop=\"thumbnailUrl\" srcset=\"https:\/\/www.blunk-gruppe.de\/agrar\/wp-content\/uploads\/sites\/9\/2024\/09\/blunk-getreide-mahlen-vor-ort-mit-mobiler-getreidemuehle-300x190.jpg 300w, https:\/\/www.blunk-gruppe.de\/agrar\/wp-content\/uploads\/sites\/9\/2024\/09\/blunk-getreide-mahlen-vor-ort-mit-mobiler-getreidemuehle.jpg 600w\" sizes=\"(max-width: 300px) 100vw, 300px\" \/><\/div><\/div><\/div><br \/>\n<section  class='av_textblock_section av-ru24e1-d6c9f17c174d9cf8e62e1f942af01ed4 '   itemscope=\"itemscope\" itemtype=\"https:\/\/schema.org\/CreativeWork\" ><div class='avia_textblock'  itemprop=\"text\" ><h2>Getreide mahlen vor Ort<\/h2>\n<ul>\n<li class=\"western\">mit mobiler <strong>Getreide-\/Maism\u00fchle<\/strong><\/li>\n<li class=\"western\">bis zu 100 t \/Std. Durchsatzleistung<\/li>\n<li class=\"western\">Durchlaufwaage<\/li>\n<li class=\"western\">einsetzbar auf Hof und unebenem Feld\/Gel\u00e4nde<\/li>\n<\/ul>\n<\/div><\/section><\/p><\/div>\n<style type=\"text\/css\" data-created_by=\"avia_inline_auto\" id=\"style-css-av-14q95m1-ad419bf34b81312e560dc9e7e8c5f26e\">\n.flex_column.av-14q95m1-ad419bf34b81312e560dc9e7e8c5f26e{\nborder-radius:0px 0px 0px 0px;\npadding:0px 0px 0px 0px;\n}\n<\/style>\n<div  class='flex_column av-14q95m1-ad419bf34b81312e560dc9e7e8c5f26e av_one_half  avia-builder-el-14  el_after_av_one_half  el_before_av_hr  flex_column_div av-zero-column-padding  column-top-margin'     ><p>\n<style type=\"text\/css\" data-created_by=\"avia_inline_auto\" id=\"style-css-av-1cxsy0p-b93c531945e5e629dd7494e4608aba7b\">\n.avia-image-container.av-1cxsy0p-b93c531945e5e629dd7494e4608aba7b img.avia_image{\nbox-shadow:none;\n}\n.avia-image-container.av-1cxsy0p-b93c531945e5e629dd7494e4608aba7b .av-image-caption-overlay-center{\ncolor:#ffffff;\n}\n<\/style>\n<div  class='avia-image-container av-1cxsy0p-b93c531945e5e629dd7494e4608aba7b av-styling- avia-align-left  avia-builder-el-15  el_before_av_textblock  avia-builder-el-first '   itemprop=\"image\" itemscope=\"itemscope\" itemtype=\"https:\/\/schema.org\/ImageObject\" ><div class=\"avia-image-container-inner\"><div class=\"avia-image-overlay-wrap\"><img decoding=\"async\" fetchpriority=\"high\" class='wp-image-100996 avia-img-lazy-loading-not-100996 avia_image ' src=\"https:\/\/www.blunk-gruppe.de\/agrar\/wp-content\/uploads\/sites\/9\/2024\/09\/blunk-getreideernte-mit-effizientem-ballensammler-300x190.jpg\" alt='' title='blunk-getreideernte-mit-effizientem-ballensammler'  height=\"190\" width=\"300\"  itemprop=\"thumbnailUrl\" srcset=\"https:\/\/www.blunk-gruppe.de\/agrar\/wp-content\/uploads\/sites\/9\/2024\/09\/blunk-getreideernte-mit-effizientem-ballensammler-300x190.jpg 300w, https:\/\/www.blunk-gruppe.de\/agrar\/wp-content\/uploads\/sites\/9\/2024\/09\/blunk-getreideernte-mit-effizientem-ballensammler.jpg 600w\" sizes=\"(max-width: 300px) 100vw, 300px\" \/><\/div><\/div><\/div><br \/>\n<section  class='av_textblock_section av-32cct5-51bac9374bfbcb6105d0eb0448365eb8 '   itemscope=\"itemscope\" itemtype=\"https:\/\/schema.org\/CreativeWork\" ><div class='avia_textblock'  itemprop=\"text\" ><h2>Getreideernte auf einen Blick<\/h2>\n<ul>\n<li>kalkulierbare Erntekosten bei<\/li>\n<li>hoher Schlagkraft, und zugleich<\/li>\n<li>bodenschonendes Vorgehen durch den Einsatz von Raupenlaufwerken<\/li>\n<li>Gratis dazu: <a href=\"https:\/\/www.blunk-gruppe.de\/agrar\/telemetrie\/\" target=\"_blank\" rel=\"noopener\">Dokumentation<\/a><\/li>\n<\/ul>\n<\/div><\/section><\/p><\/div><\/p>\n<div  class='hr av-pat87t-644367e62f5dda389f5928a96737994d hr-default  avia-builder-el-17  el_after_av_one_half  el_before_av_one_half '><span class='hr-inner '><span class=\"hr-inner-style\"><\/span><\/span><\/div>\n<div  class='flex_column av-oos6u1-5ed549a9b19138dc2d961fae63d14b16 av_one_half  avia-builder-el-18  el_after_av_hr  el_before_av_one_half  first flex_column_div  '     ><style type=\"text\/css\" data-created_by=\"avia_inline_auto\" id=\"style-css-av-n3gczt-536e9328764a02fd6895238486799650\">\n.avia-image-container.av-n3gczt-536e9328764a02fd6895238486799650 img.avia_image{\nbox-shadow:none;\n}\n.avia-image-container.av-n3gczt-536e9328764a02fd6895238486799650 .av-image-caption-overlay-center{\ncolor:#ffffff;\n}\n<\/style>\n<div  class='avia-image-container av-n3gczt-536e9328764a02fd6895238486799650 av-styling- avia-align-left  avia-builder-el-19  avia-builder-el-no-sibling '   itemprop=\"image\" itemscope=\"itemscope\" itemtype=\"https:\/\/schema.org\/ImageObject\" ><div class=\"avia-image-container-inner\"><div class=\"avia-image-overlay-wrap\"><img decoding=\"async\" fetchpriority=\"high\" class='wp-image-4251 avia-img-lazy-loading-not-4251 avia_image ' src=\"https:\/\/www.blunk-gruppe.de\/agrar\/wp-content\/uploads\/sites\/9\/2015\/02\/blunk-dokumentation-titel2-300x199.jpg\" alt='' title='Blunk Dokumentation -titel'  height=\"199\" width=\"300\"  itemprop=\"thumbnailUrl\" srcset=\"https:\/\/www.blunk-gruppe.de\/agrar\/wp-content\/uploads\/sites\/9\/2015\/02\/blunk-dokumentation-titel2-300x199.jpg 300w, https:\/\/www.blunk-gruppe.de\/agrar\/wp-content\/uploads\/sites\/9\/2015\/02\/blunk-dokumentation-titel2-705x467.jpg 705w, https:\/\/www.blunk-gruppe.de\/agrar\/wp-content\/uploads\/sites\/9\/2015\/02\/blunk-dokumentation-titel2-450x298.jpg 450w, https:\/\/www.blunk-gruppe.de\/agrar\/wp-content\/uploads\/sites\/9\/2015\/02\/blunk-dokumentation-titel2.jpg 710w\" sizes=\"(max-width: 300px) 100vw, 300px\" \/><\/div><\/div><\/div><\/div>\n\n<style type=\"text\/css\" data-created_by=\"avia_inline_auto\" id=\"style-css-av-ks6obt-44f00d485b08a18b44de541b6880da73\">\n.flex_column.av-ks6obt-44f00d485b08a18b44de541b6880da73{\nborder-radius:0px 0px 0px 0px;\npadding:0px 0px 0px 0px;\n}\n<\/style>\n<div  class='flex_column av-ks6obt-44f00d485b08a18b44de541b6880da73 av_one_half  avia-builder-el-20  el_after_av_one_half  el_before_av_hr  flex_column_div av-zero-column-padding  '     ><section  class='av_textblock_section av-ihd2d5-d072721f6ad1e9409d992ae8669018c6 '   itemscope=\"itemscope\" itemtype=\"https:\/\/schema.org\/CreativeWork\" ><div class='avia_textblock'  itemprop=\"text\" ><h2>Telemetrische Dokumentation als kostenloser Service<\/h2>\n<ul>\n<li>Dokumentation aller ausgef\u00fchrten Arbeitsschritte<\/li>\n<li>Nachweis zur Einhaltung aller Cross Compliance Auflagen (Humusbilanz)<\/li>\n<\/ul>\n<p><a title=\"Dokumentation \/ Telemetrie\" href=\"https:\/\/www.blunk-gruppe.de\/agrar\/telemetrie\/\">Details<span class=\"more-link-arrow\"> \u2192<\/span><\/a><\/p>\n<\/div><\/section><\/div>\n<div  class='hr av-ck4gc9-f50b687c2074c4e73ed84ef92df4226d hr-default  avia-builder-el-22  el_after_av_one_half  el_before_av_heading '><span class='hr-inner '><span class=\"hr-inner-style\"><\/span><\/span><\/div>\n\n<style type=\"text\/css\" data-created_by=\"avia_inline_auto\" id=\"style-css-av-33sft5-33f27011641c5f40a86b4e0b8890f4b6\">\n#top .av-special-heading.av-33sft5-33f27011641c5f40a86b4e0b8890f4b6{\npadding-bottom:10px;\n}\nbody .av-special-heading.av-33sft5-33f27011641c5f40a86b4e0b8890f4b6 .av-special-heading-tag .heading-char{\nfont-size:25px;\n}\n.av-special-heading.av-33sft5-33f27011641c5f40a86b4e0b8890f4b6 .av-subheading{\nfont-size:15px;\n}\n<\/style>\n<div  class='av-special-heading av-33sft5-33f27011641c5f40a86b4e0b8890f4b6 av-special-heading-h2  avia-builder-el-23  el_after_av_hr  el_before_av_hr '><h2 class='av-special-heading-tag '  itemprop=\"headline\"  >Ihre Nachricht an uns<\/h2><div class=\"special-heading-border\"><div class=\"special-heading-inner-border\"><\/div><\/div><\/div>\n\n<style type=\"text\/css\" data-created_by=\"avia_inline_auto\" id=\"style-css-av-kl70usdc-a2c8813107fdca494d9be54d654cbe32\">\n#top .hr.hr-invisible.av-kl70usdc-a2c8813107fdca494d9be54d654cbe32{\nheight:20px;\n}\n<\/style>\n<div  class='hr av-kl70usdc-a2c8813107fdca494d9be54d654cbe32 hr-invisible  avia-builder-el-24  el_after_av_heading  el_before_av_textblock '><span class='hr-inner '><span class=\"hr-inner-style\"><\/span><\/span><\/div>\n<section  class='av_textblock_section av-kl70yxjc-a18b585750d3c61e47ea19b6c2845cb0 '   itemscope=\"itemscope\" itemtype=\"https:\/\/schema.org\/CreativeWork\" ><div class='avia_textblock'  itemprop=\"text\" >\n<div class=\"wpcf7 no-js\" id=\"wpcf7-f99999-o1\" lang=\"de-DE\" dir=\"ltr\" data-wpcf7-id=\"99999\">\n<div class=\"screen-reader-response\"><p role=\"status\" aria-live=\"polite\" aria-atomic=\"true\"><\/p> <ul><\/ul><\/div>\n<form action=\"\/agrar\/wp-json\/wp\/v2\/pages\/4233#wpcf7-f99999-o1\" method=\"post\" class=\"wpcf7-form init\" aria-label=\"Kontaktformular\" novalidate=\"novalidate\" data-status=\"init\">\n<div style=\"display: none;\">\n<input type=\"hidden\" name=\"_wpcf7\" value=\"99999\" \/>\n<input type=\"hidden\" name=\"_wpcf7_version\" value=\"6.0.6\" \/>\n<input type=\"hidden\" name=\"_wpcf7_locale\" value=\"de_DE\" \/>\n<input type=\"hidden\" name=\"_wpcf7_unit_tag\" value=\"wpcf7-f99999-o1\" \/>\n<input type=\"hidden\" name=\"_wpcf7_container_post\" value=\"0\" \/>\n<input type=\"hidden\" name=\"_wpcf7_posted_data_hash\" value=\"\" \/>\n<\/div>\n<p>Bitte f\u00fcllen Sie mindestens die mit * gekennzeichneten Eingabefelder aus.\n<\/p>\n<div class=\"wps-form\">\n\t<div class=\"wps-form-row\">\n\t\t<div class=\"wps-form-column\">\n\t\t\t<p><label for=\"familyname\">Name* <span class=\"wpcf7-form-control-wrap\" data-name=\"familyname\"><input size=\"40\" maxlength=\"400\" class=\"wpcf7-form-control wpcf7-text wpcf7-validates-as-required\" id=\"familyname\" aria-required=\"true\" aria-invalid=\"false\" value=\"\" type=\"text\" name=\"familyname\" \/><\/span><\/label>\n\t\t\t<\/p>\n\t\t<\/div>\n\t\t<div class=\"wps-form-column\">\n\t\t\t<p><label for=\"email\">E-Mail* <span class=\"wpcf7-form-control-wrap\" data-name=\"email\"><input size=\"40\" maxlength=\"400\" class=\"wpcf7-form-control wpcf7-email wpcf7-validates-as-required wpcf7-text wpcf7-validates-as-email\" id=\"email\" aria-required=\"true\" aria-invalid=\"false\" value=\"\" type=\"email\" name=\"email\" \/><\/span><\/label>\n\t\t\t<\/p>\n\t\t<\/div>\n\t\t<div class=\"wps-form-column\">\n\t\t\t<p><label for=\"telefon\">Telefon <span class=\"wpcf7-form-control-wrap\" data-name=\"telefon\"><input size=\"40\" maxlength=\"400\" class=\"wpcf7-form-control wpcf7-text\" id=\"telefon\" aria-invalid=\"false\" value=\"\" type=\"text\" name=\"telefon\" \/><\/span><\/label>\n\t\t\t<\/p>\n\t\t<\/div>\n\t<\/div>\n\t<div class=\"wps-form-row\">\n\t\t<div class=\"wps-form-column\">\n\t\t\t<p><label for=\"subject\">Betreff* <span class=\"wpcf7-form-control-wrap\" data-name=\"subject\"><input size=\"40\" maxlength=\"400\" class=\"wpcf7-form-control wpcf7-text wpcf7-validates-as-required\" id=\"subject\" aria-required=\"true\" aria-invalid=\"false\" value=\"\" type=\"text\" name=\"subject\" \/><\/span><\/label>\n\t\t\t<\/p>\n\t\t<\/div>\n\t<\/div>\n\t<div class=\"wps-form-row\">\n\t\t<div class=\"wps-form-column\">\n\t\t\t<p><label for=\"message\">Nachricht* <span class=\"wpcf7-form-control-wrap\" data-name=\"message\"><textarea cols=\"40\" rows=\"10\" maxlength=\"2000\" class=\"wpcf7-form-control wpcf7-textarea wpcf7-validates-as-required\" id=\"message\" aria-required=\"true\" aria-invalid=\"false\" name=\"message\"><\/textarea><\/span><\/label>\n\t\t\t<\/p>\n\t\t<\/div>\n\t<\/div>\n\t<p><span class=\"wpcf7-form-control-wrap\" data-name=\"acceptance\"><span class=\"wpcf7-form-control wpcf7-acceptance\"><span class=\"wpcf7-list-item\"><label><input type=\"checkbox\" name=\"acceptance\" value=\"1\" aria-invalid=\"false\" \/><span class=\"wpcf7-list-item-label\"><a href=\"https:\/\/www.blunk-gruppe.de\/allgemeine-geschaeftsbedingungen\/\" target=\"_blank\">AGB<\/a> u. <a href=\"https:\/\/www.blunk-gruppe.de\/datenschutz\/\" target=\"_blank\">Datenschutzbestimmungen<\/a> akzeptieren.<\/span><\/label><\/span><\/span><\/span>\n\t<\/p>\n\t<p><span id=\"wpcf7-69f29d3d0946b-wrapper\" class=\"wpcf7-form-control-wrap phonenumber-wrap\" ><label for=\"wpcf7-69f29d3d0946b-field\" class=\"hp-message\">Bitte lasse dieses Feld leer.<\/label><input id=\"wpcf7-69f29d3d0946b-field\"  class=\"wpcf7-form-control wpcf7-text\" type=\"text\" name=\"phonenumber\" value=\"\" size=\"40\" tabindex=\"-1\" autocomplete=\"new-password\" \/><\/span>\n\t<\/p>\n\t<p><input class=\"wpcf7-form-control wpcf7-submit has-spinner\" type=\"submit\" value=\"Senden\" \/>\n\t<\/p>\n<\/div><div class=\"wpcf7-response-output\" aria-hidden=\"true\"><\/div>\n<\/form>\n<\/div>\n\n<\/div><\/section>","protected":false},"excerpt":{"rendered":"","protected":false},"author":6,"featured_media":0,"parent":8294,"menu_order":0,"comment_status":"closed","ping_status":"closed","template":"","meta":{"_acf_changed":false,"footnotes":""},"class_list":["post-4233","page","type-page","status-publish","hentry"],"acf":[],"_links":{"self":[{"href":"https:\/\/www.blunk-gruppe.de\/agrar\/wp-json\/wp\/v2\/pages\/4233","targetHints":{"allow":["GET"]}}],"collection":[{"href":"https:\/\/www.blunk-gruppe.de\/agrar\/wp-json\/wp\/v2\/pages"}],"about":[{"href":"https:\/\/www.blunk-gruppe.de\/agrar\/wp-json\/wp\/v2\/types\/page"}],"author":[{"embeddable":true,"href":"https:\/\/www.blunk-gruppe.de\/agrar\/wp-json\/wp\/v2\/users\/6"}],"replies":[{"embeddable":true,"href":"https:\/\/www.blunk-gruppe.de\/agrar\/wp-json\/wp\/v2\/comments?post=4233"}],"version-history":[{"count":10,"href":"https:\/\/www.blunk-gruppe.de\/agrar\/wp-json\/wp\/v2\/pages\/4233\/revisions"}],"predecessor-version":[{"id":101570,"href":"https:\/\/www.blunk-gruppe.de\/agrar\/wp-json\/wp\/v2\/pages\/4233\/revisions\/101570"}],"up":[{"embeddable":true,"href":"https:\/\/www.blunk-gruppe.de\/agrar\/wp-json\/wp\/v2\/pages\/8294"}],"wp:attachment":[{"href":"https:\/\/www.blunk-gruppe.de\/agrar\/wp-json\/wp\/v2\/media?parent=4233"}],"curies":[{"name":"wp","href":"https:\/\/api.w.org\/{rel}","templated":true}]}}