{"id":8022,"date":"2017-02-07T11:46:07","date_gmt":"2017-02-07T10:46:07","guid":{"rendered":"https:\/\/www.blunk-gmbh.de\/landwirtschaft-bioenergie\/?page_id=8022"},"modified":"2026-01-16T13:03:03","modified_gmt":"2026-01-16T12:03:03","slug":"startseite","status":"publish","type":"page","link":"https:\/\/www.blunk-gruppe.de\/bioenergie\/","title":{"rendered":"Erzeugung Bioenergie aus Biomasse"},"content":{"rendered":"\n<style type=\"text\/css\" data-created_by=\"avia_inline_auto\" id=\"style-css-av-1cs8epy-c1ed1188d4aac6775c3b49213d2df756\">\n.flex_column.av-1cs8epy-c1ed1188d4aac6775c3b49213d2df756{\nborder-radius:0px 0px 0px 0px;\npadding:0px 0px 0px 0px;\n}\n<\/style>\n<div  class='flex_column av-1cs8epy-c1ed1188d4aac6775c3b49213d2df756 av_one_full  avia-builder-el-0  el_before_av_one_half  avia-builder-el-first  first flex_column_div av-zero-column-padding  '     ><p>\n<style type=\"text\/css\" data-created_by=\"avia_inline_auto\" id=\"style-css-av-1bv42c6-bd77bda07bafadc8d55a24ed71d8e7a3\">\n#top .av-special-heading.av-1bv42c6-bd77bda07bafadc8d55a24ed71d8e7a3{\npadding-bottom:20px;\n}\nbody .av-special-heading.av-1bv42c6-bd77bda07bafadc8d55a24ed71d8e7a3 .av-special-heading-tag .heading-char{\nfont-size:25px;\n}\n.av-special-heading.av-1bv42c6-bd77bda07bafadc8d55a24ed71d8e7a3 .av-subheading{\nfont-size:15px;\n}\n<\/style>\n<div  class='av-special-heading av-1bv42c6-bd77bda07bafadc8d55a24ed71d8e7a3 av-special-heading-h1 blockquote modern-quote modern-centered  avia-builder-el-1  el_before_av_image  avia-builder-el-first '><h1 class='av-special-heading-tag '  itemprop=\"headline\"  >Gr\u00fcner Strom, gr\u00fcne W\u00e4rme, gr\u00fcnes Gas f\u00fcr Regionen<\/h1><div class='av-subheading av-subheading_below'><p>Erzeugung von Bioenergie aus Biomasse<\/p>\n<\/div><div class=\"special-heading-border\"><div class=\"special-heading-inner-border\"><\/div><\/div><\/div><br \/>\n\n<style type=\"text\/css\" data-created_by=\"avia_inline_auto\" id=\"style-css-av-mf7a20qm-cd934bed8b004b2d749047961e79c66b\">\n.avia-image-container.av-mf7a20qm-cd934bed8b004b2d749047961e79c66b img.avia_image{\nbox-shadow:none;\n}\n.avia-image-container.av-mf7a20qm-cd934bed8b004b2d749047961e79c66b .av-image-caption-overlay-center{\ncolor:#ffffff;\n}\n<\/style>\n<div  class='avia-image-container av-mf7a20qm-cd934bed8b004b2d749047961e79c66b av-styling- avia-align-center  avia-builder-el-2  el_after_av_heading  el_before_av_textblock '   itemprop=\"image\" itemscope=\"itemscope\" itemtype=\"https:\/\/schema.org\/ImageObject\" ><div class=\"avia-image-container-inner\"><div class=\"avia-image-overlay-wrap\"><img decoding=\"async\" fetchpriority=\"high\" class='wp-image-101589 avia-img-lazy-loading-not-101589 avia_image ' src=\"https:\/\/www.blunk-gruppe.de\/bioenergie\/wp-content\/uploads\/sites\/13\/2025\/09\/emotionheader.jpg\" alt='' title='emotionheader'  height=\"210\" width=\"940\"  itemprop=\"thumbnailUrl\" srcset=\"https:\/\/www.blunk-gruppe.de\/bioenergie\/wp-content\/uploads\/sites\/13\/2025\/09\/emotionheader.jpg 940w, https:\/\/www.blunk-gruppe.de\/bioenergie\/wp-content\/uploads\/sites\/13\/2025\/09\/emotionheader-300x67.jpg 300w, https:\/\/www.blunk-gruppe.de\/bioenergie\/wp-content\/uploads\/sites\/13\/2025\/09\/emotionheader-768x172.jpg 768w, https:\/\/www.blunk-gruppe.de\/bioenergie\/wp-content\/uploads\/sites\/13\/2025\/09\/emotionheader-705x158.jpg 705w\" sizes=\"(max-width: 940px) 100vw, 940px\" \/><\/div><\/div><\/div><br \/>\n<section  class='av_textblock_section av-mf7a5oa5-f7a88c494a1c45146b4796746891348b '   itemscope=\"itemscope\" itemtype=\"https:\/\/schema.org\/CreativeWork\" ><div class='avia_textblock'  itemprop=\"text\" ><p style=\"text-align: left;\">Die Blunk-Gruppe erzeugt an mehreren Standorten saubere Bioenergie. Von der gr\u00fcnen W\u00e4rme, dem gr\u00fcnen Strom und dem gr\u00fcnen Gas aus unseren Biogasanlagen und den Blockheizkraftwerken profitieren Energieversorger und Kommunen, die ihre Haushalte und Betriebe in den jeweiligen Regionen nachhaltig mit Energie versorgen k\u00f6nnen.<\/p>\n<\/div><\/section><\/p><\/div>\n<div  class='flex_column av-4f6u7a-d3dd1b04d075882380d06ad4c9779c97 av_one_half  avia-builder-el-4  el_after_av_one_full  el_before_av_one_half  first flex_column_div  column-top-margin'     ><section  class='av_textblock_section av-17glm8m-672820a2ae76a3d3e765d99836a103bc '   itemscope=\"itemscope\" itemtype=\"https:\/\/schema.org\/CreativeWork\" ><div class='avia_textblock'  itemprop=\"text\" ><h2>Energie-Erzeugung aus Biomasse<\/h2>\n<p>Die Biomasse zur &#8222;F\u00fctterung&#8220; unserer Biogasanlagen sind <a href=\"..\/..\/biomasse\" target=\"_blank\" rel=\"noopener\">Substrate, Holzhackschnitzel und andere biogene Rest- und Rohstoffe<\/a>. Diese produzieren wir \u00fcberwiegend selbst oder beziehen sie m\u00f6glichst aus der Region. Das sorgt u.a. f\u00fcr die Etablierung regionaler Wertsch\u00f6pfungsketten mit einer effizienten Logistik.<\/p>\n<\/div><\/section><\/div>\n<div  class='flex_column av-22yuyu-f3fdff0931999e15e92aed949bed8e9a av_one_half  avia-builder-el-6  el_after_av_one_half  el_before_av_hr  flex_column_div  column-top-margin'     ><section  class='av_textblock_section av-mf7a7dyd-e39e16c595047f8797df2a5001e062bc '   itemscope=\"itemscope\" itemtype=\"https:\/\/schema.org\/CreativeWork\" ><div class='avia_textblock'  itemprop=\"text\" ><h2>Zusammenarbeit mit Partnern vor Ort<\/h2>\n<p>Damit die in unseren BGA und BHKW erzeugte, gr\u00fcne Energie direkt den Verbrauchern, Haushalten und Betrieben in der Region zugute kommen kann, arbeiten wir jeweils eng mit den Energieversorgern und Kommunen vor Ort zusammen.<\/p>\n<\/div><\/section><\/div>\n\n<style type=\"text\/css\" data-created_by=\"avia_inline_auto\" id=\"style-css-av-3vne4m-9dc1bad6513d80ea78f57cd74b14051b\">\n#top .hr.hr-invisible.av-3vne4m-9dc1bad6513d80ea78f57cd74b14051b{\nheight:30px;\n}\n<\/style>\n<div  class='hr av-3vne4m-9dc1bad6513d80ea78f57cd74b14051b hr-invisible  avia-builder-el-8  el_after_av_one_half  el_before_av_one_half '><span class='hr-inner '><span class=\"hr-inner-style\"><\/span><\/span><\/div>\n\n<style type=\"text\/css\" data-created_by=\"avia_inline_auto\" id=\"style-css-av-bvi9ee-86c11a11da12c8907394494a7c8b98e4\">\n.flex_column.av-bvi9ee-86c11a11da12c8907394494a7c8b98e4{\nborder-radius:0px 0px 0px 0px;\npadding:0px 0px 0px 0px;\n}\n<\/style>\n<div  class='flex_column av-bvi9ee-86c11a11da12c8907394494a7c8b98e4 av_one_half  avia-builder-el-9  el_after_av_hr  el_before_av_one_half  first flex_column_div av-zero-column-padding  '     ><style type=\"text\/css\" data-created_by=\"avia_inline_auto\" id=\"style-css-av-banvie-6a41749b076c66ff147030503bd0ee3e\">\n.avia-image-container.av-banvie-6a41749b076c66ff147030503bd0ee3e img.avia_image{\nbox-shadow:none;\n}\n.avia-image-container.av-banvie-6a41749b076c66ff147030503bd0ee3e .av-image-caption-overlay-center{\ncolor:#ffffff;\n}\n<\/style>\n<div  class='avia-image-container av-banvie-6a41749b076c66ff147030503bd0ee3e av-styling- avia-align-left  avia-builder-el-10  avia-builder-el-no-sibling '   itemprop=\"image\" itemscope=\"itemscope\" itemtype=\"https:\/\/schema.org\/ImageObject\" ><div class=\"avia-image-container-inner\"><div class=\"avia-image-overlay-wrap\"><img decoding=\"async\" fetchpriority=\"high\" class='wp-image-101713 avia-img-lazy-loading-not-101713 avia_image ' src=\"https:\/\/www.blunk-gruppe.de\/bioenergie\/wp-content\/uploads\/sites\/13\/2025\/11\/bioenergie-erzeuger-blunk-geschaeftsfuehrung-im-brennstoff-lager.jpg\" alt='' title='bioenergie-erzeuger-blunk-geschaeftsfuehrung-im-brennstoff-lager'  height=\"472\" width=\"711\"  itemprop=\"thumbnailUrl\" srcset=\"https:\/\/www.blunk-gruppe.de\/bioenergie\/wp-content\/uploads\/sites\/13\/2025\/11\/bioenergie-erzeuger-blunk-geschaeftsfuehrung-im-brennstoff-lager.jpg 711w, https:\/\/www.blunk-gruppe.de\/bioenergie\/wp-content\/uploads\/sites\/13\/2025\/11\/bioenergie-erzeuger-blunk-geschaeftsfuehrung-im-brennstoff-lager-300x199.jpg 300w, https:\/\/www.blunk-gruppe.de\/bioenergie\/wp-content\/uploads\/sites\/13\/2025\/11\/bioenergie-erzeuger-blunk-geschaeftsfuehrung-im-brennstoff-lager-705x468.jpg 705w\" sizes=\"(max-width: 711px) 100vw, 711px\" \/><\/div><\/div><\/div><\/div>\n\n<style type=\"text\/css\" data-created_by=\"avia_inline_auto\" id=\"style-css-av-30jx7a-9b746f4ba2ee7d0f7124bbd14d7dfcf7\">\n.flex_column.av-30jx7a-9b746f4ba2ee7d0f7124bbd14d7dfcf7{\nborder-radius:0px 0px 0px 0px;\npadding:0px 0px 0px 0px;\n}\n<\/style>\n<div  class='flex_column av-30jx7a-9b746f4ba2ee7d0f7124bbd14d7dfcf7 av_one_half  avia-builder-el-11  el_after_av_one_half  el_before_av_hr  flex_column_div av-zero-column-padding  '     ><section  class='av_textblock_section av-mhj9n2ge-f2b918c70cf52675150aa0bc11b3a9d3 '   itemscope=\"itemscope\" itemtype=\"https:\/\/schema.org\/CreativeWork\" ><div class='avia_textblock'  itemprop=\"text\" ><h2>Lange Erfahrung in nachhaltiger Energieerzeugung<\/h2>\n<p>Wir betreiben schon seit vielen Jahren eigene Biogasanlagen zur Erzeugung von gr\u00fcner W\u00e4rmeenergie.<br \/>\nSo konnten wir<\/p>\n<ul>\n<li>reichlich Erfahrung in der Bioenergie-Erzeugung sammeln,<\/li>\n<li>unsere Prozesse kontinuierlich optimieren und<\/li>\n<li>schlie\u00dflich nachhaltige L\u00f6sungen auch f\u00fcr unsere Kunden entwickeln.<\/li>\n<\/ul>\n<\/div><\/section><\/div>\n<div  class='hr av-7a499i-a24aaa1493f063f377942de2d22bba47 hr-default  avia-builder-el-13  el_after_av_one_half  el_before_av_textblock '><span class='hr-inner '><span class=\"hr-inner-style\"><\/span><\/span><\/div>\n<section  class='av_textblock_section av-mhmfau8x-6e68749bdc198a0532d41c3470c210a2 '   itemscope=\"itemscope\" itemtype=\"https:\/\/schema.org\/CreativeWork\" ><div class='avia_textblock'  itemprop=\"text\" ><h2>Referenzanlagen<\/h2>\n<\/div><\/section>\n\n<style type=\"text\/css\" data-created_by=\"avia_inline_auto\" id=\"style-css-av-118621i-871f21f828c3d7b4294390e1c92ea6b3\">\n.flex_column.av-118621i-871f21f828c3d7b4294390e1c92ea6b3{\nborder-radius:0px 0px 0px 0px;\npadding:0px 0px 0px 0px;\n}\n<\/style>\n<div  class='flex_column av-118621i-871f21f828c3d7b4294390e1c92ea6b3 av_one_half  avia-builder-el-15  el_after_av_textblock  el_before_av_one_half  first flex_column_div av-zero-column-padding  column-top-margin'     ><p>\n<style type=\"text\/css\" data-created_by=\"avia_inline_auto\" id=\"style-css-av-ztdkfa-89167ea4c1bae01ada05b7a17eb8da79\">\n.avia-image-container.av-ztdkfa-89167ea4c1bae01ada05b7a17eb8da79 img.avia_image{\nbox-shadow:none;\n}\n.avia-image-container.av-ztdkfa-89167ea4c1bae01ada05b7a17eb8da79 .av-image-caption-overlay-center{\ncolor:#ffffff;\n}\n<\/style>\n<div  class='avia-image-container av-ztdkfa-89167ea4c1bae01ada05b7a17eb8da79 av-styling- avia-align-left  avia-builder-el-16  el_before_av_hr  avia-builder-el-first '   itemprop=\"image\" itemscope=\"itemscope\" itemtype=\"https:\/\/schema.org\/ImageObject\" ><div class=\"avia-image-container-inner\"><div class=\"avia-image-overlay-wrap\"><img decoding=\"async\" fetchpriority=\"high\" class='wp-image-101755 avia-img-lazy-loading-not-101755 avia_image ' src=\"https:\/\/www.blunk-gruppe.de\/bioenergie\/wp-content\/uploads\/sites\/13\/2025\/11\/bioenergie-honigsee-ein-betrieb-der-blunk-gruppe-in-schleswig-holstein.jpg\" alt='' title='bioenergie-honigsee-ein-betrieb-der-blunk-gruppe-in-schleswig-holstein'  height=\"200\" width=\"299\"  itemprop=\"thumbnailUrl\"  \/><\/div><\/div><\/div><br \/>\n\n<style type=\"text\/css\" data-created_by=\"avia_inline_auto\" id=\"style-css-av-414kw6-10c828ae26d66ab6276c6c1b9fcae6f7\">\n#top .hr.hr-invisible.av-414kw6-10c828ae26d66ab6276c6c1b9fcae6f7{\nheight:20px;\n}\n<\/style>\n<div  class='hr av-414kw6-10c828ae26d66ab6276c6c1b9fcae6f7 hr-invisible  avia-builder-el-17  el_after_av_image  el_before_av_textblock '><span class='hr-inner '><span class=\"hr-inner-style\"><\/span><\/span><\/div><br \/>\n<section  class='av_textblock_section av-1zjeiu-b74d6b5468091a11e9fa995ee08c9846 '   itemscope=\"itemscope\" itemtype=\"https:\/\/schema.org\/CreativeWork\" ><div class='avia_textblock'  itemprop=\"text\" ><h2>Bioenergie Honigsee<\/h2>\n<\/div><\/section><br \/>\n<section  class='av_textblock_section av-1380fly-c304542ece171e7eba1c99d7d062b23f '   itemscope=\"itemscope\" itemtype=\"https:\/\/schema.org\/CreativeWork\" ><div class='avia_textblock'  itemprop=\"text\" ><p style=\"text-align: left;\">Mit unserer Biogasanlage in Honigsee in Schleswig-Holstein erzeugen wir insgesamt 1,9 MW gr\u00fcnen Strom. 60 Haushalte werden in Honigsee zuverl\u00e4ssig mit gr\u00fcner W\u00e4rme versorgt.<\/p>\n<p style=\"text-align: left;\">Zur &#8222;F\u00fctterung&#8220; der Biogasanlage wird Biomasse eingesetzt. Die Beschaffung von ausreichend Biomasse realisieren wir unter anderem \u00fcber unser Angebot <a href=\"..\/agrar\/dienstleistungen\/mais\/\" target=\"_blank\" rel=\"noopener\">&#8222;Ankauf von Mais ab Feld&#8220;.<\/a>.<\/p>\n<\/div><\/section><\/p><\/div>\n\n<style type=\"text\/css\" data-created_by=\"avia_inline_auto\" id=\"style-css-av-41n0h2-260532c845f259aeee547f649ea710f4\">\n.flex_column.av-41n0h2-260532c845f259aeee547f649ea710f4{\nborder-radius:0px 0px 0px 0px;\npadding:0px 0px 0px 0px;\n}\n<\/style>\n<div  class='flex_column av-41n0h2-260532c845f259aeee547f649ea710f4 av_one_half  avia-builder-el-20  el_after_av_one_half  el_before_av_hr  flex_column_div av-zero-column-padding  column-top-margin'     ><p>\n<style type=\"text\/css\" data-created_by=\"avia_inline_auto\" id=\"style-css-av-4rv5o6-3924edb29556c2bae5a0e9bd1845c7da\">\n.avia-image-container.av-4rv5o6-3924edb29556c2bae5a0e9bd1845c7da img.avia_image{\nbox-shadow:none;\n}\n.avia-image-container.av-4rv5o6-3924edb29556c2bae5a0e9bd1845c7da .av-image-caption-overlay-center{\ncolor:#ffffff;\n}\n<\/style>\n<div  class='avia-image-container av-4rv5o6-3924edb29556c2bae5a0e9bd1845c7da av-styling- avia-align-left  avia-builder-el-21  el_before_av_hr  avia-builder-el-first '   itemprop=\"image\" itemscope=\"itemscope\" itemtype=\"https:\/\/schema.org\/ImageObject\" ><div class=\"avia-image-container-inner\"><div class=\"avia-image-overlay-wrap\"><img decoding=\"async\" fetchpriority=\"high\" class='wp-image-101584 avia-img-lazy-loading-not-101584 avia_image ' src=\"https:\/\/www.blunk-gruppe.de\/bioenergie\/wp-content\/uploads\/sites\/13\/2025\/09\/cache_2433835264.jpg\" alt='' title='cache_2433835264'  height=\"200\" width=\"299\"  itemprop=\"thumbnailUrl\"  \/><\/div><\/div><\/div><br \/>\n\n<style type=\"text\/css\" data-created_by=\"avia_inline_auto\" id=\"style-css-av-j2op2-2fa3ab4988588bed7150a6c417164c0c\">\n#top .hr.hr-invisible.av-j2op2-2fa3ab4988588bed7150a6c417164c0c{\nheight:20px;\n}\n<\/style>\n<div  class='hr av-j2op2-2fa3ab4988588bed7150a6c417164c0c hr-invisible  avia-builder-el-22  el_after_av_image  el_before_av_textblock '><span class='hr-inner '><span class=\"hr-inner-style\"><\/span><\/span><\/div><br \/>\n<section  class='av_textblock_section av-mf98861s-1fb1b3a23abbfababaa12f12272395a2 '   itemscope=\"itemscope\" itemtype=\"https:\/\/schema.org\/CreativeWork\" ><div class='avia_textblock'  itemprop=\"text\" ><h2>Bioenergie Rendsw\u00fchren<\/h2>\n<h5><\/h5>\n<h5><\/h5>\n<\/div><\/section><br \/>\n<section  class='av_textblock_section av-mhmf0maf-c2e9f5f4638bdd2b52018f3f01d54e82 '   itemscope=\"itemscope\" itemtype=\"https:\/\/schema.org\/CreativeWork\" ><div class='avia_textblock'  itemprop=\"text\" ><p>Am Standort Rendsw\u00fchren\/G\u00f6nnebek in Schleswig-Holstein unterhalten wir eine Biogasanlage gekoppelt mit hocheffizienten Blockheizkraftwerken. Mit der Anlage erzeugen wir insgesamt 5,6 MW Feuerungsw\u00e4rmeleistung.<\/p>\n<p>\u00dcber die zwei Blockheizkraftwerke (BHKW) am Standort der G\u00e4rstrecke und zwei Satelliten-BHKW versorgen wir aktuell 12 Gartenbaubetriebe in G\u00f6nnebek mit kosteng\u00fcnstiger, gr\u00fcner Grund- und Mittellastw\u00e4rme.<\/p>\n<h5><\/h5>\n<h5><\/h5>\n<\/div><\/section><\/p><\/div>\n<div  class='hr av-2282gm-2dc850526ebd2a7ca02fac83722aff74 hr-default  avia-builder-el-25  el_after_av_one_half  el_before_av_heading '><span class='hr-inner '><span class=\"hr-inner-style\"><\/span><\/span><\/div>\n\n<style type=\"text\/css\" data-created_by=\"avia_inline_auto\" id=\"style-css-av-aeabmu-fd840ce3546ccb23f103044a6dc8bd9f\">\n#top .av-special-heading.av-aeabmu-fd840ce3546ccb23f103044a6dc8bd9f{\npadding-bottom:10px;\n}\nbody .av-special-heading.av-aeabmu-fd840ce3546ccb23f103044a6dc8bd9f .av-special-heading-tag .heading-char{\nfont-size:25px;\n}\n.av-special-heading.av-aeabmu-fd840ce3546ccb23f103044a6dc8bd9f .av-subheading{\nfont-size:15px;\n}\n<\/style>\n<div  class='av-special-heading av-aeabmu-fd840ce3546ccb23f103044a6dc8bd9f av-special-heading-h2  avia-builder-el-26  el_after_av_hr  el_before_av_hr '><h2 class='av-special-heading-tag '  itemprop=\"headline\"  >Sie suchen nach einem Erzeuger gr\u00fcner Energie? Sprechen Sie uns an!<\/h2><div class=\"special-heading-border\"><div class=\"special-heading-inner-border\"><\/div><\/div><\/div>\n\n<style type=\"text\/css\" data-created_by=\"avia_inline_auto\" id=\"style-css-av-3vxw7q-56d60086ced663789245a164dce7496e\">\n#top .hr.hr-invisible.av-3vxw7q-56d60086ced663789245a164dce7496e{\nheight:20px;\n}\n<\/style>\n<div  class='hr av-3vxw7q-56d60086ced663789245a164dce7496e hr-invisible  avia-builder-el-27  el_after_av_heading  el_before_av_textblock '><span class='hr-inner '><span class=\"hr-inner-style\"><\/span><\/span><\/div>\n<section  class='av_textblock_section av-mkgtwb8m-663020ba674af879bb62063c571c3c56 '   itemscope=\"itemscope\" itemtype=\"https:\/\/schema.org\/CreativeWork\" ><div class='avia_textblock'  itemprop=\"text\" >\n<div class=\"wpcf7 no-js\" id=\"wpcf7-f99999-o1\" lang=\"de-DE\" dir=\"ltr\" data-wpcf7-id=\"99999\">\n<div class=\"screen-reader-response\"><p role=\"status\" aria-live=\"polite\" aria-atomic=\"true\"><\/p> <ul><\/ul><\/div>\n<form action=\"\/bioenergie\/wp-json\/wp\/v2\/pages\/8022#wpcf7-f99999-o1\" method=\"post\" class=\"wpcf7-form init\" aria-label=\"Kontaktformular\" novalidate=\"novalidate\" data-status=\"init\">\n<div style=\"display: none;\">\n<input type=\"hidden\" name=\"_wpcf7\" value=\"99999\" \/>\n<input type=\"hidden\" name=\"_wpcf7_version\" value=\"6.0.6\" \/>\n<input type=\"hidden\" name=\"_wpcf7_locale\" value=\"de_DE\" \/>\n<input type=\"hidden\" name=\"_wpcf7_unit_tag\" value=\"wpcf7-f99999-o1\" \/>\n<input type=\"hidden\" name=\"_wpcf7_container_post\" value=\"0\" \/>\n<input type=\"hidden\" name=\"_wpcf7_posted_data_hash\" value=\"\" \/>\n<\/div>\n<p>Bitte f\u00fcllen Sie mindestens die mit * gekennzeichneten Eingabefelder aus.\n<\/p>\n<div class=\"wps-form\">\n\t<div class=\"wps-form-row\">\n\t\t<div class=\"wps-form-column\">\n\t\t\t<p><label for=\"familyname\">Name* <span class=\"wpcf7-form-control-wrap\" data-name=\"familyname\"><input size=\"40\" maxlength=\"400\" class=\"wpcf7-form-control wpcf7-text wpcf7-validates-as-required\" id=\"familyname\" aria-required=\"true\" aria-invalid=\"false\" value=\"\" type=\"text\" name=\"familyname\" \/><\/span><\/label>\n\t\t\t<\/p>\n\t\t<\/div>\n\t\t<div class=\"wps-form-column\">\n\t\t\t<p><label for=\"email\">E-Mail* <span class=\"wpcf7-form-control-wrap\" data-name=\"email\"><input size=\"40\" maxlength=\"400\" class=\"wpcf7-form-control wpcf7-email wpcf7-validates-as-required wpcf7-text wpcf7-validates-as-email\" id=\"email\" aria-required=\"true\" aria-invalid=\"false\" value=\"\" type=\"email\" name=\"email\" \/><\/span><\/label>\n\t\t\t<\/p>\n\t\t<\/div>\n\t\t<div class=\"wps-form-column\">\n\t\t\t<p><label for=\"telefon\">Telefon <span class=\"wpcf7-form-control-wrap\" data-name=\"telefon\"><input size=\"40\" maxlength=\"400\" class=\"wpcf7-form-control wpcf7-text\" id=\"telefon\" aria-invalid=\"false\" value=\"\" type=\"text\" name=\"telefon\" \/><\/span><\/label>\n\t\t\t<\/p>\n\t\t<\/div>\n\t<\/div>\n\t<div class=\"wps-form-row\">\n\t\t<div class=\"wps-form-column\">\n\t\t\t<p><label for=\"subject\">Betreff* <span class=\"wpcf7-form-control-wrap\" data-name=\"subject\"><input size=\"40\" maxlength=\"400\" class=\"wpcf7-form-control wpcf7-text wpcf7-validates-as-required\" id=\"subject\" aria-required=\"true\" aria-invalid=\"false\" value=\"\" type=\"text\" name=\"subject\" \/><\/span><\/label>\n\t\t\t<\/p>\n\t\t<\/div>\n\t<\/div>\n\t<div class=\"wps-form-row\">\n\t\t<div class=\"wps-form-column\">\n\t\t\t<p><label for=\"message\">Nachricht* <span class=\"wpcf7-form-control-wrap\" data-name=\"message\"><textarea cols=\"40\" rows=\"10\" maxlength=\"2000\" class=\"wpcf7-form-control wpcf7-textarea wpcf7-validates-as-required\" id=\"message\" aria-required=\"true\" aria-invalid=\"false\" name=\"message\"><\/textarea><\/span><\/label>\n\t\t\t<\/p>\n\t\t<\/div>\n\t<\/div>\n\t<p><span class=\"wpcf7-form-control-wrap\" data-name=\"acceptance\"><span class=\"wpcf7-form-control wpcf7-acceptance\"><span class=\"wpcf7-list-item\"><label><input type=\"checkbox\" name=\"acceptance\" value=\"1\" aria-invalid=\"false\" \/><span class=\"wpcf7-list-item-label\"><a href=\"https:\/\/www.blunk-gruppe.de\/allgemeine-geschaeftsbedingungen\/\" target=\"_blank\">AGB<\/a> u. <a href=\"https:\/\/www.blunk-gruppe.de\/datenschutz\/\" target=\"_blank\">Datenschutzbestimmungen<\/a> akzeptieren.<\/span><\/label><\/span><\/span><\/span>\n\t<\/p>\n\t<p><span id=\"wpcf7-69e84f000f415-wrapper\" class=\"wpcf7-form-control-wrap phonenumber-wrap\" ><label for=\"wpcf7-69e84f000f415-field\" class=\"hp-message\">Bitte lasse dieses Feld leer.<\/label><input id=\"wpcf7-69e84f000f415-field\"  class=\"wpcf7-form-control wpcf7-text\" type=\"text\" name=\"phonenumber\" value=\"\" size=\"40\" tabindex=\"-1\" autocomplete=\"new-password\" \/><\/span>\n\t<\/p>\n\t<p><input class=\"wpcf7-form-control wpcf7-submit has-spinner\" type=\"submit\" value=\"Senden\" \/>\n\t<\/p>\n<\/div><div class=\"wpcf7-response-output\" aria-hidden=\"true\"><\/div>\n<\/form>\n<\/div>\n\n<\/div><\/section>","protected":false},"excerpt":{"rendered":"","protected":false},"author":6,"featured_media":0,"parent":0,"menu_order":0,"comment_status":"closed","ping_status":"closed","template":"","meta":{"_acf_changed":false,"footnotes":""},"class_list":["post-8022","page","type-page","status-publish","hentry"],"acf":[],"_links":{"self":[{"href":"https:\/\/www.blunk-gruppe.de\/bioenergie\/wp-json\/wp\/v2\/pages\/8022","targetHints":{"allow":["GET"]}}],"collection":[{"href":"https:\/\/www.blunk-gruppe.de\/bioenergie\/wp-json\/wp\/v2\/pages"}],"about":[{"href":"https:\/\/www.blunk-gruppe.de\/bioenergie\/wp-json\/wp\/v2\/types\/page"}],"author":[{"embeddable":true,"href":"https:\/\/www.blunk-gruppe.de\/bioenergie\/wp-json\/wp\/v2\/users\/6"}],"replies":[{"embeddable":true,"href":"https:\/\/www.blunk-gruppe.de\/bioenergie\/wp-json\/wp\/v2\/comments?post=8022"}],"version-history":[{"count":10,"href":"https:\/\/www.blunk-gruppe.de\/bioenergie\/wp-json\/wp\/v2\/pages\/8022\/revisions"}],"predecessor-version":[{"id":101782,"href":"https:\/\/www.blunk-gruppe.de\/bioenergie\/wp-json\/wp\/v2\/pages\/8022\/revisions\/101782"}],"wp:attachment":[{"href":"https:\/\/www.blunk-gruppe.de\/bioenergie\/wp-json\/wp\/v2\/media?parent=8022"}],"curies":[{"name":"wp","href":"https:\/\/api.w.org\/{rel}","templated":true}]}}