{"id":1009,"date":"2017-01-30T17:29:47","date_gmt":"2017-01-30T16:29:47","guid":{"rendered":"https:\/\/www.blunk-gmbh.de\/umwelt\/?page_id=1009"},"modified":"2021-11-14T22:55:40","modified_gmt":"2021-11-14T21:55:40","slug":"klaerschlamm","status":"publish","type":"page","link":"https:\/\/www.blunk-gruppe.de\/umwelt\/dienstleistungen\/klaerschlamm-entsorgung\/klaerschlamm\/","title":{"rendered":"Kl\u00e4rschlamm"},"content":{"rendered":"<div  class='flex_column av-x8vxwh-2010b4ba264c2173d387e708ddcdcf19 av_one_full  avia-builder-el-0  el_before_av_hr  avia-builder-el-first  first flex_column_div  '     ><p>\n<style type=\"text\/css\" data-created_by=\"avia_inline_auto\" id=\"style-css-av-vo0ehd-aa50db902fc06b7947cb49ba72b3ca86\">\n#top .av-special-heading.av-vo0ehd-aa50db902fc06b7947cb49ba72b3ca86{\npadding-bottom:20px;\n}\nbody .av-special-heading.av-vo0ehd-aa50db902fc06b7947cb49ba72b3ca86 .av-special-heading-tag .heading-char{\nfont-size:25px;\n}\n.av-special-heading.av-vo0ehd-aa50db902fc06b7947cb49ba72b3ca86 .av-subheading{\nfont-size:15px;\n}\n<\/style>\n<div  class='av-special-heading av-vo0ehd-aa50db902fc06b7947cb49ba72b3ca86 av-special-heading-h1 blockquote modern-quote modern-centered  avia-builder-el-1  el_before_av_image  avia-builder-el-first '><h1 class='av-special-heading-tag '  itemprop=\"headline\"  >Zertifizierter Fachbetrieb Blunk<\/h1><div class=\"special-heading-border\"><div class=\"special-heading-inner-border\"><\/div><\/div><\/div><br \/>\n\n<style type=\"text\/css\" data-created_by=\"avia_inline_auto\" id=\"style-css-av-uaufch-135e9478cfaf1e88a87b3dedb428cab0\">\n.avia-image-container.av-uaufch-135e9478cfaf1e88a87b3dedb428cab0 img.avia_image{\nbox-shadow:none;\n}\n.avia-image-container.av-uaufch-135e9478cfaf1e88a87b3dedb428cab0 .av-image-caption-overlay-center{\ncolor:#ffffff;\n}\n<\/style>\n<div  class='avia-image-container av-uaufch-135e9478cfaf1e88a87b3dedb428cab0 av-styling- avia-align-center  avia-builder-el-2  el_after_av_heading  el_before_av_textblock '   itemprop=\"image\" itemscope=\"itemscope\" itemtype=\"https:\/\/schema.org\/ImageObject\" ><div class=\"avia-image-container-inner\"><div class=\"avia-image-overlay-wrap\"><img decoding=\"async\" fetchpriority=\"high\" class='wp-image-1010 avia-img-lazy-loading-not-1010 avia_image ' src=\"https:\/\/www.blunk-gruppe.de\/umwelt\/wp-content\/uploads\/sites\/8\/2016\/09\/Blunk-Kommune-Klaerschlamm-Entsorgung.jpg\" alt='Blunk Kommune Kl\u00e4rschlamm Entsorgung' title='Blunk Kommune Kl\u00e4rschlamm Entsorgung'  height=\"270\" width=\"710\"  itemprop=\"thumbnailUrl\" srcset=\"https:\/\/www.blunk-gruppe.de\/umwelt\/wp-content\/uploads\/sites\/8\/2016\/09\/Blunk-Kommune-Klaerschlamm-Entsorgung.jpg 710w, https:\/\/www.blunk-gruppe.de\/umwelt\/wp-content\/uploads\/sites\/8\/2016\/09\/Blunk-Kommune-Klaerschlamm-Entsorgung-300x114.jpg 300w, https:\/\/www.blunk-gruppe.de\/umwelt\/wp-content\/uploads\/sites\/8\/2016\/09\/Blunk-Kommune-Klaerschlamm-Entsorgung-705x268.jpg 705w, https:\/\/www.blunk-gruppe.de\/umwelt\/wp-content\/uploads\/sites\/8\/2016\/09\/Blunk-Kommune-Klaerschlamm-Entsorgung-450x171.jpg 450w\" sizes=\"(max-width: 710px) 100vw, 710px\" \/><\/div><\/div><\/div><br \/>\n<section  class='av_textblock_section av-sp8b4x-5cca604a2556a1166aeb866cdef73ecc '   itemscope=\"itemscope\" itemtype=\"https:\/\/schema.org\/CreativeWork\" ><div class='avia_textblock'  itemprop=\"text\" ><p>Unsere Prinzipien f\u00fcr die Kl\u00e4rschlammentsorgung &#8211; ortsnah, zeitnah und zuverl\u00e4ssig &#8211; garantieren Kl\u00e4rwerkbetreibern h\u00f6chste Entsorgungssicherheit.<\/p>\n<\/div><\/section><\/p><\/div>\n<div  class='hr av-32mkox-0435e6cd7be76523e27c28ffcd945ed6 hr-default  avia-builder-el-4  el_after_av_one_full  el_before_av_one_half '><span class='hr-inner '><span class=\"hr-inner-style\"><\/span><\/span><\/div>\n<div  class='flex_column av-pjmswx-95b77e9716b8cc354bf1a7089725896d av_one_half  avia-builder-el-5  el_after_av_hr  el_before_av_one_half  first flex_column_div  '     ><section  class='av_textblock_section av-2fbvsh-661557f70a8262d17d96fc0ce26ac323 '   itemscope=\"itemscope\" itemtype=\"https:\/\/schema.org\/CreativeWork\" ><div class='avia_textblock'  itemprop=\"text\" ><h2>Fl\u00fcssigen und entw\u00e4sserten Kl\u00e4rschlamm entsorgen<\/h2>\n<p>Wir bieten unseren Vertragskommunen ein umfassendes, auf ihre speziellen Bedingungen zugeschnittenes Dienstleistungspaket:<\/p>\n<ul>\n<li>fachkompetent beraten,<\/li>\n<li>Kl\u00e4rschl\u00e4mme aufnehmen, abfahren und transportieren,<\/li>\n<li>vorschriftsgem\u00e4\u00df entsorgen oder verwerten &#8211; unter<br \/>\nErf\u00fcllung der gesetzlich vorgeschriebenen Dokumentationspflichten.<\/li>\n<\/ul>\n<h2><img loading=\"lazy\" decoding=\"async\" class=\"alignnone wp-image-1028 size-medium\" src=\"https:\/\/www.blunk-gruppe.de\/umwelt\/wp-content\/uploads\/sites\/8\/2017\/01\/Blunk-Klaerschlamm-entsorgenjpg-300x199.jpg\" alt=\"Blunk Kl\u00e4rschlamm entsorgen\" width=\"300\" height=\"199\" srcset=\"https:\/\/www.blunk-gruppe.de\/umwelt\/wp-content\/uploads\/sites\/8\/2017\/01\/Blunk-Klaerschlamm-entsorgenjpg-300x199.jpg 300w, https:\/\/www.blunk-gruppe.de\/umwelt\/wp-content\/uploads\/sites\/8\/2017\/01\/Blunk-Klaerschlamm-entsorgenjpg-705x467.jpg 705w, https:\/\/www.blunk-gruppe.de\/umwelt\/wp-content\/uploads\/sites\/8\/2017\/01\/Blunk-Klaerschlamm-entsorgenjpg-450x298.jpg 450w, https:\/\/www.blunk-gruppe.de\/umwelt\/wp-content\/uploads\/sites\/8\/2017\/01\/Blunk-Klaerschlamm-entsorgenjpg.jpg 710w\" sizes=\"auto, (max-width: 300px) 100vw, 300px\" \/><\/h2>\n<h2><\/h2>\n<\/div><\/section><br \/>\n\n<style type=\"text\/css\" data-created_by=\"avia_inline_auto\" id=\"style-css-av-crqy41-23a4d6ac1ba06a1b904168c31ee80334\">\n#top .hr.hr-invisible.av-crqy41-23a4d6ac1ba06a1b904168c31ee80334{\nheight:40px;\n}\n<\/style>\n<div  class='hr av-crqy41-23a4d6ac1ba06a1b904168c31ee80334 hr-invisible  avia-builder-el-7  el_after_av_textblock  avia-builder-el-last '><span class='hr-inner '><span class=\"hr-inner-style\"><\/span><\/span><\/div><\/p><\/div>\n\n<style type=\"text\/css\" data-created_by=\"avia_inline_auto\" id=\"style-css-av-28l981-3fb29533b75a1c1cbdd5fde4f31118bd\">\n.flex_column.av-28l981-3fb29533b75a1c1cbdd5fde4f31118bd{\nborder-radius:0px 0px 0px 0px;\npadding:0px 0px 0px 0px;\n}\n<\/style>\n<div  class='flex_column av-28l981-3fb29533b75a1c1cbdd5fde4f31118bd av_one_half  avia-builder-el-8  el_after_av_one_half  el_before_av_textblock  flex_column_div av-zero-column-padding  '     ><section  class='av_textblock_section av-k2t41d-d307e7234b7afddfd93fbdf2a44987ad '   itemscope=\"itemscope\" itemtype=\"https:\/\/schema.org\/CreativeWork\" ><div class='avia_textblock'  itemprop=\"text\" ><h2>Entsorgungsfachbetrieb Blunk<br \/>\nbietet Sicherheit<\/h2>\n<ul>\n<li>Qualifizierte Mitarbeiter,<\/li>\n<li>ein moderner Maschinenpark und<\/li>\n<li>die Kontrolle durch externe Gutachter,<br \/>\nder wir als zertifizierter Entsorgungsfachbetrieb uns mehrmals j\u00e4hrlich stellen,<\/li>\n<\/ul>\n<p>bedeuten f\u00fcr unsere kommunalen Auftraggeber ein H\u00f6chstma\u00df an Sicherheit und Verl\u00e4sslichkeit.<\/p>\n<h3>Geben Sie sich nicht mit weniger zufrieden!<\/h3>\n<\/div><\/section><br \/>\n<section  class='av_textblock_section av-kvzq6v3b-9681bf6d027a4dc2e5bb4a999fcef448 '   itemscope=\"itemscope\" itemtype=\"https:\/\/schema.org\/CreativeWork\" ><div class='avia_textblock'  itemprop=\"text\" ><p><img loading=\"lazy\" decoding=\"async\" class=\"alignleft wp-image-138 size-full\" src=\"https:\/\/www.blunk-gruppe.de\/umwelt\/wp-content\/uploads\/sites\/8\/2014\/06\/2014_01_23-BB-Blunk-SH-Druck.-Fachbetrieb.jpg\" alt=\"Entsorgungsfachbetrieb\" width=\"385\" height=\"221\" srcset=\"https:\/\/www.blunk-gruppe.de\/umwelt\/wp-content\/uploads\/sites\/8\/2014\/06\/2014_01_23-BB-Blunk-SH-Druck.-Fachbetrieb.jpg 385w, https:\/\/www.blunk-gruppe.de\/umwelt\/wp-content\/uploads\/sites\/8\/2014\/06\/2014_01_23-BB-Blunk-SH-Druck.-Fachbetrieb-300x172.jpg 300w\" sizes=\"auto, (max-width: 385px) 100vw, 385px\" \/><\/p>\n<\/div><\/section><br \/>\n<section  class='av_textblock_section av-kvb2uq5g-8944e22040224bf0decab19b69bb0f50 '   itemscope=\"itemscope\" itemtype=\"https:\/\/schema.org\/CreativeWork\" ><div class='avia_textblock'  itemprop=\"text\" ><p style=\"text-align: center;\"><a href=\"https:\/\/www.blunk-gruppe.de\/zertifikate\/\" target=\"_blank\" rel=\"noopener\">\u2192 Zertifikat von Downloadseite herunterladen<\/a><\/p>\n<\/div><\/section><\/p><\/div>\n<section  class='av_textblock_section av-2wtdtt-ed2c241fb92a070864903ab66e61268a '   itemscope=\"itemscope\" itemtype=\"https:\/\/schema.org\/CreativeWork\" ><div class='avia_textblock'  itemprop=\"text\" ><h2>Kl\u00e4rschlamm fachgerecht verwerten<\/h2>\n<p>Selbstverst\u00e4ndlich k\u00fcmmern wir uns nicht nur um die fachgerechte Abfuhr, sondern auch um <a href=\"https:\/\/www.blunk-gruppe.de\/agrar\/dienstleistungen\/duengen-mit-klaerschlamm\/\">\u2192 regionale Verwertungsm\u00f6glichkeiten f\u00fcr Ihren Kl\u00e4rschlamm<\/a>.<\/p>\n<\/div><\/section>\n<div  class='hr av-1wr5pt-5953400a347d7570df285672915ac890 hr-default  avia-builder-el-13  el_after_av_textblock  el_before_av_heading '><span class='hr-inner '><span class=\"hr-inner-style\"><\/span><\/span><\/div>\n\n<style type=\"text\/css\" data-created_by=\"avia_inline_auto\" id=\"style-css-av-34oiq9-85489b6ef727f1ed4b957b730ca21933\">\n#top .av-special-heading.av-34oiq9-85489b6ef727f1ed4b957b730ca21933{\npadding-bottom:30px;\n}\nbody .av-special-heading.av-34oiq9-85489b6ef727f1ed4b957b730ca21933 .av-special-heading-tag .heading-char{\nfont-size:25px;\n}\n.av-special-heading.av-34oiq9-85489b6ef727f1ed4b957b730ca21933 .av-subheading{\nfont-size:15px;\n}\n<\/style>\n<div  class='av-special-heading av-34oiq9-85489b6ef727f1ed4b957b730ca21933 av-special-heading-h2 meta-heading  avia-builder-el-14  el_after_av_hr  el_before_av_hr '><h2 class='av-special-heading-tag '  itemprop=\"headline\"  >Ihre Nachricht an uns<\/h2><div class=\"special-heading-border\"><div class=\"special-heading-inner-border\"><\/div><\/div><\/div>\n\n<style type=\"text\/css\" data-created_by=\"avia_inline_auto\" id=\"style-css-av-kl720gr7-e5ea908ab95fe3a93a47f009fdab0989\">\n#top .hr.hr-invisible.av-kl720gr7-e5ea908ab95fe3a93a47f009fdab0989{\nheight:20px;\n}\n<\/style>\n<div  class='hr av-kl720gr7-e5ea908ab95fe3a93a47f009fdab0989 hr-invisible  avia-builder-el-15  el_after_av_heading  el_before_av_textblock '><span class='hr-inner '><span class=\"hr-inner-style\"><\/span><\/span><\/div>\n<section  class='av_textblock_section av-kl720lgt-d5a1fc32b65936e2e203c3e29147a297 '   itemscope=\"itemscope\" itemtype=\"https:\/\/schema.org\/CreativeWork\" ><div class='avia_textblock'  itemprop=\"text\" >\n<div class=\"wpcf7 no-js\" id=\"wpcf7-f99999-o1\" lang=\"de-DE\" dir=\"ltr\" data-wpcf7-id=\"99999\">\n<div class=\"screen-reader-response\"><p role=\"status\" aria-live=\"polite\" aria-atomic=\"true\"><\/p> <ul><\/ul><\/div>\n<form action=\"\/umwelt\/wp-json\/wp\/v2\/pages\/1009#wpcf7-f99999-o1\" method=\"post\" class=\"wpcf7-form init\" aria-label=\"Kontaktformular\" novalidate=\"novalidate\" data-status=\"init\">\n<div style=\"display: none;\">\n<input type=\"hidden\" name=\"_wpcf7\" value=\"99999\" \/>\n<input type=\"hidden\" name=\"_wpcf7_version\" value=\"6.0.6\" \/>\n<input type=\"hidden\" name=\"_wpcf7_locale\" value=\"de_DE\" \/>\n<input type=\"hidden\" name=\"_wpcf7_unit_tag\" value=\"wpcf7-f99999-o1\" \/>\n<input type=\"hidden\" name=\"_wpcf7_container_post\" value=\"0\" \/>\n<input type=\"hidden\" name=\"_wpcf7_posted_data_hash\" value=\"\" \/>\n<\/div>\n<input class=\"wpcf7-form-control wpcf7-hidden\" value=\"mail@blunk-gruppe.de\" type=\"hidden\" name=\"recipient-email\" \/>\n<p>Bitte f\u00fcllen Sie mindestens die mit * gekennzeichneten Eingabefelder aus.\n<\/p>\n<div class=\"wps-form\">\n\t<div class=\"wps-form-row\">\n\t\t<div class=\"wps-form-column\">\n\t\t\t<p><label for=\"familyname\">Name* <span class=\"wpcf7-form-control-wrap\" data-name=\"familyname\"><input size=\"40\" maxlength=\"400\" class=\"wpcf7-form-control wpcf7-text wpcf7-validates-as-required\" id=\"familyname\" aria-required=\"true\" aria-invalid=\"false\" value=\"\" type=\"text\" name=\"familyname\" \/><\/span><\/label>\n\t\t\t<\/p>\n\t\t<\/div>\n\t\t<div class=\"wps-form-column\">\n\t\t\t<p><label for=\"email\">E-Mail* <span class=\"wpcf7-form-control-wrap\" data-name=\"email\"><input size=\"40\" maxlength=\"400\" class=\"wpcf7-form-control wpcf7-email wpcf7-validates-as-required wpcf7-text wpcf7-validates-as-email\" id=\"email\" aria-required=\"true\" aria-invalid=\"false\" value=\"\" type=\"email\" name=\"email\" \/><\/span><\/label>\n\t\t\t<\/p>\n\t\t<\/div>\n\t\t<div class=\"wps-form-column\">\n\t\t\t<p><label for=\"telefon\">Telefon <span class=\"wpcf7-form-control-wrap\" data-name=\"telefon\"><input size=\"40\" maxlength=\"400\" class=\"wpcf7-form-control wpcf7-text\" id=\"telefon\" aria-invalid=\"false\" value=\"\" type=\"text\" name=\"telefon\" \/><\/span><\/label>\n\t\t\t<\/p>\n\t\t<\/div>\n\t<\/div>\n\t<div class=\"wps-form-row\">\n\t\t<div class=\"wps-form-column\">\n\t\t\t<p><label for=\"subject\">Betreff* <span class=\"wpcf7-form-control-wrap\" data-name=\"subject\"><input size=\"40\" maxlength=\"400\" class=\"wpcf7-form-control wpcf7-text wpcf7-validates-as-required\" id=\"subject\" aria-required=\"true\" aria-invalid=\"false\" value=\"\" type=\"text\" name=\"subject\" \/><\/span><\/label>\n\t\t\t<\/p>\n\t\t<\/div>\n\t<\/div>\n\t<div class=\"wps-form-row\">\n\t\t<div class=\"wps-form-column\">\n\t\t\t<p><label for=\"message\">Nachricht* <span class=\"wpcf7-form-control-wrap\" data-name=\"message\"><textarea cols=\"40\" rows=\"10\" maxlength=\"2000\" class=\"wpcf7-form-control wpcf7-textarea wpcf7-validates-as-required\" id=\"message\" aria-required=\"true\" aria-invalid=\"false\" name=\"message\"><\/textarea><\/span><\/label>\n\t\t\t<\/p>\n\t\t<\/div>\n\t<\/div>\n\t<p><span class=\"wpcf7-form-control-wrap\" data-name=\"acceptance\"><span class=\"wpcf7-form-control wpcf7-acceptance\"><span class=\"wpcf7-list-item\"><label><input type=\"checkbox\" name=\"acceptance\" value=\"1\" aria-invalid=\"false\" \/><span class=\"wpcf7-list-item-label\"><a href=\"https:\/\/www.blunk-gruppe.de\/allgemeine-geschaeftsbedingungen\/\" target=\"_blank\">AGB<\/a> u. <a href=\"https:\/\/www.blunk-gruppe.de\/datenschutz\/\" target=\"_blank\">Datenschutzbestimmungen<\/a> akzeptieren.<\/span><\/label><\/span><\/span><\/span>\n\t<\/p>\n\t<p><span id=\"wpcf7-69e057f5937da-wrapper\" class=\"wpcf7-form-control-wrap phonenumber-wrap\" ><label for=\"wpcf7-69e057f5937da-field\" class=\"hp-message\">Bitte lasse dieses Feld leer.<\/label><input id=\"wpcf7-69e057f5937da-field\"  class=\"wpcf7-form-control wpcf7-text\" type=\"text\" name=\"phonenumber\" value=\"\" size=\"40\" tabindex=\"-1\" autocomplete=\"new-password\" \/><\/span>\n\t<\/p>\n\t<p><input class=\"wpcf7-form-control wpcf7-submit has-spinner\" type=\"submit\" value=\"Senden\" \/>\n\t<\/p>\n<\/div><div class=\"wpcf7-response-output\" aria-hidden=\"true\"><\/div>\n<\/form>\n<\/div>\n\n<\/div><\/section>","protected":false},"excerpt":{"rendered":"","protected":false},"author":39,"featured_media":0,"parent":1464,"menu_order":0,"comment_status":"open","ping_status":"open","template":"","meta":{"_acf_changed":false,"footnotes":""},"class_list":["post-1009","page","type-page","status-publish","hentry"],"acf":[],"_links":{"self":[{"href":"https:\/\/www.blunk-gruppe.de\/umwelt\/wp-json\/wp\/v2\/pages\/1009","targetHints":{"allow":["GET"]}}],"collection":[{"href":"https:\/\/www.blunk-gruppe.de\/umwelt\/wp-json\/wp\/v2\/pages"}],"about":[{"href":"https:\/\/www.blunk-gruppe.de\/umwelt\/wp-json\/wp\/v2\/types\/page"}],"author":[{"embeddable":true,"href":"https:\/\/www.blunk-gruppe.de\/umwelt\/wp-json\/wp\/v2\/users\/39"}],"replies":[{"embeddable":true,"href":"https:\/\/www.blunk-gruppe.de\/umwelt\/wp-json\/wp\/v2\/comments?post=1009"}],"version-history":[{"count":10,"href":"https:\/\/www.blunk-gruppe.de\/umwelt\/wp-json\/wp\/v2\/pages\/1009\/revisions"}],"predecessor-version":[{"id":100886,"href":"https:\/\/www.blunk-gruppe.de\/umwelt\/wp-json\/wp\/v2\/pages\/1009\/revisions\/100886"}],"up":[{"embeddable":true,"href":"https:\/\/www.blunk-gruppe.de\/umwelt\/wp-json\/wp\/v2\/pages\/1464"}],"wp:attachment":[{"href":"https:\/\/www.blunk-gruppe.de\/umwelt\/wp-json\/wp\/v2\/media?parent=1009"}],"curies":[{"name":"wp","href":"https:\/\/api.w.org\/{rel}","templated":true}]}}